{"id":63,"date":"2013-09-25T19:44:40","date_gmt":"2013-09-25T17:44:40","guid":{"rendered":"http:\/\/amatustra.de\/fotografie\/?page_id=63"},"modified":"2017-08-29T10:10:52","modified_gmt":"2017-08-29T08:10:52","slug":"details_hochzeitsfotografie","status":"publish","type":"page","link":"http:\/\/www.amatustra.de\/fotografie\/details_hochzeitsfotografie\/","title":{"rendered":"DETAILS"},"content":{"rendered":"<div class=\"wpb-content-wrapper\"><p>[vc_row][vc_column][napoli_custom_text_block title=&#8220;DETAILS&#8220; subtitle=&#8220;GESP\u00dcR F\u00dcR DETAILS&#8220;]<\/p>\n<blockquote><p>Das Besondere liegt oftmals im Detail. Daher gehen wir zuweilen mal n\u00e4her ran oder \u00e4ndern etwas die Perspektive. Und schon erscheint etwas in einem anderen Licht.<\/p>\n<p>Ob Ringe oder kreatives Accessoire. Ein Tattoo oder der Kleidersaum. Wir sp\u00fcren den Moment und entdecken die Details, die eine fotografische Hochzeitsdoku wertvoll machen.<\/p><\/blockquote>\n<p>[\/napoli_custom_text_block][napoli_justified_gallery type=&#8220;boxed_masonry&#8220; images=&#8220;4822,2424,4339,2225,2251,5593,2250,2230,2249,2243,2242,2241,2240,2238,2247,2236,2235,4174,2227,2224,5600,1567,4164,1513,5351,1402,1399,1400,4334,2228,1398,1396,2222,1394,4389,4381,4367,4343,4224,4332,4319,4274,4234,4218,4211,1523,4210,4209,1268,2423,1569,4176,4159,4154,3976,1388,4177,250,5357&#8243;][\/vc_column][\/vc_row]<\/p>\n<\/div>","protected":false},"excerpt":{"rendered":"<p>[vc_row][vc_column][napoli_custom_text_block title=&#8220;DETAILS&#8220; subtitle=&#8220;GESP\u00dcR F\u00dcR DETAILS&#8220;] Das Besondere liegt oftmals im Detail. Daher gehen wir zuweilen mal n\u00e4her ran oder \u00e4ndern etwas die Perspektive. Und schon erscheint etwas in einem anderen Licht. Ob Ringe oder kreatives Accessoire. Ein Tattoo oder der Kleidersaum. Wir sp\u00fcren den Moment und entdecken die Details, die eine fotografische Hochzeitsdoku wertvoll machen. [&hellip;]<\/p>\n","protected":false},"author":1,"featured_media":0,"parent":0,"menu_order":0,"comment_status":"closed","ping_status":"closed","template":"","meta":{"footnotes":""},"class_list":["post-63","page","type-page","status-publish","hentry"],"yoast_head":"<!-- This site is optimized with the Yoast SEO plugin v26.6 - https:\/\/yoast.com\/wordpress\/plugins\/seo\/ -->\n<title>DETAILS - amatustra fotografie |&nbsp;Hochzeitsfotografen &bull;&nbsp;Hochzeitsfilm &bull; Schwangerschaft-, Baby-, Kinder-, Familienfotos &bull;&nbsp;Event- und gewerbliche Fotografie<\/title>\n<meta name=\"description\" content=\"Die Kleinen Dinge und der Fokus auf das Besondere machen unsere Bilder so wertvoll. So geh\u00f6ren die Hochzeitdetails zu unserem Portfolio bei der Fotografie.\" \/>\n<meta name=\"robots\" content=\"index, follow, max-snippet:-1, max-image-preview:large, max-video-preview:-1\" \/>\n<link rel=\"canonical\" href=\"http:\/\/www.amatustra.de\/fotografie\/details_hochzeitsfotografie\/\" \/>\n<meta property=\"og:locale\" content=\"de_DE\" \/>\n<meta property=\"og:type\" content=\"article\" \/>\n<meta property=\"og:title\" content=\"DETAILS - amatustra fotografie |&nbsp;Hochzeitsfotografen &bull;&nbsp;Hochzeitsfilm &bull; Schwangerschaft-, Baby-, Kinder-, Familienfotos &bull;&nbsp;Event- und gewerbliche Fotografie\" \/>\n<meta property=\"og:description\" content=\"Die Kleinen Dinge und der Fokus auf das Besondere machen unsere Bilder so wertvoll. So geh\u00f6ren die Hochzeitdetails zu unserem Portfolio bei der Fotografie.\" \/>\n<meta property=\"og:url\" content=\"http:\/\/www.amatustra.de\/fotografie\/details_hochzeitsfotografie\/\" \/>\n<meta property=\"og:site_name\" content=\"amatustra fotografie |&nbsp;Hochzeitsfotografen &bull;&nbsp;Hochzeitsfilm &bull; Schwangerschaft-, Baby-, Kinder-, Familienfotos &bull;&nbsp;Event- und gewerbliche Fotografie\" \/>\n<meta property=\"article:publisher\" content=\"https:\/\/www.facebook.com\/amatustra\" \/>\n<meta property=\"article:modified_time\" content=\"2017-08-29T08:10:52+00:00\" \/>\n<meta name=\"twitter:card\" content=\"summary_large_image\" \/>\n<script type=\"application\/ld+json\" class=\"yoast-schema-graph\">{\"@context\":\"https:\/\/schema.org\",\"@graph\":[{\"@type\":\"WebPage\",\"@id\":\"http:\/\/www.amatustra.de\/fotografie\/details_hochzeitsfotografie\/\",\"url\":\"http:\/\/www.amatustra.de\/fotografie\/details_hochzeitsfotografie\/\",\"name\":\"DETAILS - amatustra fotografie |&nbsp;Hochzeitsfotografen &bull;&nbsp;Hochzeitsfilm &bull; Schwangerschaft-, Baby-, Kinder-, Familienfotos &bull;&nbsp;Event- und gewerbliche Fotografie\",\"isPartOf\":{\"@id\":\"http:\/\/www.amatustra.de\/fotografie\/#website\"},\"datePublished\":\"2013-09-25T17:44:40+00:00\",\"dateModified\":\"2017-08-29T08:10:52+00:00\",\"description\":\"Die Kleinen Dinge und der Fokus auf das Besondere machen unsere Bilder so wertvoll. So geh\u00f6ren die Hochzeitdetails zu unserem Portfolio bei der Fotografie.\",\"breadcrumb\":{\"@id\":\"http:\/\/www.amatustra.de\/fotografie\/details_hochzeitsfotografie\/#breadcrumb\"},\"inLanguage\":\"de\",\"potentialAction\":[{\"@type\":\"ReadAction\",\"target\":[\"http:\/\/www.amatustra.de\/fotografie\/details_hochzeitsfotografie\/\"]}]},{\"@type\":\"BreadcrumbList\",\"@id\":\"http:\/\/www.amatustra.de\/fotografie\/details_hochzeitsfotografie\/#breadcrumb\",\"itemListElement\":[{\"@type\":\"ListItem\",\"position\":1,\"name\":\"Startseite\",\"item\":\"http:\/\/www.amatustra.de\/fotografie\/\"},{\"@type\":\"ListItem\",\"position\":2,\"name\":\"DETAILS\"}]},{\"@type\":\"WebSite\",\"@id\":\"http:\/\/www.amatustra.de\/fotografie\/#website\",\"url\":\"http:\/\/www.amatustra.de\/fotografie\/\",\"name\":\"amatustra fotografie |&nbsp;Hochzeitsfotografen &bull;&nbsp;Hochzeitsfilm &bull; Schwangerschaft-, Baby-, Kinder-, Familienfotos &bull;&nbsp;Event- und gewerbliche Fotografie\",\"description\":\"\",\"publisher\":{\"@id\":\"http:\/\/www.amatustra.de\/fotografie\/#organization\"},\"potentialAction\":[{\"@type\":\"SearchAction\",\"target\":{\"@type\":\"EntryPoint\",\"urlTemplate\":\"http:\/\/www.amatustra.de\/fotografie\/?s={search_term_string}\"},\"query-input\":{\"@type\":\"PropertyValueSpecification\",\"valueRequired\":true,\"valueName\":\"search_term_string\"}}],\"inLanguage\":\"de\"},{\"@type\":\"Organization\",\"@id\":\"http:\/\/www.amatustra.de\/fotografie\/#organization\",\"name\":\"amatustra - strickroth & fiege fotografie\",\"url\":\"http:\/\/www.amatustra.de\/fotografie\/\",\"logo\":{\"@type\":\"ImageObject\",\"inLanguage\":\"de\",\"@id\":\"http:\/\/www.amatustra.de\/fotografie\/#\/schema\/logo\/image\/\",\"url\":\"http:\/\/www.amatustra.de\/fotografie\/wp-content\/uploads\/amatustra_fotografie_Logo__black_1338x412px.png\",\"contentUrl\":\"http:\/\/www.amatustra.de\/fotografie\/wp-content\/uploads\/amatustra_fotografie_Logo__black_1338x412px.png\",\"width\":1338,\"height\":412,\"caption\":\"amatustra - strickroth & fiege fotografie\"},\"image\":{\"@id\":\"http:\/\/www.amatustra.de\/fotografie\/#\/schema\/logo\/image\/\"},\"sameAs\":[\"https:\/\/www.facebook.com\/amatustra\",\"https:\/\/de.pinterest.com\/amatustra\/\",\"https:\/\/www.youtube.com\/user\/agency22\"]}]}<\/script>\n<!-- \/ Yoast SEO plugin. -->","yoast_head_json":{"title":"DETAILS - amatustra fotografie |&nbsp;Hochzeitsfotografen &bull;&nbsp;Hochzeitsfilm &bull; Schwangerschaft-, Baby-, Kinder-, Familienfotos &bull;&nbsp;Event- und gewerbliche Fotografie","description":"Die Kleinen Dinge und der Fokus auf das Besondere machen unsere Bilder so wertvoll. So geh\u00f6ren die Hochzeitdetails zu unserem Portfolio bei der Fotografie.","robots":{"index":"index","follow":"follow","max-snippet":"max-snippet:-1","max-image-preview":"max-image-preview:large","max-video-preview":"max-video-preview:-1"},"canonical":"http:\/\/www.amatustra.de\/fotografie\/details_hochzeitsfotografie\/","og_locale":"de_DE","og_type":"article","og_title":"DETAILS - amatustra fotografie |&nbsp;Hochzeitsfotografen &bull;&nbsp;Hochzeitsfilm &bull; Schwangerschaft-, Baby-, Kinder-, Familienfotos &bull;&nbsp;Event- und gewerbliche Fotografie","og_description":"Die Kleinen Dinge und der Fokus auf das Besondere machen unsere Bilder so wertvoll. So geh\u00f6ren die Hochzeitdetails zu unserem Portfolio bei der Fotografie.","og_url":"http:\/\/www.amatustra.de\/fotografie\/details_hochzeitsfotografie\/","og_site_name":"amatustra fotografie |&nbsp;Hochzeitsfotografen &bull;&nbsp;Hochzeitsfilm &bull; Schwangerschaft-, Baby-, Kinder-, Familienfotos &bull;&nbsp;Event- und gewerbliche Fotografie","article_publisher":"https:\/\/www.facebook.com\/amatustra","article_modified_time":"2017-08-29T08:10:52+00:00","twitter_card":"summary_large_image","schema":{"@context":"https:\/\/schema.org","@graph":[{"@type":"WebPage","@id":"http:\/\/www.amatustra.de\/fotografie\/details_hochzeitsfotografie\/","url":"http:\/\/www.amatustra.de\/fotografie\/details_hochzeitsfotografie\/","name":"DETAILS - amatustra fotografie |&nbsp;Hochzeitsfotografen &bull;&nbsp;Hochzeitsfilm &bull; Schwangerschaft-, Baby-, Kinder-, Familienfotos &bull;&nbsp;Event- und gewerbliche Fotografie","isPartOf":{"@id":"http:\/\/www.amatustra.de\/fotografie\/#website"},"datePublished":"2013-09-25T17:44:40+00:00","dateModified":"2017-08-29T08:10:52+00:00","description":"Die Kleinen Dinge und der Fokus auf das Besondere machen unsere Bilder so wertvoll. So geh\u00f6ren die Hochzeitdetails zu unserem Portfolio bei der Fotografie.","breadcrumb":{"@id":"http:\/\/www.amatustra.de\/fotografie\/details_hochzeitsfotografie\/#breadcrumb"},"inLanguage":"de","potentialAction":[{"@type":"ReadAction","target":["http:\/\/www.amatustra.de\/fotografie\/details_hochzeitsfotografie\/"]}]},{"@type":"BreadcrumbList","@id":"http:\/\/www.amatustra.de\/fotografie\/details_hochzeitsfotografie\/#breadcrumb","itemListElement":[{"@type":"ListItem","position":1,"name":"Startseite","item":"http:\/\/www.amatustra.de\/fotografie\/"},{"@type":"ListItem","position":2,"name":"DETAILS"}]},{"@type":"WebSite","@id":"http:\/\/www.amatustra.de\/fotografie\/#website","url":"http:\/\/www.amatustra.de\/fotografie\/","name":"amatustra fotografie |&nbsp;Hochzeitsfotografen &bull;&nbsp;Hochzeitsfilm &bull; Schwangerschaft-, Baby-, Kinder-, Familienfotos &bull;&nbsp;Event- und gewerbliche Fotografie","description":"","publisher":{"@id":"http:\/\/www.amatustra.de\/fotografie\/#organization"},"potentialAction":[{"@type":"SearchAction","target":{"@type":"EntryPoint","urlTemplate":"http:\/\/www.amatustra.de\/fotografie\/?s={search_term_string}"},"query-input":{"@type":"PropertyValueSpecification","valueRequired":true,"valueName":"search_term_string"}}],"inLanguage":"de"},{"@type":"Organization","@id":"http:\/\/www.amatustra.de\/fotografie\/#organization","name":"amatustra - strickroth & fiege fotografie","url":"http:\/\/www.amatustra.de\/fotografie\/","logo":{"@type":"ImageObject","inLanguage":"de","@id":"http:\/\/www.amatustra.de\/fotografie\/#\/schema\/logo\/image\/","url":"http:\/\/www.amatustra.de\/fotografie\/wp-content\/uploads\/amatustra_fotografie_Logo__black_1338x412px.png","contentUrl":"http:\/\/www.amatustra.de\/fotografie\/wp-content\/uploads\/amatustra_fotografie_Logo__black_1338x412px.png","width":1338,"height":412,"caption":"amatustra - strickroth & fiege fotografie"},"image":{"@id":"http:\/\/www.amatustra.de\/fotografie\/#\/schema\/logo\/image\/"},"sameAs":["https:\/\/www.facebook.com\/amatustra","https:\/\/de.pinterest.com\/amatustra\/","https:\/\/www.youtube.com\/user\/agency22"]}]}},"_links":{"self":[{"href":"http:\/\/www.amatustra.de\/fotografie\/wp-json\/wp\/v2\/pages\/63","targetHints":{"allow":["GET"]}}],"collection":[{"href":"http:\/\/www.amatustra.de\/fotografie\/wp-json\/wp\/v2\/pages"}],"about":[{"href":"http:\/\/www.amatustra.de\/fotografie\/wp-json\/wp\/v2\/types\/page"}],"author":[{"embeddable":true,"href":"http:\/\/www.amatustra.de\/fotografie\/wp-json\/wp\/v2\/users\/1"}],"replies":[{"embeddable":true,"href":"http:\/\/www.amatustra.de\/fotografie\/wp-json\/wp\/v2\/comments?post=63"}],"version-history":[{"count":11,"href":"http:\/\/www.amatustra.de\/fotografie\/wp-json\/wp\/v2\/pages\/63\/revisions"}],"predecessor-version":[{"id":5607,"href":"http:\/\/www.amatustra.de\/fotografie\/wp-json\/wp\/v2\/pages\/63\/revisions\/5607"}],"wp:attachment":[{"href":"http:\/\/www.amatustra.de\/fotografie\/wp-json\/wp\/v2\/media?parent=63"}],"curies":[{"name":"wp","href":"https:\/\/api.w.org\/{rel}","templated":true}]}}