{"id":6030,"date":"2018-01-24T12:05:42","date_gmt":"2018-01-24T11:05:42","guid":{"rendered":"http:\/\/www.amatustra.de\/fotografie\/?page_id=6030"},"modified":"2022-05-13T15:55:51","modified_gmt":"2022-05-13T13:55:51","slug":"empfehlungen","status":"publish","type":"page","link":"http:\/\/www.amatustra.de\/fotografie\/infos\/empfehlungen\/","title":{"rendered":"Empfehlungen"},"content":{"rendered":"<div class=\"wpb-content-wrapper\"><p>[vc_row gap=&#8220;1&#8243;][vc_column width=&#8220;3\/4&#8243;][napoli_custom_text_block subtitle=&#8220;EMPFEHLUNGEN&#8220;]Wir haben schon viel erlebt und gesehen und unsere Empfehlungen basieren auf unseren Erfahrungen.<br \/>\nWenn bei einem Event, z.B. bei eurer Hochzeit, noch W\u00fcnsche offen sind, ihr etwas Besonderes f\u00fcr den Nachwuchs sucht oder ihr einfach gerne st\u00f6bert, sind folgende Seiten bestimmt interessant f\u00fcr euch:<\/p>\n<p>&nbsp;<\/p>\n<p><a href=\"http:\/\/www.agency22.de\" target=\"_blank\" rel=\"noopener noreferrer\">agency22<br \/>\n<\/a>Home of amatustra.<br \/>\nFotobuch? Einladungs-\/Tischkarten? Men\u00fckarte? Danksagungen? Oder Werbung und Gesch\u00e4ftspapiere? Freelancerleistungen (Grafik Design, Kamera\/Regie\/Digital Artist) und rund-um-Service bei allen grafischen, videografischen, konzeptionellen und textlichen Fragen.<\/p>\n<p>&nbsp;<\/p>\n<p>&nbsp;<\/p>\n<h4>LOCATIONS<\/h4>\n<p><a title=\"https:\/\/www.schlosshotel-gedern.de\" href=\"https:\/\/www.schlosshotel-gedern.de\/\" target=\"_blank\" rel=\"noopener noreferrer\">SchlossHOTEL Gedern<br \/>\n<\/a>Eine traumhafte (Hochzeit-)Location, die alles an einem Ort bietet: (standesamtl.) Trauung, R\u00e4umlichkeiten f\u00fcr die Feier, Park, Hotel und Catering. Denn K\u00fcchenmeister Hubertus Schulz und sein Team sorgen hier f\u00fcr wunderbare Feste und beste Gaumenfreuden.<\/p>\n<p><a href=\"https:\/\/www.gedern.de\/dienstleistung\/anzeigen\/id\/23176\/vermietung-kulturremise.html\" target=\"_blank\" rel=\"noopener noreferrer\">KulturRemise<\/a> (Schlo\u00df Gedern)<br \/>\nDie Remise des Schlo\u00df Gedern wird von der Stadt Gedern vermietet, ist eine preisw\u00fcrdige Location und bietet eine angenehme Atmosph\u00e4re zum feiern. Mit dem Vorplatz f\u00fcr Grills u.\u00e4. kann sie separat angemietet werden.<br \/>\nDas Catering \u00fcbernimmt gerne ein Metzger aus dem Nachbarort.<\/p>\n<p><a href=\"http:\/\/www.herrenscheune-laubach.de\" target=\"_blank\" rel=\"noopener noreferrer\">Herrenscheune im Schloss Laubach<\/a><br \/>\nRomantische Ambiente. Gro\u00dfartige Feierlocation.<br \/>\nUnd das Beste, auch standesamtliche Trauungen sind in dem separetem Trauzimmer vor Ort m\u00f6glich.<\/p>\n<p><a href=\"https:\/\/www.burggleiberg.de\/gastronomie\/\" target=\"_blank\" rel=\"noopener noreferrer\">Burg Gleiberg\u00a0 |\u00a0 Gastronomie \u2022 Event \u2022 Kultur<\/a><br \/>\nDie romantische Burg Gleiberg, erbaut um das Jahr 1000 und auf einem 308 m hohen Basaltkegel \u00fcber Wettenberg gelegen, bietet einen stilvollen Rahmen f\u00fcr Hochzeiten, Feiern und Events in einem sch\u00f6nen Ambiente.<br \/>\nDie <a href=\"https:\/\/www.burggleiberg.de\/app\/download\/12160437225\/Banquettmappe_neu.pdf?t=1492275408\" target=\"_blank\" rel=\"noopener noreferrer\">Banquettmappe<\/a> gew\u00e4hrt Euch schon einen kleinen Einblick in die M\u00f6glichkeiten vor Ort.<\/p>\n<p><a href=\"https:\/\/wambacher-muehle.de\/\" target=\"_blank\" rel=\"noopener noreferrer\">Wambacher M\u00fchle<\/a><br \/>\nFeiern an einer besonderen Location &#8230; Lasst euch vom Charme der alten M\u00fchle begeistern.<\/p>\n<p><a href=\"https:\/\/www.bad-brueckenau.de\/de\/\" target=\"_blank\" rel=\"noopener noreferrer\">97769 Bad Br\u00fcckenau (Bayern)<\/a><br \/>\nKnapp 90 Minuten von Frankfurt am Main entfernt, kann in historischer Location direkt im gepflegten und gro\u00dfz\u00fcgigen Park gefeiert werden.<br \/>\nDer klassizistische K\u00f6nig Ludwig I.-Saal bietet sich zudem auch f\u00fcr gr\u00f6\u00dfere Feierlichkeiten an und das gegen\u00fcberliegende Dorint Hotel erm\u00f6glicht einen angenehmen Aufenthalt. .<br \/>\nDas Catering hat das Fuldarer Unternehmen <a href=\"http:\/\/www.genuss3catering.de\" target=\"_blank\" rel=\"noopener noreferrer\">Genu\u00df<sup>3<\/sup><\/a> exklusiv und ist ebenfalls zu empfehlen (Stand 05.2018).<\/p>\n<p><a href=\"http:\/\/www.battenheimerhof.com\/\" target=\"_blank\" rel=\"noopener noreferrer\">Battenheimer Hof<\/a><br \/>\nMalerische Location im Rheingau f\u00fcr bis zu 130 Personen.<\/p>\n<p><a href=\"http:\/\/www.nonnenau.de\/\" target=\"_blank\" rel=\"noopener noreferrer\">die nonnenau<\/a><br \/>\nGenie\u00dft einen unvergesslichen Tag auf einer der sch\u00f6nsten Terrassen am Rhein!<\/p>\n<p><a href=\"http:\/\/www.gewoelbesaal-butzbach.de\" target=\"_blank\" rel=\"noopener noreferrer\">Gew\u00f6lbesaal im Landgrafenschlo\u00df Butzbach<\/a><br \/>\nFeiert einen besonderen Tag in eurem Leben in einem angemessenen Rahmen.<\/p>\n<p><a href=\"http:\/\/www.rapps.de\/rapps_kelterei\/juice_factory\" target=\"_blank\" rel=\"noopener noreferrer\">Rapp&#8217;s Juice Factory<\/a><br \/>\nFeiert im denkmalgesch\u00fctzten Produktionsgeb\u00e4ude des ehemaligen Selzerbrunnens.<br \/>\nEine saftige Location!<\/p>\n<p><a href=\"http:\/\/www.steffens-herrnm\u00fchle.de\" target=\"_blank\" rel=\"noopener noreferrer\">Steffens Herrnm\u00fchle<\/a><br \/>\nRestaurant + Hotel + Garten = Feier!<\/p>\n<p>&nbsp;<\/p>\n<h4>DJ \/ MUSIK<\/h4>\n<p><a title=\"http:\/\/www.evergreen-djteam.de\" href=\"http:\/\/www.dj-bigfresh.com\/\" target=\"_blank\" rel=\"noopener noreferrer\">DJ Big Fresh<br \/>\n<\/a>Als Diplom-Musiker und mit unb\u00e4ndiger musikalischer Begeisterung sorgt er\u00a0<span class=\"\">nun schon seit \u00fcber 12 Jahren erfolgreich als DJ Big Fresh f\u00fcr eine gro\u00dfartige Stimmung und grandiose Partys in verschiedenen Bereichen wie Hochzeiten, Firmenfeiern, Events sowie Radio YOU FM, Hochschulpartys und auf Mein Schiff \/ Tui Cruises.<\/span><\/p>\n<p><a href=\"https:\/\/www.discobruder.de\/\" target=\"_blank\" rel=\"noopener noreferrer\">Discobruder<\/a><br \/>\n<span class=\"\">Die ungebremste Leidenschaft zur Musik hat daf\u00fcr gesorgt, dass der Discobruder aka. Holger Gerlach seit 1990 seine Abende und N\u00e4chte in unz\u00e4hligen Clubs und bei Hochzeiten\/Events hinter den Plattenspielern verbringt, um begeisterte T\u00e4nzer zu begl\u00fccken und \u00fcberzeugte Nichtt\u00e4nzer zu bekehren.<\/span><\/p>\n<p><a href=\"http:\/\/www.dbrothers.de\" target=\"_blank\" rel=\"noopener noreferrer\">dbrothers<\/a><br \/>\nDie Gebr\u00fcder Daub &#8230; Gut, dass wir zwei Daumen haben. Und die gehen beide hoch. Je einer f\u00fcr Thomas und einer f\u00fcr Daniel.<br \/>\nUnsere musikalische DJ-Empfehlung f\u00fcr Hochzeiten und Events.<\/p>\n<p><a title=\"http:\/\/www.evergreen-djteam.de\" href=\"http:\/\/www.dj-bocca.de\/\" target=\"_blank\" rel=\"noopener noreferrer\">DJ Bocca<br \/>\n<\/a>Macht aus einer Hochzeit ein musikalisches Fest.<\/p>\n<p><a title=\"http:\/\/www.evergreen-djteam.de\" href=\"http:\/\/www.evergreen-djteam.de\" target=\"_blank\" rel=\"noopener noreferrer\">Evergreen DJ-Team<br \/>\n<\/a>Musik zu Hochzeiten, Feiern und anderen Gelegenheiten.<\/p>\n<p><a title=\"http:\/\/djleonelray.com\" href=\"http:\/\/djleonelray.com\" target=\"_blank\" rel=\"noopener noreferrer\">DJ Leon El Ray<br \/>\n<\/a>Musik &amp; <a href=\"http:\/\/&lt;iframe width=&quot;1280&quot; height=&quot;720&quot; src=&quot;https:\/\/www.youtube.com\/embed\/nMIVZJUHqho?rel=0&amp;amp;controls=0&amp;amp;showinfo=0&quot; frameborder=&quot;0&quot; allowfullscreen&gt;&lt;\/iframe&gt;\" target=\"_blank\" rel=\"noopener noreferrer\">Emotion<\/a>.<\/p>\n<p>&nbsp;<\/p>\n<h4>CATERING<\/h4>\n<p><a href=\"http:\/\/www.talking-tables.de\" target=\"_blank\" rel=\"noopener noreferrer\">Talking Tables<\/a><br \/>\nJeder Mensch ist anders. Jedes Event ist anders. Jeder Gast ist anders. Und deswegen h\u00f6rt das Team von <em>Talking Tables<\/em> erst einmal ganz genau zu, was Ihr Euch w\u00fcnscht. Nur so ist die Perfektion zu erreichen, die eine gelungene Veranstaltung auszeichnet und die der Anspruch von <em>Talking Tables<\/em> ist.<\/p>\n<p><a href=\"http:\/\/www.catering-giessen.de\" target=\"_blank\" rel=\"noopener noreferrer\">Catering Gie\u00dfen<\/a><br \/>\nDas Team von <em>Catering Gie\u00dfen<\/em> steht f\u00fcr trendorientiertes Event-Catering und genussvolle Kreationen auf hohem Niveau.<\/p>\n<p>&nbsp;<\/p>\n<h4>(HOCHZEITS-)TORTE<\/h4>\n<p><a href=\"http:\/\/www.cupolicious.com\" target=\"_blank\" rel=\"noopener noreferrer\">Cupolicious<br \/>\n<\/a>Feine K\u00fcchlein. Kunstvoll und lecker.<\/p>\n<p>&nbsp;<\/p>\n<h4>VERLEIHSERVICE<\/h4>\n<p><a href=\"http:\/\/www.pg-vam.de\/\" target=\"_blank\" rel=\"noopener noreferrer\">Party Group<\/a><br \/>\nBraut und Br\u00e4utigam stehen fest, aber ansonsten fehlt noch einiges &#8230;<br \/>\nDie Party Group aus Bad Nauheim bietet eine umfangreiche Auswahl von Verleihartikeln rund um Veranstaltungen an.<\/p>\n<p>&nbsp;<\/p>\n<h4>HAIR\/MAKE-UP<\/h4>\n<p><a href=\"http:\/\/melli-horn.com\" target=\"_blank\" rel=\"noopener noreferrer\">Melli Horn<\/a> | Hair &amp; Make-Up Artist<br \/>\n<em>Die<\/em> L\u00f6sunge f\u00fcr die Braut.<\/p>\n<p>&nbsp;<\/p>\n<h4><strong>ENTSPANNUNG<\/strong><\/h4>\n<p><a href=\"http:\/\/pedilounge.de\/\">PediLounge<\/a><br \/>\nVor der Hochzeit noch einmal durchatmen und entspannen?<br \/>\nBei einer wohltuenden Fu\u00dfpflege\/Fu\u00dfreflexzonenmassage in der <em>PediLounge<\/em> werden die F\u00fc\u00dfe optimal auf den langen Hochzeitstag vorbereitet oder nach der langen Feier verw\u00f6hnt.<\/p>\n<p>&nbsp;<\/p>\n<h4>HOCHZEITSSEITEN<\/h4>\n<p><a href=\"https:\/\/www.wonderwed.de\/\" target=\"_blank\" rel=\"noopener noreferrer\">WonderWed<\/a><br \/>\nHochzeitsplanung leicht gemacht &#8230; Euren Fotografen und\/oder Videografen habt ihr ja schon mit uns\u00a0 ;o)<\/p>\n<p><a title=\"Hochzeit-Webkatalog\" href=\"http:\/\/\/www.hochzeit-webkatalog.de\" target=\"_blank\" rel=\"noopener noreferrer\">hochzeit-webkatalog<br \/>\n<\/a>Der Hochzeit-Webkatalog ist ein umfassendes Hochzeitsportal, in dem ihr gut sortiert n\u00fctzliche Tipps und viele Dienstleistungen f\u00fcr die Ausrichtung eurer Hochzeit findet.<\/p>\n<p><a title=\"Hochzeitsservice Online\" href=\"http:\/\/www.hochzeitsservice-online.de\" target=\"_blank\" rel=\"noopener noreferrer\"> hochzeitsservice-online<br \/>\n<\/a>F\u00fcr alle Bereiche rund um die Hochzeit findet ihr hier die passenden Links und Informationen, sehr \u00fcbersichtlich<br \/>\nnach Rubriken und Postleitzahlen geordnet.<\/p>\n<p><a href=\"http:\/\/www.alles-zur-hochzeit.de\" target=\"_blank\" rel=\"noopener noreferrer\">www.alles-zur-hochzeit.de<br \/>\n<\/a>Ideen und Anregungen f\u00fcr den sch\u00f6nsten Tag Deines Lebens.<\/p>\n<p>&nbsp;<\/p>\n<h4 class=\"font-normal w-700\">TIPPS\u00a0 |\u00a0 KUNST\u00a0 |\u00a0 KULTUR<\/h4>\n<p><a title=\"http:\/\/www.gelini.de\" href=\"http:\/\/margitseiler.de\/\" target=\"_blank\" rel=\"noopener noreferrer\">Margit Seiler<br \/>\n<\/a>Die K\u00fcnstlerin studierte bei Ulrich R\u00fcckriem und Thomas Bayrle an der St\u00e4delschule in Frankfurt am Main. Ihre Leidenschaft sind Skulpturen und Zeichnungen.<\/p>\n<p><a title=\"http:\/\/www.gelini.de\" href=\"http:\/\/www.gelini.de\" target=\"_blank\" rel=\"noopener noreferrer\">Gelini<\/a><br \/>\nAlles rund um die knuddeligen B\u00e4rchen des K\u00fcnstlers und Erschaffers J\u00f6rg Z.<\/p>\n<p><a href=\"http:\/\/christine-roth-hebamme.de\/\" target=\"_blank\" rel=\"noopener noreferrer\">Hebamme Christine Roth<br \/>\n<\/a>Christine Roth bietet neben der Beratung und Betreuung auch Geburtsvorbereitungskurse und R\u00fcckbildungsgymnastik an.[\/napoli_custom_text_block][\/vc_column][vc_column width=&#8220;1\/4&#8243;][\/vc_column][\/vc_row][vc_row gap=&#8220;1&#8243;][vc_column][napoli_custom_text_block]<\/p>\n<blockquote><p>Fragen, W\u00fcnsche oder buchen?<br \/>\nRuft einfach an oder meldet Euch per eMail oder per Kontaktformular.<br \/>\nTel. 06081.4460680\u00a0 |\u00a0 mobil: 0157.72563795 &amp; 0178.4911135<br \/>\nemail: <a href=\"mailto:klick@amatustra.de\">klick@amatustra.de<\/a>\u00a0 |\u00a0 <a title=\"Kontaktformular\" href=\"http:\/\/www.amatustra.de\/fotografie\/kontakt\/\">Kontaktformular<\/a><\/p><\/blockquote>\n<p>[\/napoli_custom_text_block][\/vc_column][\/vc_row]<\/p>\n<\/div>","protected":false},"excerpt":{"rendered":"<p>[vc_row gap=&#8220;1&#8243;][vc_column width=&#8220;3\/4&#8243;][napoli_custom_text_block subtitle=&#8220;EMPFEHLUNGEN&#8220;]Wir haben schon viel erlebt und gesehen und unsere Empfehlungen basieren auf unseren Erfahrungen. Wenn bei einem Event, z.B. bei eurer Hochzeit, noch W\u00fcnsche offen sind, ihr etwas Besonderes f\u00fcr den Nachwuchs sucht oder ihr einfach gerne st\u00f6bert, sind folgende Seiten bestimmt interessant f\u00fcr euch: &nbsp; agency22 Home of amatustra. Fotobuch? Einladungs-\/Tischkarten? [&hellip;]<\/p>\n","protected":false},"author":1,"featured_media":0,"parent":4492,"menu_order":0,"comment_status":"closed","ping_status":"closed","template":"","meta":{"footnotes":""},"class_list":["post-6030","page","type-page","status-publish","hentry"],"yoast_head":"<!-- This site is optimized with the Yoast SEO plugin v26.6 - https:\/\/yoast.com\/wordpress\/plugins\/seo\/ -->\n<title>Empfehlungen - amatustra fotografie |&nbsp;Hochzeitsfotografen &bull;&nbsp;Hochzeitsfilm &bull; Schwangerschaft-, Baby-, Kinder-, Familienfotos &bull;&nbsp;Event- und gewerbliche Fotografie<\/title>\n<meta name=\"description\" content=\"Auf unserer Seite &quot;Empfehlungen&quot; findet ihr Links zu Anbietern, die wir pers\u00f6nlich kennen gelernt haben und guten Gewissens empfehlen k\u00f6nnen.\" \/>\n<meta name=\"robots\" content=\"index, follow, max-snippet:-1, max-image-preview:large, max-video-preview:-1\" \/>\n<link rel=\"canonical\" href=\"http:\/\/www.amatustra.de\/fotografie\/infos\/empfehlungen\/\" \/>\n<meta property=\"og:locale\" content=\"de_DE\" \/>\n<meta property=\"og:type\" content=\"article\" \/>\n<meta property=\"og:title\" content=\"Empfehlungen - amatustra fotografie |&nbsp;Hochzeitsfotografen &bull;&nbsp;Hochzeitsfilm &bull; Schwangerschaft-, Baby-, Kinder-, Familienfotos &bull;&nbsp;Event- und gewerbliche Fotografie\" \/>\n<meta property=\"og:description\" content=\"Auf unserer Seite &quot;Empfehlungen&quot; findet ihr Links zu Anbietern, die wir pers\u00f6nlich kennen gelernt haben und guten Gewissens empfehlen k\u00f6nnen.\" \/>\n<meta property=\"og:url\" content=\"http:\/\/www.amatustra.de\/fotografie\/infos\/empfehlungen\/\" \/>\n<meta property=\"og:site_name\" content=\"amatustra fotografie |&nbsp;Hochzeitsfotografen &bull;&nbsp;Hochzeitsfilm &bull; Schwangerschaft-, Baby-, Kinder-, Familienfotos &bull;&nbsp;Event- und gewerbliche Fotografie\" \/>\n<meta property=\"article:publisher\" content=\"https:\/\/www.facebook.com\/amatustra\" \/>\n<meta property=\"article:modified_time\" content=\"2022-05-13T13:55:51+00:00\" \/>\n<meta name=\"twitter:card\" content=\"summary_large_image\" \/>\n<meta name=\"twitter:label1\" content=\"Gesch\u00e4tzte Lesezeit\" \/>\n\t<meta name=\"twitter:data1\" content=\"5\u00a0Minuten\" \/>\n<script type=\"application\/ld+json\" class=\"yoast-schema-graph\">{\"@context\":\"https:\/\/schema.org\",\"@graph\":[{\"@type\":\"WebPage\",\"@id\":\"http:\/\/www.amatustra.de\/fotografie\/infos\/empfehlungen\/\",\"url\":\"http:\/\/www.amatustra.de\/fotografie\/infos\/empfehlungen\/\",\"name\":\"Empfehlungen - amatustra fotografie |&nbsp;Hochzeitsfotografen &bull;&nbsp;Hochzeitsfilm &bull; Schwangerschaft-, Baby-, Kinder-, Familienfotos &bull;&nbsp;Event- und gewerbliche Fotografie\",\"isPartOf\":{\"@id\":\"http:\/\/www.amatustra.de\/fotografie\/#website\"},\"datePublished\":\"2018-01-24T11:05:42+00:00\",\"dateModified\":\"2022-05-13T13:55:51+00:00\",\"description\":\"Auf unserer Seite \\\"Empfehlungen\\\" findet ihr Links zu Anbietern, die wir pers\u00f6nlich kennen gelernt haben und guten Gewissens empfehlen k\u00f6nnen.\",\"breadcrumb\":{\"@id\":\"http:\/\/www.amatustra.de\/fotografie\/infos\/empfehlungen\/#breadcrumb\"},\"inLanguage\":\"de\",\"potentialAction\":[{\"@type\":\"ReadAction\",\"target\":[\"http:\/\/www.amatustra.de\/fotografie\/infos\/empfehlungen\/\"]}]},{\"@type\":\"BreadcrumbList\",\"@id\":\"http:\/\/www.amatustra.de\/fotografie\/infos\/empfehlungen\/#breadcrumb\",\"itemListElement\":[{\"@type\":\"ListItem\",\"position\":1,\"name\":\"Startseite\",\"item\":\"http:\/\/www.amatustra.de\/fotografie\/\"},{\"@type\":\"ListItem\",\"position\":2,\"name\":\"Infos\",\"item\":\"http:\/\/www.amatustra.de\/fotografie\/infos\/\"},{\"@type\":\"ListItem\",\"position\":3,\"name\":\"Empfehlungen\"}]},{\"@type\":\"WebSite\",\"@id\":\"http:\/\/www.amatustra.de\/fotografie\/#website\",\"url\":\"http:\/\/www.amatustra.de\/fotografie\/\",\"name\":\"amatustra fotografie |&nbsp;Hochzeitsfotografen &bull;&nbsp;Hochzeitsfilm &bull; Schwangerschaft-, Baby-, Kinder-, Familienfotos &bull;&nbsp;Event- und gewerbliche Fotografie\",\"description\":\"\",\"publisher\":{\"@id\":\"http:\/\/www.amatustra.de\/fotografie\/#organization\"},\"potentialAction\":[{\"@type\":\"SearchAction\",\"target\":{\"@type\":\"EntryPoint\",\"urlTemplate\":\"http:\/\/www.amatustra.de\/fotografie\/?s={search_term_string}\"},\"query-input\":{\"@type\":\"PropertyValueSpecification\",\"valueRequired\":true,\"valueName\":\"search_term_string\"}}],\"inLanguage\":\"de\"},{\"@type\":\"Organization\",\"@id\":\"http:\/\/www.amatustra.de\/fotografie\/#organization\",\"name\":\"amatustra - strickroth & fiege fotografie\",\"url\":\"http:\/\/www.amatustra.de\/fotografie\/\",\"logo\":{\"@type\":\"ImageObject\",\"inLanguage\":\"de\",\"@id\":\"http:\/\/www.amatustra.de\/fotografie\/#\/schema\/logo\/image\/\",\"url\":\"http:\/\/www.amatustra.de\/fotografie\/wp-content\/uploads\/amatustra_fotografie_Logo__black_1338x412px.png\",\"contentUrl\":\"http:\/\/www.amatustra.de\/fotografie\/wp-content\/uploads\/amatustra_fotografie_Logo__black_1338x412px.png\",\"width\":1338,\"height\":412,\"caption\":\"amatustra - strickroth & fiege fotografie\"},\"image\":{\"@id\":\"http:\/\/www.amatustra.de\/fotografie\/#\/schema\/logo\/image\/\"},\"sameAs\":[\"https:\/\/www.facebook.com\/amatustra\",\"https:\/\/de.pinterest.com\/amatustra\/\",\"https:\/\/www.youtube.com\/user\/agency22\"]}]}<\/script>\n<!-- \/ Yoast SEO plugin. -->","yoast_head_json":{"title":"Empfehlungen - amatustra fotografie |&nbsp;Hochzeitsfotografen &bull;&nbsp;Hochzeitsfilm &bull; Schwangerschaft-, Baby-, Kinder-, Familienfotos &bull;&nbsp;Event- und gewerbliche Fotografie","description":"Auf unserer Seite \"Empfehlungen\" findet ihr Links zu Anbietern, die wir pers\u00f6nlich kennen gelernt haben und guten Gewissens empfehlen k\u00f6nnen.","robots":{"index":"index","follow":"follow","max-snippet":"max-snippet:-1","max-image-preview":"max-image-preview:large","max-video-preview":"max-video-preview:-1"},"canonical":"http:\/\/www.amatustra.de\/fotografie\/infos\/empfehlungen\/","og_locale":"de_DE","og_type":"article","og_title":"Empfehlungen - amatustra fotografie |&nbsp;Hochzeitsfotografen &bull;&nbsp;Hochzeitsfilm &bull; Schwangerschaft-, Baby-, Kinder-, Familienfotos &bull;&nbsp;Event- und gewerbliche Fotografie","og_description":"Auf unserer Seite \"Empfehlungen\" findet ihr Links zu Anbietern, die wir pers\u00f6nlich kennen gelernt haben und guten Gewissens empfehlen k\u00f6nnen.","og_url":"http:\/\/www.amatustra.de\/fotografie\/infos\/empfehlungen\/","og_site_name":"amatustra fotografie |&nbsp;Hochzeitsfotografen &bull;&nbsp;Hochzeitsfilm &bull; Schwangerschaft-, Baby-, Kinder-, Familienfotos &bull;&nbsp;Event- und gewerbliche Fotografie","article_publisher":"https:\/\/www.facebook.com\/amatustra","article_modified_time":"2022-05-13T13:55:51+00:00","twitter_card":"summary_large_image","twitter_misc":{"Gesch\u00e4tzte Lesezeit":"5\u00a0Minuten"},"schema":{"@context":"https:\/\/schema.org","@graph":[{"@type":"WebPage","@id":"http:\/\/www.amatustra.de\/fotografie\/infos\/empfehlungen\/","url":"http:\/\/www.amatustra.de\/fotografie\/infos\/empfehlungen\/","name":"Empfehlungen - amatustra fotografie |&nbsp;Hochzeitsfotografen &bull;&nbsp;Hochzeitsfilm &bull; Schwangerschaft-, Baby-, Kinder-, Familienfotos &bull;&nbsp;Event- und gewerbliche Fotografie","isPartOf":{"@id":"http:\/\/www.amatustra.de\/fotografie\/#website"},"datePublished":"2018-01-24T11:05:42+00:00","dateModified":"2022-05-13T13:55:51+00:00","description":"Auf unserer Seite \"Empfehlungen\" findet ihr Links zu Anbietern, die wir pers\u00f6nlich kennen gelernt haben und guten Gewissens empfehlen k\u00f6nnen.","breadcrumb":{"@id":"http:\/\/www.amatustra.de\/fotografie\/infos\/empfehlungen\/#breadcrumb"},"inLanguage":"de","potentialAction":[{"@type":"ReadAction","target":["http:\/\/www.amatustra.de\/fotografie\/infos\/empfehlungen\/"]}]},{"@type":"BreadcrumbList","@id":"http:\/\/www.amatustra.de\/fotografie\/infos\/empfehlungen\/#breadcrumb","itemListElement":[{"@type":"ListItem","position":1,"name":"Startseite","item":"http:\/\/www.amatustra.de\/fotografie\/"},{"@type":"ListItem","position":2,"name":"Infos","item":"http:\/\/www.amatustra.de\/fotografie\/infos\/"},{"@type":"ListItem","position":3,"name":"Empfehlungen"}]},{"@type":"WebSite","@id":"http:\/\/www.amatustra.de\/fotografie\/#website","url":"http:\/\/www.amatustra.de\/fotografie\/","name":"amatustra fotografie |&nbsp;Hochzeitsfotografen &bull;&nbsp;Hochzeitsfilm &bull; Schwangerschaft-, Baby-, Kinder-, Familienfotos &bull;&nbsp;Event- und gewerbliche Fotografie","description":"","publisher":{"@id":"http:\/\/www.amatustra.de\/fotografie\/#organization"},"potentialAction":[{"@type":"SearchAction","target":{"@type":"EntryPoint","urlTemplate":"http:\/\/www.amatustra.de\/fotografie\/?s={search_term_string}"},"query-input":{"@type":"PropertyValueSpecification","valueRequired":true,"valueName":"search_term_string"}}],"inLanguage":"de"},{"@type":"Organization","@id":"http:\/\/www.amatustra.de\/fotografie\/#organization","name":"amatustra - strickroth & fiege fotografie","url":"http:\/\/www.amatustra.de\/fotografie\/","logo":{"@type":"ImageObject","inLanguage":"de","@id":"http:\/\/www.amatustra.de\/fotografie\/#\/schema\/logo\/image\/","url":"http:\/\/www.amatustra.de\/fotografie\/wp-content\/uploads\/amatustra_fotografie_Logo__black_1338x412px.png","contentUrl":"http:\/\/www.amatustra.de\/fotografie\/wp-content\/uploads\/amatustra_fotografie_Logo__black_1338x412px.png","width":1338,"height":412,"caption":"amatustra - strickroth & fiege fotografie"},"image":{"@id":"http:\/\/www.amatustra.de\/fotografie\/#\/schema\/logo\/image\/"},"sameAs":["https:\/\/www.facebook.com\/amatustra","https:\/\/de.pinterest.com\/amatustra\/","https:\/\/www.youtube.com\/user\/agency22"]}]}},"_links":{"self":[{"href":"http:\/\/www.amatustra.de\/fotografie\/wp-json\/wp\/v2\/pages\/6030","targetHints":{"allow":["GET"]}}],"collection":[{"href":"http:\/\/www.amatustra.de\/fotografie\/wp-json\/wp\/v2\/pages"}],"about":[{"href":"http:\/\/www.amatustra.de\/fotografie\/wp-json\/wp\/v2\/types\/page"}],"author":[{"embeddable":true,"href":"http:\/\/www.amatustra.de\/fotografie\/wp-json\/wp\/v2\/users\/1"}],"replies":[{"embeddable":true,"href":"http:\/\/www.amatustra.de\/fotografie\/wp-json\/wp\/v2\/comments?post=6030"}],"version-history":[{"count":27,"href":"http:\/\/www.amatustra.de\/fotografie\/wp-json\/wp\/v2\/pages\/6030\/revisions"}],"predecessor-version":[{"id":7964,"href":"http:\/\/www.amatustra.de\/fotografie\/wp-json\/wp\/v2\/pages\/6030\/revisions\/7964"}],"up":[{"embeddable":true,"href":"http:\/\/www.amatustra.de\/fotografie\/wp-json\/wp\/v2\/pages\/4492"}],"wp:attachment":[{"href":"http:\/\/www.amatustra.de\/fotografie\/wp-json\/wp\/v2\/media?parent=6030"}],"curies":[{"name":"wp","href":"https:\/\/api.w.org\/{rel}","templated":true}]}}