{"id":6019,"date":"2018-01-24T11:39:07","date_gmt":"2018-01-24T10:39:07","guid":{"rendered":"http:\/\/www.amatustra.de\/fotografie\/?page_id=6019"},"modified":"2018-01-24T11:39:07","modified_gmt":"2018-01-24T10:39:07","slug":"faq","status":"publish","type":"page","link":"http:\/\/www.amatustra.de\/fotografie\/infos\/faq\/","title":{"rendered":"FAQ"},"content":{"rendered":"<div class=\"wpb-content-wrapper\"><p>[vc_row gap=&#8220;1&#8243;][vc_column width=&#8220;3\/4&#8243;][napoli_custom_text_block subtitle=&#8220;FRAGEN &amp; ANTWORTEN&#8220;]<strong>Welche Einatzorte werden von euch angeboten?<\/strong><\/p>\n<p>Wir sind im Taunus ans\u00e4ssig und bedienen grunds\u00e4tzlich das gesamte Rhein-Main-Gebiet.<br \/>\nBei Hochzeiten, Events, in der Werbung und im Bereich PR arbeiten wir deutschlandweit und international.<br \/>\nFragt uns nach einem unverbindlichen Angebot.<br \/>\nTel.: 06081.4460680 \/ Mail: <a href=\"mailto: klick@amatustra.de\">klick(at)amatustra.de<\/a> \/ <a href=\"http:\/\/www.amatustra.de\/fotografie\/kontakt\/\">Kontaktformular<\/a> \/<\/p>\n<p>&nbsp;<\/p>\n<p><strong>Wo findet die <a href=\"http:\/\/www.amatustra.de\/fotografie\/produkte\/privatfotos\/\">Privatfotografie<\/a> statt (Schwangerschaft-, Baby-, Kinder- und Familienfotografie)?<\/strong><\/p>\n<p>Bei der Kleinkinder-,Baby- und Schwangerenfotografie arbeiten wir gerne in vertrauter Atmosph\u00e4re. Die Baby- und Schwangerenaufnahmen erstellen wir daher sehr gerne bei euch zu Hause, denn dort l\u00e4sst sich alles flexibel und zwanglos gestalten und es ist alles sch\u00f6n kuschelig und vertraut f\u00fcr euch und euer Baby. Denn euer Zuhause ist das beste &#8222;Studio&#8220; f\u00fcr euer &#8222;Goldst\u00fcck&#8220;.<br \/>\n&#8222;Gr\u00f6\u00dfere&#8220; Kinder fotografieren wir auch unterwegs, im Zoo, bei einer Auff\u00fchrung, beim Toben oder einfach im Garten, Park und Wald oder auf dem Spielplatz. Denn unser Markenzeichen ist die Lifestylefotografie. Wir fangen den Augenblick ein, den uns die Kinder schenken. Wir begleiten euch und agieren sensibel und individuell, so dass es allen Spass macht und der Moment lebendig und authentisch eingefangen wird.<\/p>\n<p>&nbsp;<\/p>\n<p><strong>Offeriert ihr auch Kindergartenfotos?<\/strong><\/p>\n<p>Ja, Anke ist daf\u00fcr zust\u00e4ndig und h\u00e4lt ein sch\u00f6nes Kindergartenpaket parat.<br \/>\nSpa\u00df f\u00fcr die Kinder und eine perfekte L\u00f6sung f\u00fcr ErzieherInnen und Eltern.<\/p>\n<p>&nbsp;<\/p>\n<p><strong>Ich h\u00e4tte auch gerne Fotos wie bei dem Thema &#8222;Sinnlichkeit&#8220;. Wie l\u00e4uft das ab?<\/strong><\/p>\n<p>Auch f\u00fcr das Segment <a href=\"http:\/\/www.amatustra.de\/fotografie\/produkte\/sinnlichkeit_boudoir-fotografie\/\"><em>Sinnlichkeit<\/em><\/a> ist bei uns im Hause Anke zust\u00e4ndig.<br \/>\nDer Fotosession geht eine einf\u00fchlsame telefonatische Beratung voraus. In dem Gespr\u00e4ch werden deine W\u00fcnsche und die m\u00f6gliche\/n Location\/s abgestimmt.<br \/>\nOb zu Hause, auf dem Feld, am See, im Wald. Alles ist m\u00f6glich.<\/p>\n<p>&nbsp;<\/p>\n<p><strong>Warum seid ihr mit der Hochzeitsfotografie auch oft im Freiburger Raum oder in Marburg unterwegs?<\/strong><\/p>\n<p>Insbesonder in und um Freiburg im Breisgau und Marburg an der Lahn begleiten wir sehr gerne <a href=\"http:\/\/www.amatustra.de\/fotografie\/produkte\/hochzeitsfotografie\/\">Hochzeiten<\/a>. Denn Anke ist geb\u00fcrtige Freiburgerin und Stephan stammt aus Marburg. Dieser Aspekt schafft f\u00fcr uns g\u00fcnstige Rahmenbedingungen vor Ort, was sich f\u00fcr Euch auch preislich positiv ausdr\u00fcckt.<\/p>\n<p>&nbsp;<\/p>\n<p><strong>Wie l\u00e4uft die Hochzeitsfotografie bei euch ab?<\/strong><\/p>\n<p>Jede <a href=\"http:\/\/www.amatustra.de\/fotografie\/produkte\/hochzeitsfotografie\/\">Hochzeit<\/a> ist einzigartig. Gut, dass wir \u00fcber viel Erfahrung verf\u00fcgen.<br \/>\nSpeziell im Bereich der Hochzeitsfotografie freuen wir uns \u00fcber eine fr\u00fche Kontaktaufnahme. Denn wir m\u00f6chten Ihren Tag so planen, dass terminlich alles passt, wir eure W\u00fcnsche im Vorfeld kennen lernen, und alles so abl\u00e4uft, wie ihr es euch vorstellt und ihr euch rundum wohl f\u00fchlt.<br \/>\nDar\u00fcber hinaus erfahrt ihr von uns, was es bez\u00fcglich der Fotografie im Standesamt, der Kirche etc. alles zu bedenken gibt.<br \/>\nDie Fotos sind in der Regel nach euren Flitterwochen fertig (in der Regel nach ca. drei bis vier Wochen). Denn w\u00e4hrend ihr chilled und &#8222;flittern&#8220; werden alle selektierten Fotos von professionell bearbeitet. Unmittelbar nach Bearbeitung k\u00f6nnt ihr die Fotos in einem gesch\u00fctzten Bereich im Internet betrachten.<br \/>\nEin Datentr\u00e4ger (CD\/DVD) mit den Bildern, das Buch oder die Abz\u00fcge werden euch postalisch zugestellt.<br \/>\nBei unseren 8 bis 12-Stunden Editionen d\u00fcrft ihr mit ca. 500 bis 1000 Bildern rechnen.<br \/>\nUnd ganz wichtig: Bei uns gibt es keine \u201eversteckten\u201c Kosten. Ihr erhaltet ein ausf\u00fchrliches Angebot mit exakter Leistungsbeschreibung und am Ende alle selektierten Fotos als jpg-Files.<\/p>\n<p>&nbsp;<\/p>\n<p><strong>Habe ich am Ende einer privaten Fotosession oder meiner Hochzeit alle Bilder?<\/strong><\/p>\n<p>Ihr erhaltet nach Abschluss der Arbeiten einen Datentr\u00e4ger mit den selektierten und bearbeiteten Fotos, die ihr privat, also nicht gewerblich\/werblich, einsetzen d\u00fcrft.<br \/>\nDie Bilder liegen euch als JPEG in hoher Aufl\u00f6sung vor, so dass ein Fotoautomat die Dateigr\u00f6\u00dfe noch abarbeiten kann und auch gro\u00dfformatige Printprodukte erstellt werden k\u00f6nnen. Auf Wunsch wird zudem f\u00fcr ein ausgew\u00e4hltes Motiv, das bspw. als Poster, Alu-Dibond o.\u00e4. realisiert werden soll, ein noch &#8222;h\u00f6her aufgel\u00f6stes&#8220; jpg-File erstellt.<\/p>\n<p>&nbsp;<\/p>\n<p><strong>Kann ich an den DJ, der Location oder anderen Dienstleistern meine Hochzeitsfotos weitergeben?<\/strong><\/p>\n<p>Bei der Hochzeitsfotografie ist im Paketpreis die Lizenz f\u00fcr die private Nutzung der Fotos enthalten.<br \/>\nM\u00f6chtet ihr Bilder an einen gewerblichen Anbieter zur Eigendarstellung weitergeben, fallen f\u00fcr diesen Lizenzgeb\u00fchren an.<br \/>\nSehr gerne kann uns der Anbieter direkt kontaktieren. Wir stimmen dann zudem die jew. Pers\u00f6nlichkeitsrechte mit Euch ab.<br \/>\nLiest sich kompliziert, ist aber einfach, &#8222;sauber&#8220; und fair.<\/p>\n<p>&nbsp;<\/p>\n<p><strong>Ihr habt viele schwarz-wei\u00df Fotos in euren Galerien. Wie legt Ihr den &#8222;Look&#8220; fest?<\/strong><\/p>\n<p>Den finalen Look definieren wir in Grundz\u00fcgen mit euch im Vorgespr\u00e4ch. Oder ihr vertraut auf unsere Professionalit\u00e4t in der Nachbearbeitung. Denn wir graden nach Bildaufbau und -inhalt. Dabei wird auch nicht nur auf s\/w &#8222;geklickt&#8220;, sondern an zahlreichen Parametern gearbeitet, um ein optimales und ausdruckstarkes Ergebnis zu erreichen.<\/p>\n<p>&nbsp;<\/p>\n<p><strong>Wieviel Zeit muss ich f\u00fcr die Paarfotos bei der Hochzeit einplanen und was gibt es sonst noch zu bedenken?<\/strong><\/p>\n<p>Die Hochzeitsfotografie ist eine anspruchsvolle Kunst, da vieles schnell passiert und es einiges zu beachten gibt.<br \/>\nDaher besprechen wir mit allen Paaren im Vorfeld den geplanten Tagesablauf. Wir kl\u00e4ren unsere Optionen im Standesamt und\/oder in der Kirche, fragen nach W\u00fcnschen und Vorstellungen.<br \/>\nF\u00fcr die Paarfotos h\u00e4tten wir gerne 0,75 bis 1,5 Std. eingeplant.<\/p>\n<p>&nbsp;<\/p>\n<p><strong>Kann ich bei euch einen unverbindlichen Termin f\u00fcr Hochzeitsfotos reservieren?<\/strong><\/p>\n<p>Wir sind sehr flexibel und serviceorientiert, aber wir haben unsere Grenzen bei der Terminfixierung.<br \/>\nBei privaten und auch gewerblichen Fototerminen sind &#8222;Optionen&#8220; m\u00f6glich, da sich die Termine von beiden Seiten im Notfall verschieben lassen.<br \/>\nIm Bereich der Hochzeitsfotografie, wo wir oft einen ganzen Tag unterwegs sind, k\u00f6nnen wir Termine erst nach einer verbinlidchen Beauftragung reservieren bzw. fixieren; eine Sicherheit, die f\u00fcr beide Seiten wichtig ist.<\/p>\n<p>&nbsp;<\/p>\n<p><strong>Habt Ihr auch eine Photo-Booth-L\u00f6sung?<\/strong><\/p>\n<p>Photo-Booth, Selfi-Station, Fotoecke, Selbstausl\u00f6ser, <a href=\"http:\/\/www.amatustra.de\/fotografie\/produkte\/fotobox_iclick_photobooth_hochzeit_wedding\/\">iClick<\/a> \u2013 wie auch immer es f\u00fcr euch hei\u00dfen mag &#8230;<br \/>\nJa, haben wir! Eine Komplettl\u00f6sung mit Kamera, Screen und Drahtausl\u00f6ser. Alles in einem schicken Holzkasten und auf einem soliden Stativ mit Dauerlicht (LED).<br \/>\nUnd das Beste: wird die Station zu einer Hochzeitsedition gebucht, gibt es einen sch\u00f6nen Paketpreis. Aber das Allerbeste sind nat\u00fcrlich die Ergebnisse.<\/p>\n<p>&nbsp;<\/p>\n<p><strong>K\u00f6nnt Ihr mir Tipps rund um meine Hochzeit geben?<\/strong><\/p>\n<p>Wir haben im Laufe der Jahre schon viel gesehen und erlebt.<br \/>\nNat\u00fcrlich nennen wir euch gerne Locations, Caterer oder DJs, die wir live erlebt haben und sehr sch\u00e4tzen.<br \/>\nEin paar <a href=\"http:\/\/www.amatustra.de\/fotografie\/empfehlungen\/\">Empfehlungen<\/a> haben wir schon f\u00fcr Euch zusammengestellt.<\/p>\n<p>&nbsp;<\/p>\n<p><strong>Wie darf ich mir eine Hochzeitsvideo-Produktion vorstellen?<\/strong><\/p>\n<p>Wir sind es gewohnt videografische Ergebnisse zu produzieren. Daher profitiert ihr in diesem Segment von unserer Arbeit f\u00fcr Nachrichtensender, Werbeagenturen und Industriekunden.<br \/>\nAm Anfang steht ein Gespr\u00e4ch, bei dem wir eure W\u00fcnsche und Vorstellungen abfragen. Wir sammeln eure Lieblingsmusikst\u00fccke, erl\u00e4utern unser Vorgehen und kl\u00e4ren den Zeitplan und die Bildinhalte (Briefing und Pre-Production-Meeting).<br \/>\nEtwa eine Woche vor dem Hochzeitstermin aktualisieren wir den Ablaufplan.<br \/>\nAm Hochzeitstag selbst begleiten wir euch wie ein redaktionelles TV-Team: beobachtend und dezent agierend.<br \/>\nNach dem Dreh erfolgt die Nachbearbeitung: Schnitt, Musik anlegen, O-T\u00f6ne bearbeiten, Grafik einf\u00fcgen etc.<br \/>\nAm Ende der digitalen Bearbeitung erfolgt die Bereitstellung eures <a href=\"http:\/\/www.amatustra.de\/fotografie\/produkte\/cinematografie_hochzeitsfilm\/\">Hochzeitfilms<\/a> als HD-Film (File) auf einem USB-Stick oder optional als SD-Video-DVD.<\/p>\n<p>&nbsp;<\/p>\n<p><strong>K\u00f6nnen wir Beispiele eurer filmischen Hochzeitsdokumentation sehen?<br \/>\n<\/strong><\/p>\n<p>Ja, das ist m\u00f6glich. Da wir in der Regel mit der Musikauswahl der Paare arbeiten, sind die Musikst\u00fccke rechtlich gesch\u00fctzt und wir d\u00fcrfen den Film somit nicht \u00f6ffentlich zeigen.<br \/>\nIn einem Passwort gesch\u00fctzten Bereich ist das jedoch m\u00f6glich. Fragt uns bitte nach dem Log-In.<\/p>\n<p>&nbsp;<\/p>\n<p><strong>Kann ich bei euch auch Fotoalben bestellen?<\/strong><\/p>\n<p>Ja, nat\u00fcrlich. Wir offerieren die unterschiedlichsten <a href=\"http:\/\/www.amatustra.de\/fotografie\/produkte\/fotobuecher\/\">Fotob\u00fccher<\/a> und Alben. Ob Hardcover oder Ledereinband, ob ma\u00dfangefertigtes Fotoalbum mit den Bildern hinter Passepartouts oder ein Booklet \u2013 fast alles ist m\u00f6glich. Wir beraten euch gerne.<\/p>\n<p>&nbsp;<\/p>\n<p><strong>Erstellt ihr auch Poster bzw. gr\u00f6\u00dfere Bilder?<\/strong><\/p>\n<p>Wenn ihr eines eurer Fotos als <a href=\"http:\/\/www.amatustra.de\/fotografie\/produkte\/drucke-fotoabzuege-rahmen\/\">Abzug<\/a>, Poster, Leinwand oder Alu dibond haben m\u00f6chten, stehen wir euch gerne beratend zu Seite. Als kosteneffiziente L\u00f6sung bieten wir zudem auf Holzplatte aufgezogene Poster bis zu 2,00 m Gr\u00f6\u00dfe an.<br \/>\nAls Besonderheit offerieren wir insbesondere im Rahmen der Hochzeitsfotografie <a href=\"http:\/\/www.amatustra.de\/fotografie\/produkte\/mosaikbilder\/\">Mosaikbilder<\/a>. F\u00fcr diese Variante ben\u00f6tigt man eine gro\u00dfe Anzahl von Fotografien. Die Mosaike werden auf Basis eines Bildes von uns &#8222;erzeugt&#8220;.<\/p>\n<p>&nbsp;<\/p>\n<p><strong>Bietet ihr auch &#8222;Glamour-Shootings&#8220; an?<\/strong><\/p>\n<p>Glamour-Shots, wie man sie aus den USA kennt, offerieren wir begrenzt.<br \/>\nWir bieten ein <em>Beauty-Shooting<\/em> an, das eine umfassende Vorabberatung enth\u00e4lt und auf Wunsch auch eine Visagistin am Fototermin mit einschlie\u00dft. In der Regel werdet ihr, die Models, mit Teilen eurer eigenen Garderobe fotografiert. Bei Bedarf k\u00f6nnen \u00fcber einen Verleih weitere Kleidung und Requisiten gemietet werden.<br \/>\nDie Location sind Industriebauten, Stadt, Natur, Zimmer und Hallen.<\/p>\n<p>&nbsp;<\/p>\n<p><strong>Verwendet ihr ggf. auch meine Fotos zur Selbstdarstellung?<br \/>\n<\/strong><\/p>\n<p>Ja und nein \u2013 falls du es nicht m\u00f6chtest.<br \/>\nNat\u00fcrlich freuen wir uns, wenn wir einige Ergebnisse unseres Schaffens zeigen d\u00fcrfen, um andere Menschen von unserer Arbeit zu begeistern und Auftr\u00e4ge zu generieren. Die letzte Entscheidung der Freigabe liegt in jedem Fall bei dir, unserem Kunden.<\/p>\n<p>&nbsp;<\/p>\n<p><strong>Macht ihr auch gewerbliche Aufnahmen?<\/strong><\/p>\n<p>Ja, nat\u00fcrlich. In unserem Portfolio findest du den Bereich Firmen- und Industriefotografie (Produktionswege, Niederlassungen etc.) und Protraitfotografie (Mitarbeiter\/Team) mit gro\u00dfem Fashion-Anteil (Brosch\u00fcre, Katalog etc.). Auch Produktfotos sind in einem gewissen Rahmen m\u00f6glich.<br \/>\nDar\u00fcber hinaus sind Event- und PR-Fotografie Bestandteil unserer Service-Leistungen.<br \/>\nEinen guten \u00dcberblick unserer gewerblichen Leistungen sind zudem unter <a title=\"agency22\" href=\"http:\/\/www.agency22.de\/film-design\/\" target=\"_blank\" rel=\"noopener\">agency22.de<\/a> zu finden.<\/p>\n<p>&nbsp;<\/p>\n<p><strong>Mit welchen Kameras arbeitet ihr?<br \/>\n<\/strong><\/p>\n<p>Grunds\u00e4tzlich: was z\u00e4hlt ist die Frau oder der Mann hinter der Kamera. Denn wenn Bildaufbau, Belichtung und der richtige Moment stimmen, wird das Foto entsprechend &#8222;gut&#8220;.<br \/>\nDas Equipment ist dennoch nicht zu vernachl\u00e4ssigen. Wir arbeiten mit Nikon-Kameras. Insgesamt f\u00fcnf Nikon-SLR-Kameras sind in unserem Besitz. Dazu kommen diverse Objektive, Blitze, Aufheller\/Reflektoren, Lampen und weiteres Zubeh\u00f6r.<br \/>\nIm Videobereich arbeiten wir neben einer Nikon-DSLR sehr gerne mit XDCAM-Camcordern von Sony. So geh\u00f6ren bspw. die EX1\/R, die Sony FS5 und DJI X5 zu unseren Lieblingskameras. Zudem fliegen wir eine Mavic Pro \u2013 vorausgesetzt wir haben eine g\u00fcltige Aufstiegsgenehmigung f\u00fcr die Location.<\/p>\n<p>&nbsp;<\/p>\n<p><strong>Welche Formate fotografieren und dreht ihr?<\/strong><\/p>\n<p>Im fotografischen Bereich erzeugen wir .raw und .jpg-Formate (high).<br \/>\nIm Viodeobereich drehen wir in Full-HD 1080\/25p oder 1080\/24p. Optional auch mit ext. Recordern in ProRes422.<\/p>\n<p>&nbsp;<\/p>\n<p><strong>Was passiert, wenn eine Kamera ausf\u00e4llt?<\/strong><\/p>\n<p>Ein schlimmes Szenario. Daher haben wir bei Fotosessions immer zwei Kameras mit dabei. Im Bereich der Hochzeitsfotografie teilweise auch drei.<\/p>\n<p>&nbsp;<\/p>\n<p><strong>Warum erhalte ich die Foto-Angebote und -Rechnungen von agency22?<\/strong><\/p>\n<p>amatustra ist das Photo-Lab von <a title=\"agency22\" href=\"http:\/\/www.agency22.de\" target=\"_blank\" rel=\"noopener\">agency22<\/a>. Wir, Anke Strickroth und Stephan Fiege, sind die Inhaber der Agentur agency22 e\/motion + design GmbH und wickeln alle Projekte \u00fcber dieses Unternehmen ab.<br \/>\nDa der Fotozweig ein Lieblingsprojekt von uns ist, hat er mit amatustra eine eigene Marke und einen eigenen Internet-Auftritt erhalten, um das gesamte Leistungsspektrum ad\u00e4quat darstellen zu k\u00f6nnen.<br \/>\nAlle amatustra-Leistungen werden \u00fcber agency22 abgewickelt, alle Angebote und Rechnungen laufen entsprechend \u00fcber die Firma agency22. Den individuellen und partnerschaftlichen Service garantieren wir bei amatustra pers\u00f6nlich.[\/napoli_custom_text_block][\/vc_column][vc_column width=&#8220;1\/4&#8243;][\/vc_column][\/vc_row][vc_row gap=&#8220;1&#8243;][vc_column][napoli_custom_text_block]<\/p>\n<blockquote><p>Fragen, W\u00fcnsche oder buchen?<br \/>\nRuft einfach an oder meldet Euch per eMail oder per Kontaktformular.<br \/>\nTel. 06081.4460680\u00a0 |\u00a0 mobil: 0157.72563795 &amp; 0178.4911135<br \/>\nemail: <a href=\"mailto:klick@amatustra.de\">klick@amatustra.de<\/a>\u00a0 |\u00a0 <a title=\"Kontaktformular\" href=\"http:\/\/www.amatustra.de\/fotografie\/kontakt\/\">Kontaktformular<\/a><\/p><\/blockquote>\n<p>[\/napoli_custom_text_block][\/vc_column][\/vc_row]<\/p>\n<\/div>","protected":false},"excerpt":{"rendered":"<p>[vc_row gap=&#8220;1&#8243;][vc_column width=&#8220;3\/4&#8243;][napoli_custom_text_block subtitle=&#8220;FRAGEN &amp; ANTWORTEN&#8220;]Welche Einatzorte werden von euch angeboten? Wir sind im Taunus ans\u00e4ssig und bedienen grunds\u00e4tzlich das gesamte Rhein-Main-Gebiet. Bei Hochzeiten, Events, in der Werbung und im Bereich PR arbeiten wir deutschlandweit und international. Fragt uns nach einem unverbindlichen Angebot. Tel.: 06081.4460680 \/ Mail: klick(at)amatustra.de \/ Kontaktformular \/ &nbsp; Wo findet die [&hellip;]<\/p>\n","protected":false},"author":1,"featured_media":0,"parent":4492,"menu_order":0,"comment_status":"closed","ping_status":"closed","template":"","meta":{"footnotes":""},"class_list":["post-6019","page","type-page","status-publish","hentry"],"yoast_head":"<!-- This site is optimized with the Yoast SEO plugin v26.6 - https:\/\/yoast.com\/wordpress\/plugins\/seo\/ -->\n<title>FAQ - amatustra fotografie |&nbsp;Hochzeitsfotografen &bull;&nbsp;Hochzeitsfilm &bull; Schwangerschaft-, Baby-, Kinder-, Familienfotos &bull;&nbsp;Event- und gewerbliche Fotografie<\/title>\n<meta name=\"description\" content=\"Auf unserer amatustra FAQ-Seite findet ihr Tipps und Antworten auf zahlreiche Fragen rund um die Hochzeit-, Kinder, Bauch- und Babyfotografie.\" \/>\n<meta name=\"robots\" content=\"index, follow, max-snippet:-1, max-image-preview:large, max-video-preview:-1\" \/>\n<link rel=\"canonical\" href=\"http:\/\/www.amatustra.de\/fotografie\/infos\/faq\/\" \/>\n<meta property=\"og:locale\" content=\"de_DE\" \/>\n<meta property=\"og:type\" content=\"article\" \/>\n<meta property=\"og:title\" content=\"FAQ - amatustra fotografie |&nbsp;Hochzeitsfotografen &bull;&nbsp;Hochzeitsfilm &bull; Schwangerschaft-, Baby-, Kinder-, Familienfotos &bull;&nbsp;Event- und gewerbliche Fotografie\" \/>\n<meta property=\"og:description\" content=\"Auf unserer amatustra FAQ-Seite findet ihr Tipps und Antworten auf zahlreiche Fragen rund um die Hochzeit-, Kinder, Bauch- und Babyfotografie.\" \/>\n<meta property=\"og:url\" content=\"http:\/\/www.amatustra.de\/fotografie\/infos\/faq\/\" \/>\n<meta property=\"og:site_name\" content=\"amatustra fotografie |&nbsp;Hochzeitsfotografen &bull;&nbsp;Hochzeitsfilm &bull; Schwangerschaft-, Baby-, Kinder-, Familienfotos &bull;&nbsp;Event- und gewerbliche Fotografie\" \/>\n<meta property=\"article:publisher\" content=\"https:\/\/www.facebook.com\/amatustra\" \/>\n<meta name=\"twitter:card\" content=\"summary_large_image\" \/>\n<meta name=\"twitter:label1\" content=\"Gesch\u00e4tzte Lesezeit\" \/>\n\t<meta name=\"twitter:data1\" content=\"10\u00a0Minuten\" \/>\n<script type=\"application\/ld+json\" class=\"yoast-schema-graph\">{\"@context\":\"https:\/\/schema.org\",\"@graph\":[{\"@type\":\"WebPage\",\"@id\":\"http:\/\/www.amatustra.de\/fotografie\/infos\/faq\/\",\"url\":\"http:\/\/www.amatustra.de\/fotografie\/infos\/faq\/\",\"name\":\"FAQ - amatustra fotografie |&nbsp;Hochzeitsfotografen &bull;&nbsp;Hochzeitsfilm &bull; Schwangerschaft-, Baby-, Kinder-, Familienfotos &bull;&nbsp;Event- und gewerbliche Fotografie\",\"isPartOf\":{\"@id\":\"http:\/\/www.amatustra.de\/fotografie\/#website\"},\"datePublished\":\"2018-01-24T10:39:07+00:00\",\"description\":\"Auf unserer amatustra FAQ-Seite findet ihr Tipps und Antworten auf zahlreiche Fragen rund um die Hochzeit-, Kinder, Bauch- und Babyfotografie.\",\"breadcrumb\":{\"@id\":\"http:\/\/www.amatustra.de\/fotografie\/infos\/faq\/#breadcrumb\"},\"inLanguage\":\"de\",\"potentialAction\":[{\"@type\":\"ReadAction\",\"target\":[\"http:\/\/www.amatustra.de\/fotografie\/infos\/faq\/\"]}]},{\"@type\":\"BreadcrumbList\",\"@id\":\"http:\/\/www.amatustra.de\/fotografie\/infos\/faq\/#breadcrumb\",\"itemListElement\":[{\"@type\":\"ListItem\",\"position\":1,\"name\":\"Startseite\",\"item\":\"http:\/\/www.amatustra.de\/fotografie\/\"},{\"@type\":\"ListItem\",\"position\":2,\"name\":\"Infos\",\"item\":\"http:\/\/www.amatustra.de\/fotografie\/infos\/\"},{\"@type\":\"ListItem\",\"position\":3,\"name\":\"FAQ\"}]},{\"@type\":\"WebSite\",\"@id\":\"http:\/\/www.amatustra.de\/fotografie\/#website\",\"url\":\"http:\/\/www.amatustra.de\/fotografie\/\",\"name\":\"amatustra fotografie |&nbsp;Hochzeitsfotografen &bull;&nbsp;Hochzeitsfilm &bull; Schwangerschaft-, Baby-, Kinder-, Familienfotos &bull;&nbsp;Event- und gewerbliche Fotografie\",\"description\":\"\",\"publisher\":{\"@id\":\"http:\/\/www.amatustra.de\/fotografie\/#organization\"},\"potentialAction\":[{\"@type\":\"SearchAction\",\"target\":{\"@type\":\"EntryPoint\",\"urlTemplate\":\"http:\/\/www.amatustra.de\/fotografie\/?s={search_term_string}\"},\"query-input\":{\"@type\":\"PropertyValueSpecification\",\"valueRequired\":true,\"valueName\":\"search_term_string\"}}],\"inLanguage\":\"de\"},{\"@type\":\"Organization\",\"@id\":\"http:\/\/www.amatustra.de\/fotografie\/#organization\",\"name\":\"amatustra - strickroth & fiege fotografie\",\"url\":\"http:\/\/www.amatustra.de\/fotografie\/\",\"logo\":{\"@type\":\"ImageObject\",\"inLanguage\":\"de\",\"@id\":\"http:\/\/www.amatustra.de\/fotografie\/#\/schema\/logo\/image\/\",\"url\":\"http:\/\/www.amatustra.de\/fotografie\/wp-content\/uploads\/amatustra_fotografie_Logo__black_1338x412px.png\",\"contentUrl\":\"http:\/\/www.amatustra.de\/fotografie\/wp-content\/uploads\/amatustra_fotografie_Logo__black_1338x412px.png\",\"width\":1338,\"height\":412,\"caption\":\"amatustra - strickroth & fiege fotografie\"},\"image\":{\"@id\":\"http:\/\/www.amatustra.de\/fotografie\/#\/schema\/logo\/image\/\"},\"sameAs\":[\"https:\/\/www.facebook.com\/amatustra\",\"https:\/\/de.pinterest.com\/amatustra\/\",\"https:\/\/www.youtube.com\/user\/agency22\"]}]}<\/script>\n<!-- \/ Yoast SEO plugin. -->","yoast_head_json":{"title":"FAQ - amatustra fotografie |&nbsp;Hochzeitsfotografen &bull;&nbsp;Hochzeitsfilm &bull; Schwangerschaft-, Baby-, Kinder-, Familienfotos &bull;&nbsp;Event- und gewerbliche Fotografie","description":"Auf unserer amatustra FAQ-Seite findet ihr Tipps und Antworten auf zahlreiche Fragen rund um die Hochzeit-, Kinder, Bauch- und Babyfotografie.","robots":{"index":"index","follow":"follow","max-snippet":"max-snippet:-1","max-image-preview":"max-image-preview:large","max-video-preview":"max-video-preview:-1"},"canonical":"http:\/\/www.amatustra.de\/fotografie\/infos\/faq\/","og_locale":"de_DE","og_type":"article","og_title":"FAQ - amatustra fotografie |&nbsp;Hochzeitsfotografen &bull;&nbsp;Hochzeitsfilm &bull; Schwangerschaft-, Baby-, Kinder-, Familienfotos &bull;&nbsp;Event- und gewerbliche Fotografie","og_description":"Auf unserer amatustra FAQ-Seite findet ihr Tipps und Antworten auf zahlreiche Fragen rund um die Hochzeit-, Kinder, Bauch- und Babyfotografie.","og_url":"http:\/\/www.amatustra.de\/fotografie\/infos\/faq\/","og_site_name":"amatustra fotografie |&nbsp;Hochzeitsfotografen &bull;&nbsp;Hochzeitsfilm &bull; Schwangerschaft-, Baby-, Kinder-, Familienfotos &bull;&nbsp;Event- und gewerbliche Fotografie","article_publisher":"https:\/\/www.facebook.com\/amatustra","twitter_card":"summary_large_image","twitter_misc":{"Gesch\u00e4tzte Lesezeit":"10\u00a0Minuten"},"schema":{"@context":"https:\/\/schema.org","@graph":[{"@type":"WebPage","@id":"http:\/\/www.amatustra.de\/fotografie\/infos\/faq\/","url":"http:\/\/www.amatustra.de\/fotografie\/infos\/faq\/","name":"FAQ - amatustra fotografie |&nbsp;Hochzeitsfotografen &bull;&nbsp;Hochzeitsfilm &bull; Schwangerschaft-, Baby-, Kinder-, Familienfotos &bull;&nbsp;Event- und gewerbliche Fotografie","isPartOf":{"@id":"http:\/\/www.amatustra.de\/fotografie\/#website"},"datePublished":"2018-01-24T10:39:07+00:00","description":"Auf unserer amatustra FAQ-Seite findet ihr Tipps und Antworten auf zahlreiche Fragen rund um die Hochzeit-, Kinder, Bauch- und Babyfotografie.","breadcrumb":{"@id":"http:\/\/www.amatustra.de\/fotografie\/infos\/faq\/#breadcrumb"},"inLanguage":"de","potentialAction":[{"@type":"ReadAction","target":["http:\/\/www.amatustra.de\/fotografie\/infos\/faq\/"]}]},{"@type":"BreadcrumbList","@id":"http:\/\/www.amatustra.de\/fotografie\/infos\/faq\/#breadcrumb","itemListElement":[{"@type":"ListItem","position":1,"name":"Startseite","item":"http:\/\/www.amatustra.de\/fotografie\/"},{"@type":"ListItem","position":2,"name":"Infos","item":"http:\/\/www.amatustra.de\/fotografie\/infos\/"},{"@type":"ListItem","position":3,"name":"FAQ"}]},{"@type":"WebSite","@id":"http:\/\/www.amatustra.de\/fotografie\/#website","url":"http:\/\/www.amatustra.de\/fotografie\/","name":"amatustra fotografie |&nbsp;Hochzeitsfotografen &bull;&nbsp;Hochzeitsfilm &bull; Schwangerschaft-, Baby-, Kinder-, Familienfotos &bull;&nbsp;Event- und gewerbliche Fotografie","description":"","publisher":{"@id":"http:\/\/www.amatustra.de\/fotografie\/#organization"},"potentialAction":[{"@type":"SearchAction","target":{"@type":"EntryPoint","urlTemplate":"http:\/\/www.amatustra.de\/fotografie\/?s={search_term_string}"},"query-input":{"@type":"PropertyValueSpecification","valueRequired":true,"valueName":"search_term_string"}}],"inLanguage":"de"},{"@type":"Organization","@id":"http:\/\/www.amatustra.de\/fotografie\/#organization","name":"amatustra - strickroth & fiege fotografie","url":"http:\/\/www.amatustra.de\/fotografie\/","logo":{"@type":"ImageObject","inLanguage":"de","@id":"http:\/\/www.amatustra.de\/fotografie\/#\/schema\/logo\/image\/","url":"http:\/\/www.amatustra.de\/fotografie\/wp-content\/uploads\/amatustra_fotografie_Logo__black_1338x412px.png","contentUrl":"http:\/\/www.amatustra.de\/fotografie\/wp-content\/uploads\/amatustra_fotografie_Logo__black_1338x412px.png","width":1338,"height":412,"caption":"amatustra - strickroth & fiege fotografie"},"image":{"@id":"http:\/\/www.amatustra.de\/fotografie\/#\/schema\/logo\/image\/"},"sameAs":["https:\/\/www.facebook.com\/amatustra","https:\/\/de.pinterest.com\/amatustra\/","https:\/\/www.youtube.com\/user\/agency22"]}]}},"_links":{"self":[{"href":"http:\/\/www.amatustra.de\/fotografie\/wp-json\/wp\/v2\/pages\/6019","targetHints":{"allow":["GET"]}}],"collection":[{"href":"http:\/\/www.amatustra.de\/fotografie\/wp-json\/wp\/v2\/pages"}],"about":[{"href":"http:\/\/www.amatustra.de\/fotografie\/wp-json\/wp\/v2\/types\/page"}],"author":[{"embeddable":true,"href":"http:\/\/www.amatustra.de\/fotografie\/wp-json\/wp\/v2\/users\/1"}],"replies":[{"embeddable":true,"href":"http:\/\/www.amatustra.de\/fotografie\/wp-json\/wp\/v2\/comments?post=6019"}],"version-history":[{"count":7,"href":"http:\/\/www.amatustra.de\/fotografie\/wp-json\/wp\/v2\/pages\/6019\/revisions"}],"predecessor-version":[{"id":6026,"href":"http:\/\/www.amatustra.de\/fotografie\/wp-json\/wp\/v2\/pages\/6019\/revisions\/6026"}],"up":[{"embeddable":true,"href":"http:\/\/www.amatustra.de\/fotografie\/wp-json\/wp\/v2\/pages\/4492"}],"wp:attachment":[{"href":"http:\/\/www.amatustra.de\/fotografie\/wp-json\/wp\/v2\/media?parent=6019"}],"curies":[{"name":"wp","href":"https:\/\/api.w.org\/{rel}","templated":true}]}}