{"id":5552,"date":"2017-08-28T12:39:22","date_gmt":"2017-08-28T10:39:22","guid":{"rendered":"http:\/\/www.amatustra.de\/fotografie\/?page_id=5552"},"modified":"2017-08-31T09:55:00","modified_gmt":"2017-08-31T07:55:00","slug":"sinnlichkeit_boudoir-fotografie","status":"publish","type":"page","link":"http:\/\/www.amatustra.de\/fotografie\/produkte\/sinnlichkeit_boudoir-fotografie\/","title":{"rendered":"SINNLICHKEIT"},"content":{"rendered":"<div class=\"wpb-content-wrapper\"><p>[vc_row][vc_column][napoli_custom_text_block title=&#8220;SINNLICHKEIT&#8220; subtitle=&#8220;BOUDOIR-FOTOGRAFIE MIT STIL&#8220; btn_text=&#8220;KONTAKT&#8220; btn_url=&#8220;http:\/\/www.amatustra.de\/fotografie\/kontakt\/buchen\/&#8220;]Den eigenen K\u00f6rper ins rechte Licht zu setzen ist f\u00fcr viele nicht einfach.<br \/>\nDabei dr\u00fcckt sich Sinnlichkeit mit all ihren Facetten in so unterschiedlichen Gesten aus und unterstreicht mit einer gekonnten Verh\u00fcllung die \u00c4sthetik des Augenblicks.<\/p>\n<p>In einem einf\u00fchlsamen Vorgespr\u00e4ch mit Anke werden die Ideen, Utensilien und die Location besprochen (zu Hause, im Feld, auf der Wiese, im Wald &#8230;). Dabei spielt Vertrauen von Beginn an eine gro\u00dfe Rolle.<br \/>\nDie Fotos entstehen mit Zeit und Gesp\u00fcr.<\/p>\n<p>Bilder f\u00fcr sich, f\u00fcr deinen Freund oder den Ehemann.<\/p>\n<p><a href=\"http:\/\/www.amatustra.de\/fotografie\/portfolio-item\/sinnlichkeit\/\">Neugierig?<\/a><\/p>\n<p>&nbsp;<\/p>\n<blockquote><p>Weitere Infos bei uns:<br \/>\nTel. 06081.4460680\u00a0 |\u00a0 mobil: 0157.72563795<br \/>\nemail: <a href=\"mailto:klick@amatustra.de\">klick@amatustra.de<\/a>\u00a0 |\u00a0 <a title=\"Kontaktformular\" href=\"http:\/\/www.amatustra.de\/fotografie\/kontakt\/\">Kontaktformular<\/a><\/p><\/blockquote>\n<p>[\/napoli_custom_text_block][\/vc_column][\/vc_row]<\/p>\n<\/div>","protected":false},"excerpt":{"rendered":"<p>[vc_row][vc_column][napoli_custom_text_block title=&#8220;SINNLICHKEIT&#8220; subtitle=&#8220;BOUDOIR-FOTOGRAFIE MIT STIL&#8220; btn_text=&#8220;KONTAKT&#8220; btn_url=&#8220;http:\/\/www.amatustra.de\/fotografie\/kontakt\/buchen\/&#8220;]Den eigenen K\u00f6rper ins rechte Licht zu setzen ist f\u00fcr viele nicht einfach. Dabei dr\u00fcckt sich Sinnlichkeit mit all ihren Facetten in so unterschiedlichen Gesten aus und unterstreicht mit einer gekonnten Verh\u00fcllung die \u00c4sthetik des Augenblicks. In einem einf\u00fchlsamen Vorgespr\u00e4ch mit Anke werden die Ideen, Utensilien und die Location [&hellip;]<\/p>\n","protected":false},"author":1,"featured_media":5531,"parent":4143,"menu_order":0,"comment_status":"closed","ping_status":"closed","template":"","meta":{"footnotes":""},"class_list":["post-5552","page","type-page","status-publish","has-post-thumbnail","hentry"],"yoast_head":"<!-- This site is optimized with the Yoast SEO plugin v26.6 - https:\/\/yoast.com\/wordpress\/plugins\/seo\/ -->\n<title>SINNLICHKEIT - amatustra fotografie |&nbsp;Hochzeitsfotografen &bull;&nbsp;Hochzeitsfilm &bull; Schwangerschaft-, Baby-, Kinder-, Familienfotos &bull;&nbsp;Event- und gewerbliche Fotografie<\/title>\n<meta name=\"description\" content=\"Nicht einfach pure Haut ... Ankes Boudoir-Fotografie ist eine einf\u00fchlsame Reminiszenz an den weiblichen und m\u00e4nnlichen K\u00f6rper. Bilder mit Stil.\" \/>\n<meta name=\"robots\" content=\"index, follow, max-snippet:-1, max-image-preview:large, max-video-preview:-1\" \/>\n<link rel=\"canonical\" href=\"http:\/\/www.amatustra.de\/fotografie\/produkte\/sinnlichkeit_boudoir-fotografie\/\" \/>\n<meta property=\"og:locale\" content=\"de_DE\" \/>\n<meta property=\"og:type\" content=\"article\" \/>\n<meta property=\"og:title\" content=\"SINNLICHKEIT - amatustra fotografie |&nbsp;Hochzeitsfotografen &bull;&nbsp;Hochzeitsfilm &bull; Schwangerschaft-, Baby-, Kinder-, Familienfotos &bull;&nbsp;Event- und gewerbliche Fotografie\" \/>\n<meta property=\"og:description\" content=\"Nicht einfach pure Haut ... Ankes Boudoir-Fotografie ist eine einf\u00fchlsame Reminiszenz an den weiblichen und m\u00e4nnlichen K\u00f6rper. Bilder mit Stil.\" \/>\n<meta property=\"og:url\" content=\"http:\/\/www.amatustra.de\/fotografie\/produkte\/sinnlichkeit_boudoir-fotografie\/\" \/>\n<meta property=\"og:site_name\" content=\"amatustra fotografie |&nbsp;Hochzeitsfotografen &bull;&nbsp;Hochzeitsfilm &bull; Schwangerschaft-, Baby-, Kinder-, Familienfotos &bull;&nbsp;Event- und gewerbliche Fotografie\" \/>\n<meta property=\"article:publisher\" content=\"https:\/\/www.facebook.com\/amatustra\" \/>\n<meta property=\"article:modified_time\" content=\"2017-08-31T07:55:00+00:00\" \/>\n<meta property=\"og:image\" content=\"http:\/\/www.amatustra.de\/fotografie\/wp-content\/uploads\/amatustra_sinnlichkeit-5253.jpg\" \/>\n\t<meta property=\"og:image:width\" content=\"1080\" \/>\n\t<meta property=\"og:image:height\" content=\"719\" \/>\n\t<meta property=\"og:image:type\" content=\"image\/jpeg\" \/>\n<meta name=\"twitter:card\" content=\"summary_large_image\" \/>\n<meta name=\"twitter:label1\" content=\"Gesch\u00e4tzte Lesezeit\" \/>\n\t<meta name=\"twitter:data1\" content=\"1\u00a0Minute\" \/>\n<script type=\"application\/ld+json\" class=\"yoast-schema-graph\">{\"@context\":\"https:\/\/schema.org\",\"@graph\":[{\"@type\":\"WebPage\",\"@id\":\"http:\/\/www.amatustra.de\/fotografie\/produkte\/sinnlichkeit_boudoir-fotografie\/\",\"url\":\"http:\/\/www.amatustra.de\/fotografie\/produkte\/sinnlichkeit_boudoir-fotografie\/\",\"name\":\"SINNLICHKEIT - amatustra fotografie |&nbsp;Hochzeitsfotografen &bull;&nbsp;Hochzeitsfilm &bull; Schwangerschaft-, Baby-, Kinder-, Familienfotos &bull;&nbsp;Event- und gewerbliche Fotografie\",\"isPartOf\":{\"@id\":\"http:\/\/www.amatustra.de\/fotografie\/#website\"},\"primaryImageOfPage\":{\"@id\":\"http:\/\/www.amatustra.de\/fotografie\/produkte\/sinnlichkeit_boudoir-fotografie\/#primaryimage\"},\"image\":{\"@id\":\"http:\/\/www.amatustra.de\/fotografie\/produkte\/sinnlichkeit_boudoir-fotografie\/#primaryimage\"},\"thumbnailUrl\":\"http:\/\/www.amatustra.de\/fotografie\/wp-content\/uploads\/amatustra_sinnlichkeit-5253.jpg\",\"datePublished\":\"2017-08-28T10:39:22+00:00\",\"dateModified\":\"2017-08-31T07:55:00+00:00\",\"description\":\"Nicht einfach pure Haut ... Ankes Boudoir-Fotografie ist eine einf\u00fchlsame Reminiszenz an den weiblichen und m\u00e4nnlichen K\u00f6rper. Bilder mit Stil.\",\"breadcrumb\":{\"@id\":\"http:\/\/www.amatustra.de\/fotografie\/produkte\/sinnlichkeit_boudoir-fotografie\/#breadcrumb\"},\"inLanguage\":\"de\",\"potentialAction\":[{\"@type\":\"ReadAction\",\"target\":[\"http:\/\/www.amatustra.de\/fotografie\/produkte\/sinnlichkeit_boudoir-fotografie\/\"]}]},{\"@type\":\"ImageObject\",\"inLanguage\":\"de\",\"@id\":\"http:\/\/www.amatustra.de\/fotografie\/produkte\/sinnlichkeit_boudoir-fotografie\/#primaryimage\",\"url\":\"http:\/\/www.amatustra.de\/fotografie\/wp-content\/uploads\/amatustra_sinnlichkeit-5253.jpg\",\"contentUrl\":\"http:\/\/www.amatustra.de\/fotografie\/wp-content\/uploads\/amatustra_sinnlichkeit-5253.jpg\",\"width\":1080,\"height\":719,\"caption\":\"Boudoir-Foto\"},{\"@type\":\"BreadcrumbList\",\"@id\":\"http:\/\/www.amatustra.de\/fotografie\/produkte\/sinnlichkeit_boudoir-fotografie\/#breadcrumb\",\"itemListElement\":[{\"@type\":\"ListItem\",\"position\":1,\"name\":\"Startseite\",\"item\":\"http:\/\/www.amatustra.de\/fotografie\/\"},{\"@type\":\"ListItem\",\"position\":2,\"name\":\"Produkte\",\"item\":\"http:\/\/www.amatustra.de\/fotografie\/produkte\/\"},{\"@type\":\"ListItem\",\"position\":3,\"name\":\"SINNLICHKEIT\"}]},{\"@type\":\"WebSite\",\"@id\":\"http:\/\/www.amatustra.de\/fotografie\/#website\",\"url\":\"http:\/\/www.amatustra.de\/fotografie\/\",\"name\":\"amatustra fotografie |&nbsp;Hochzeitsfotografen &bull;&nbsp;Hochzeitsfilm &bull; Schwangerschaft-, Baby-, Kinder-, Familienfotos &bull;&nbsp;Event- und gewerbliche Fotografie\",\"description\":\"\",\"publisher\":{\"@id\":\"http:\/\/www.amatustra.de\/fotografie\/#organization\"},\"potentialAction\":[{\"@type\":\"SearchAction\",\"target\":{\"@type\":\"EntryPoint\",\"urlTemplate\":\"http:\/\/www.amatustra.de\/fotografie\/?s={search_term_string}\"},\"query-input\":{\"@type\":\"PropertyValueSpecification\",\"valueRequired\":true,\"valueName\":\"search_term_string\"}}],\"inLanguage\":\"de\"},{\"@type\":\"Organization\",\"@id\":\"http:\/\/www.amatustra.de\/fotografie\/#organization\",\"name\":\"amatustra - strickroth & fiege fotografie\",\"url\":\"http:\/\/www.amatustra.de\/fotografie\/\",\"logo\":{\"@type\":\"ImageObject\",\"inLanguage\":\"de\",\"@id\":\"http:\/\/www.amatustra.de\/fotografie\/#\/schema\/logo\/image\/\",\"url\":\"http:\/\/www.amatustra.de\/fotografie\/wp-content\/uploads\/amatustra_fotografie_Logo__black_1338x412px.png\",\"contentUrl\":\"http:\/\/www.amatustra.de\/fotografie\/wp-content\/uploads\/amatustra_fotografie_Logo__black_1338x412px.png\",\"width\":1338,\"height\":412,\"caption\":\"amatustra - strickroth & fiege fotografie\"},\"image\":{\"@id\":\"http:\/\/www.amatustra.de\/fotografie\/#\/schema\/logo\/image\/\"},\"sameAs\":[\"https:\/\/www.facebook.com\/amatustra\",\"https:\/\/de.pinterest.com\/amatustra\/\",\"https:\/\/www.youtube.com\/user\/agency22\"]}]}<\/script>\n<!-- \/ Yoast SEO plugin. -->","yoast_head_json":{"title":"SINNLICHKEIT - amatustra fotografie |&nbsp;Hochzeitsfotografen &bull;&nbsp;Hochzeitsfilm &bull; Schwangerschaft-, Baby-, Kinder-, Familienfotos &bull;&nbsp;Event- und gewerbliche Fotografie","description":"Nicht einfach pure Haut ... Ankes Boudoir-Fotografie ist eine einf\u00fchlsame Reminiszenz an den weiblichen und m\u00e4nnlichen K\u00f6rper. Bilder mit Stil.","robots":{"index":"index","follow":"follow","max-snippet":"max-snippet:-1","max-image-preview":"max-image-preview:large","max-video-preview":"max-video-preview:-1"},"canonical":"http:\/\/www.amatustra.de\/fotografie\/produkte\/sinnlichkeit_boudoir-fotografie\/","og_locale":"de_DE","og_type":"article","og_title":"SINNLICHKEIT - amatustra fotografie |&nbsp;Hochzeitsfotografen &bull;&nbsp;Hochzeitsfilm &bull; Schwangerschaft-, Baby-, Kinder-, Familienfotos &bull;&nbsp;Event- und gewerbliche Fotografie","og_description":"Nicht einfach pure Haut ... Ankes Boudoir-Fotografie ist eine einf\u00fchlsame Reminiszenz an den weiblichen und m\u00e4nnlichen K\u00f6rper. Bilder mit Stil.","og_url":"http:\/\/www.amatustra.de\/fotografie\/produkte\/sinnlichkeit_boudoir-fotografie\/","og_site_name":"amatustra fotografie |&nbsp;Hochzeitsfotografen &bull;&nbsp;Hochzeitsfilm &bull; Schwangerschaft-, Baby-, Kinder-, Familienfotos &bull;&nbsp;Event- und gewerbliche Fotografie","article_publisher":"https:\/\/www.facebook.com\/amatustra","article_modified_time":"2017-08-31T07:55:00+00:00","og_image":[{"width":1080,"height":719,"url":"http:\/\/www.amatustra.de\/fotografie\/wp-content\/uploads\/amatustra_sinnlichkeit-5253.jpg","type":"image\/jpeg"}],"twitter_card":"summary_large_image","twitter_misc":{"Gesch\u00e4tzte Lesezeit":"1\u00a0Minute"},"schema":{"@context":"https:\/\/schema.org","@graph":[{"@type":"WebPage","@id":"http:\/\/www.amatustra.de\/fotografie\/produkte\/sinnlichkeit_boudoir-fotografie\/","url":"http:\/\/www.amatustra.de\/fotografie\/produkte\/sinnlichkeit_boudoir-fotografie\/","name":"SINNLICHKEIT - amatustra fotografie |&nbsp;Hochzeitsfotografen &bull;&nbsp;Hochzeitsfilm &bull; Schwangerschaft-, Baby-, Kinder-, Familienfotos &bull;&nbsp;Event- und gewerbliche Fotografie","isPartOf":{"@id":"http:\/\/www.amatustra.de\/fotografie\/#website"},"primaryImageOfPage":{"@id":"http:\/\/www.amatustra.de\/fotografie\/produkte\/sinnlichkeit_boudoir-fotografie\/#primaryimage"},"image":{"@id":"http:\/\/www.amatustra.de\/fotografie\/produkte\/sinnlichkeit_boudoir-fotografie\/#primaryimage"},"thumbnailUrl":"http:\/\/www.amatustra.de\/fotografie\/wp-content\/uploads\/amatustra_sinnlichkeit-5253.jpg","datePublished":"2017-08-28T10:39:22+00:00","dateModified":"2017-08-31T07:55:00+00:00","description":"Nicht einfach pure Haut ... Ankes Boudoir-Fotografie ist eine einf\u00fchlsame Reminiszenz an den weiblichen und m\u00e4nnlichen K\u00f6rper. Bilder mit Stil.","breadcrumb":{"@id":"http:\/\/www.amatustra.de\/fotografie\/produkte\/sinnlichkeit_boudoir-fotografie\/#breadcrumb"},"inLanguage":"de","potentialAction":[{"@type":"ReadAction","target":["http:\/\/www.amatustra.de\/fotografie\/produkte\/sinnlichkeit_boudoir-fotografie\/"]}]},{"@type":"ImageObject","inLanguage":"de","@id":"http:\/\/www.amatustra.de\/fotografie\/produkte\/sinnlichkeit_boudoir-fotografie\/#primaryimage","url":"http:\/\/www.amatustra.de\/fotografie\/wp-content\/uploads\/amatustra_sinnlichkeit-5253.jpg","contentUrl":"http:\/\/www.amatustra.de\/fotografie\/wp-content\/uploads\/amatustra_sinnlichkeit-5253.jpg","width":1080,"height":719,"caption":"Boudoir-Foto"},{"@type":"BreadcrumbList","@id":"http:\/\/www.amatustra.de\/fotografie\/produkte\/sinnlichkeit_boudoir-fotografie\/#breadcrumb","itemListElement":[{"@type":"ListItem","position":1,"name":"Startseite","item":"http:\/\/www.amatustra.de\/fotografie\/"},{"@type":"ListItem","position":2,"name":"Produkte","item":"http:\/\/www.amatustra.de\/fotografie\/produkte\/"},{"@type":"ListItem","position":3,"name":"SINNLICHKEIT"}]},{"@type":"WebSite","@id":"http:\/\/www.amatustra.de\/fotografie\/#website","url":"http:\/\/www.amatustra.de\/fotografie\/","name":"amatustra fotografie |&nbsp;Hochzeitsfotografen &bull;&nbsp;Hochzeitsfilm &bull; Schwangerschaft-, Baby-, Kinder-, Familienfotos &bull;&nbsp;Event- und gewerbliche Fotografie","description":"","publisher":{"@id":"http:\/\/www.amatustra.de\/fotografie\/#organization"},"potentialAction":[{"@type":"SearchAction","target":{"@type":"EntryPoint","urlTemplate":"http:\/\/www.amatustra.de\/fotografie\/?s={search_term_string}"},"query-input":{"@type":"PropertyValueSpecification","valueRequired":true,"valueName":"search_term_string"}}],"inLanguage":"de"},{"@type":"Organization","@id":"http:\/\/www.amatustra.de\/fotografie\/#organization","name":"amatustra - strickroth & fiege fotografie","url":"http:\/\/www.amatustra.de\/fotografie\/","logo":{"@type":"ImageObject","inLanguage":"de","@id":"http:\/\/www.amatustra.de\/fotografie\/#\/schema\/logo\/image\/","url":"http:\/\/www.amatustra.de\/fotografie\/wp-content\/uploads\/amatustra_fotografie_Logo__black_1338x412px.png","contentUrl":"http:\/\/www.amatustra.de\/fotografie\/wp-content\/uploads\/amatustra_fotografie_Logo__black_1338x412px.png","width":1338,"height":412,"caption":"amatustra - strickroth & fiege fotografie"},"image":{"@id":"http:\/\/www.amatustra.de\/fotografie\/#\/schema\/logo\/image\/"},"sameAs":["https:\/\/www.facebook.com\/amatustra","https:\/\/de.pinterest.com\/amatustra\/","https:\/\/www.youtube.com\/user\/agency22"]}]}},"_links":{"self":[{"href":"http:\/\/www.amatustra.de\/fotografie\/wp-json\/wp\/v2\/pages\/5552","targetHints":{"allow":["GET"]}}],"collection":[{"href":"http:\/\/www.amatustra.de\/fotografie\/wp-json\/wp\/v2\/pages"}],"about":[{"href":"http:\/\/www.amatustra.de\/fotografie\/wp-json\/wp\/v2\/types\/page"}],"author":[{"embeddable":true,"href":"http:\/\/www.amatustra.de\/fotografie\/wp-json\/wp\/v2\/users\/1"}],"replies":[{"embeddable":true,"href":"http:\/\/www.amatustra.de\/fotografie\/wp-json\/wp\/v2\/comments?post=5552"}],"version-history":[{"count":8,"href":"http:\/\/www.amatustra.de\/fotografie\/wp-json\/wp\/v2\/pages\/5552\/revisions"}],"predecessor-version":[{"id":5716,"href":"http:\/\/www.amatustra.de\/fotografie\/wp-json\/wp\/v2\/pages\/5552\/revisions\/5716"}],"up":[{"embeddable":true,"href":"http:\/\/www.amatustra.de\/fotografie\/wp-json\/wp\/v2\/pages\/4143"}],"wp:featuredmedia":[{"embeddable":true,"href":"http:\/\/www.amatustra.de\/fotografie\/wp-json\/wp\/v2\/media\/5531"}],"wp:attachment":[{"href":"http:\/\/www.amatustra.de\/fotografie\/wp-json\/wp\/v2\/media?parent=5552"}],"curies":[{"name":"wp","href":"https:\/\/api.w.org\/{rel}","templated":true}]}}