{"id":5548,"date":"2017-08-28T12:20:13","date_gmt":"2017-08-28T10:20:13","guid":{"rendered":"http:\/\/www.amatustra.de\/fotografie\/?page_id=5548"},"modified":"2017-08-28T15:01:29","modified_gmt":"2017-08-28T13:01:29","slug":"kindergartenfotos","status":"publish","type":"page","link":"http:\/\/www.amatustra.de\/fotografie\/produkte\/kindergartenfotos\/","title":{"rendered":"KINDERGARTENFOTOS"},"content":{"rendered":"<div class=\"wpb-content-wrapper\"><p>[vc_row][vc_column][napoli_custom_text_block title=&#8220;KINDERGARTENFOTOS&#8220; subtitle=&#8220;SPASS F\u00dcR DIE KINDER. TOLLE BILDER F\u00dcR DIE ELTERN.&#8220; btn_text=&#8220;BUCHEN&#8220; btn_url=&#8220;http:\/\/www.amatustra.de\/fotografie\/kontakt\/buchen\/&#8220;]Anke ist f\u00fcr die Kindergartenfotografie zust\u00e4ndig.<br \/>\nDurch ihren erfahrenen Umgang mit Kindern bei Fotosessions kommt keine Langeweile auf. Und die Zeit vor der Kamera macht Spass!<\/p>\n<p>Die Grundidee besteht in der Auswahl der \u00d6rtlichkeit. N\u00e4mlich nicht der Kindergartenraum oder die Turnhalle dienen als Fotolocation, sondern die Umgebung. In freier Natur (auf dem Spielplatz, einer Wiese, am Waldtag u.\u00e4.) entstehen ungeszwungene Fotos \u2013 und nicht nur eine Einstellung!<\/p>\n<p>F\u00fcr die Kinder bedeutet es Spass. Die ErzieherInnen haben es ebenfalls leicht, diesen Termin in ihren Tagesablauf einzubetten und die Eltern freuen sich \u00fcber authentische Fotos ihrer Kinder.<\/p>\n<p>&nbsp;<\/p>\n<blockquote><p>Weitere Infos und Buchungen bei uns:<br \/>\nTel. 06081.4460680\u00a0 |\u00a0 mobil: 0157.72563795 &amp; 0178.4911135<br \/>\nemail: <a href=\"mailto:klick@amatustra.de\">klick@amatustra.de<\/a>\u00a0 |\u00a0 <a title=\"Kontaktformular\" href=\"http:\/\/www.amatustra.de\/fotografie\/kontakt\/\">Kontaktformular<\/a><\/p><\/blockquote>\n<p>[\/napoli_custom_text_block][\/vc_column][\/vc_row]<\/p>\n<\/div>","protected":false},"excerpt":{"rendered":"<p>[vc_row][vc_column][napoli_custom_text_block title=&#8220;KINDERGARTENFOTOS&#8220; subtitle=&#8220;SPASS F\u00dcR DIE KINDER. TOLLE BILDER F\u00dcR DIE ELTERN.&#8220; btn_text=&#8220;BUCHEN&#8220; btn_url=&#8220;http:\/\/www.amatustra.de\/fotografie\/kontakt\/buchen\/&#8220;]Anke ist f\u00fcr die Kindergartenfotografie zust\u00e4ndig. Durch ihren erfahrenen Umgang mit Kindern bei Fotosessions kommt keine Langeweile auf. Und die Zeit vor der Kamera macht Spass! Die Grundidee besteht in der Auswahl der \u00d6rtlichkeit. N\u00e4mlich nicht der Kindergartenraum oder die Turnhalle dienen als [&hellip;]<\/p>\n","protected":false},"author":1,"featured_media":5544,"parent":4143,"menu_order":0,"comment_status":"closed","ping_status":"closed","template":"","meta":{"footnotes":""},"class_list":["post-5548","page","type-page","status-publish","has-post-thumbnail","hentry"],"yoast_head":"<!-- This site is optimized with the Yoast SEO plugin v26.6 - https:\/\/yoast.com\/wordpress\/plugins\/seo\/ -->\n<title>KINDERGARTENFOTOS - amatustra fotografie |&nbsp;Hochzeitsfotografen &bull;&nbsp;Hochzeitsfilm &bull; Schwangerschaft-, Baby-, Kinder-, Familienfotos &bull;&nbsp;Event- und gewerbliche Fotografie<\/title>\n<meta name=\"description\" content=\"Wir haben ein sch\u00f6nes Fotopaket f\u00fcr Kinderg\u00e4rten im Programm. Spa\u00df f\u00fcr die Kinder und eine perfekte L\u00f6sung f\u00fcr ErzieherInnen und Eltern.\" \/>\n<meta name=\"robots\" content=\"index, follow, max-snippet:-1, max-image-preview:large, max-video-preview:-1\" \/>\n<link rel=\"canonical\" href=\"http:\/\/www.amatustra.de\/fotografie\/produkte\/kindergartenfotos\/\" \/>\n<meta property=\"og:locale\" content=\"de_DE\" \/>\n<meta property=\"og:type\" content=\"article\" \/>\n<meta property=\"og:title\" content=\"KINDERGARTENFOTOS - amatustra fotografie |&nbsp;Hochzeitsfotografen &bull;&nbsp;Hochzeitsfilm &bull; Schwangerschaft-, Baby-, Kinder-, Familienfotos &bull;&nbsp;Event- und gewerbliche Fotografie\" \/>\n<meta property=\"og:description\" content=\"Wir haben ein sch\u00f6nes Fotopaket f\u00fcr Kinderg\u00e4rten im Programm. Spa\u00df f\u00fcr die Kinder und eine perfekte L\u00f6sung f\u00fcr ErzieherInnen und Eltern.\" \/>\n<meta property=\"og:url\" content=\"http:\/\/www.amatustra.de\/fotografie\/produkte\/kindergartenfotos\/\" \/>\n<meta property=\"og:site_name\" content=\"amatustra fotografie |&nbsp;Hochzeitsfotografen &bull;&nbsp;Hochzeitsfilm &bull; Schwangerschaft-, Baby-, Kinder-, Familienfotos &bull;&nbsp;Event- und gewerbliche Fotografie\" \/>\n<meta property=\"article:publisher\" content=\"https:\/\/www.facebook.com\/amatustra\" \/>\n<meta property=\"article:modified_time\" content=\"2017-08-28T13:01:29+00:00\" \/>\n<meta property=\"og:image\" content=\"http:\/\/www.amatustra.de\/fotografie\/wp-content\/uploads\/Kleine_Kinder-226928.jpg\" \/>\n\t<meta property=\"og:image:width\" content=\"1063\" \/>\n\t<meta property=\"og:image:height\" content=\"707\" \/>\n\t<meta property=\"og:image:type\" content=\"image\/jpeg\" \/>\n<meta name=\"twitter:card\" content=\"summary_large_image\" \/>\n<meta name=\"twitter:label1\" content=\"Gesch\u00e4tzte Lesezeit\" \/>\n\t<meta name=\"twitter:data1\" content=\"1\u00a0Minute\" \/>\n<script type=\"application\/ld+json\" class=\"yoast-schema-graph\">{\"@context\":\"https:\/\/schema.org\",\"@graph\":[{\"@type\":\"WebPage\",\"@id\":\"http:\/\/www.amatustra.de\/fotografie\/produkte\/kindergartenfotos\/\",\"url\":\"http:\/\/www.amatustra.de\/fotografie\/produkte\/kindergartenfotos\/\",\"name\":\"KINDERGARTENFOTOS - amatustra fotografie |&nbsp;Hochzeitsfotografen &bull;&nbsp;Hochzeitsfilm &bull; Schwangerschaft-, Baby-, Kinder-, Familienfotos &bull;&nbsp;Event- und gewerbliche Fotografie\",\"isPartOf\":{\"@id\":\"http:\/\/www.amatustra.de\/fotografie\/#website\"},\"primaryImageOfPage\":{\"@id\":\"http:\/\/www.amatustra.de\/fotografie\/produkte\/kindergartenfotos\/#primaryimage\"},\"image\":{\"@id\":\"http:\/\/www.amatustra.de\/fotografie\/produkte\/kindergartenfotos\/#primaryimage\"},\"thumbnailUrl\":\"http:\/\/www.amatustra.de\/fotografie\/wp-content\/uploads\/Kleine_Kinder-226928.jpg\",\"datePublished\":\"2017-08-28T10:20:13+00:00\",\"dateModified\":\"2017-08-28T13:01:29+00:00\",\"description\":\"Wir haben ein sch\u00f6nes Fotopaket f\u00fcr Kinderg\u00e4rten im Programm. Spa\u00df f\u00fcr die Kinder und eine perfekte L\u00f6sung f\u00fcr ErzieherInnen und Eltern.\",\"breadcrumb\":{\"@id\":\"http:\/\/www.amatustra.de\/fotografie\/produkte\/kindergartenfotos\/#breadcrumb\"},\"inLanguage\":\"de\",\"potentialAction\":[{\"@type\":\"ReadAction\",\"target\":[\"http:\/\/www.amatustra.de\/fotografie\/produkte\/kindergartenfotos\/\"]}]},{\"@type\":\"ImageObject\",\"inLanguage\":\"de\",\"@id\":\"http:\/\/www.amatustra.de\/fotografie\/produkte\/kindergartenfotos\/#primaryimage\",\"url\":\"http:\/\/www.amatustra.de\/fotografie\/wp-content\/uploads\/Kleine_Kinder-226928.jpg\",\"contentUrl\":\"http:\/\/www.amatustra.de\/fotografie\/wp-content\/uploads\/Kleine_Kinder-226928.jpg\",\"width\":1063,\"height\":707,\"caption\":\"Kinder-Foto\"},{\"@type\":\"BreadcrumbList\",\"@id\":\"http:\/\/www.amatustra.de\/fotografie\/produkte\/kindergartenfotos\/#breadcrumb\",\"itemListElement\":[{\"@type\":\"ListItem\",\"position\":1,\"name\":\"Startseite\",\"item\":\"http:\/\/www.amatustra.de\/fotografie\/\"},{\"@type\":\"ListItem\",\"position\":2,\"name\":\"Produkte\",\"item\":\"http:\/\/www.amatustra.de\/fotografie\/produkte\/\"},{\"@type\":\"ListItem\",\"position\":3,\"name\":\"KINDERGARTENFOTOS\"}]},{\"@type\":\"WebSite\",\"@id\":\"http:\/\/www.amatustra.de\/fotografie\/#website\",\"url\":\"http:\/\/www.amatustra.de\/fotografie\/\",\"name\":\"amatustra fotografie |&nbsp;Hochzeitsfotografen &bull;&nbsp;Hochzeitsfilm &bull; Schwangerschaft-, Baby-, Kinder-, Familienfotos &bull;&nbsp;Event- und gewerbliche Fotografie\",\"description\":\"\",\"publisher\":{\"@id\":\"http:\/\/www.amatustra.de\/fotografie\/#organization\"},\"potentialAction\":[{\"@type\":\"SearchAction\",\"target\":{\"@type\":\"EntryPoint\",\"urlTemplate\":\"http:\/\/www.amatustra.de\/fotografie\/?s={search_term_string}\"},\"query-input\":{\"@type\":\"PropertyValueSpecification\",\"valueRequired\":true,\"valueName\":\"search_term_string\"}}],\"inLanguage\":\"de\"},{\"@type\":\"Organization\",\"@id\":\"http:\/\/www.amatustra.de\/fotografie\/#organization\",\"name\":\"amatustra - strickroth & fiege fotografie\",\"url\":\"http:\/\/www.amatustra.de\/fotografie\/\",\"logo\":{\"@type\":\"ImageObject\",\"inLanguage\":\"de\",\"@id\":\"http:\/\/www.amatustra.de\/fotografie\/#\/schema\/logo\/image\/\",\"url\":\"http:\/\/www.amatustra.de\/fotografie\/wp-content\/uploads\/amatustra_fotografie_Logo__black_1338x412px.png\",\"contentUrl\":\"http:\/\/www.amatustra.de\/fotografie\/wp-content\/uploads\/amatustra_fotografie_Logo__black_1338x412px.png\",\"width\":1338,\"height\":412,\"caption\":\"amatustra - strickroth & fiege fotografie\"},\"image\":{\"@id\":\"http:\/\/www.amatustra.de\/fotografie\/#\/schema\/logo\/image\/\"},\"sameAs\":[\"https:\/\/www.facebook.com\/amatustra\",\"https:\/\/de.pinterest.com\/amatustra\/\",\"https:\/\/www.youtube.com\/user\/agency22\"]}]}<\/script>\n<!-- \/ Yoast SEO plugin. -->","yoast_head_json":{"title":"KINDERGARTENFOTOS - amatustra fotografie |&nbsp;Hochzeitsfotografen &bull;&nbsp;Hochzeitsfilm &bull; Schwangerschaft-, Baby-, Kinder-, Familienfotos &bull;&nbsp;Event- und gewerbliche Fotografie","description":"Wir haben ein sch\u00f6nes Fotopaket f\u00fcr Kinderg\u00e4rten im Programm. Spa\u00df f\u00fcr die Kinder und eine perfekte L\u00f6sung f\u00fcr ErzieherInnen und Eltern.","robots":{"index":"index","follow":"follow","max-snippet":"max-snippet:-1","max-image-preview":"max-image-preview:large","max-video-preview":"max-video-preview:-1"},"canonical":"http:\/\/www.amatustra.de\/fotografie\/produkte\/kindergartenfotos\/","og_locale":"de_DE","og_type":"article","og_title":"KINDERGARTENFOTOS - amatustra fotografie |&nbsp;Hochzeitsfotografen &bull;&nbsp;Hochzeitsfilm &bull; Schwangerschaft-, Baby-, Kinder-, Familienfotos &bull;&nbsp;Event- und gewerbliche Fotografie","og_description":"Wir haben ein sch\u00f6nes Fotopaket f\u00fcr Kinderg\u00e4rten im Programm. Spa\u00df f\u00fcr die Kinder und eine perfekte L\u00f6sung f\u00fcr ErzieherInnen und Eltern.","og_url":"http:\/\/www.amatustra.de\/fotografie\/produkte\/kindergartenfotos\/","og_site_name":"amatustra fotografie |&nbsp;Hochzeitsfotografen &bull;&nbsp;Hochzeitsfilm &bull; Schwangerschaft-, Baby-, Kinder-, Familienfotos &bull;&nbsp;Event- und gewerbliche Fotografie","article_publisher":"https:\/\/www.facebook.com\/amatustra","article_modified_time":"2017-08-28T13:01:29+00:00","og_image":[{"width":1063,"height":707,"url":"http:\/\/www.amatustra.de\/fotografie\/wp-content\/uploads\/Kleine_Kinder-226928.jpg","type":"image\/jpeg"}],"twitter_card":"summary_large_image","twitter_misc":{"Gesch\u00e4tzte Lesezeit":"1\u00a0Minute"},"schema":{"@context":"https:\/\/schema.org","@graph":[{"@type":"WebPage","@id":"http:\/\/www.amatustra.de\/fotografie\/produkte\/kindergartenfotos\/","url":"http:\/\/www.amatustra.de\/fotografie\/produkte\/kindergartenfotos\/","name":"KINDERGARTENFOTOS - amatustra fotografie |&nbsp;Hochzeitsfotografen &bull;&nbsp;Hochzeitsfilm &bull; Schwangerschaft-, Baby-, Kinder-, Familienfotos &bull;&nbsp;Event- und gewerbliche Fotografie","isPartOf":{"@id":"http:\/\/www.amatustra.de\/fotografie\/#website"},"primaryImageOfPage":{"@id":"http:\/\/www.amatustra.de\/fotografie\/produkte\/kindergartenfotos\/#primaryimage"},"image":{"@id":"http:\/\/www.amatustra.de\/fotografie\/produkte\/kindergartenfotos\/#primaryimage"},"thumbnailUrl":"http:\/\/www.amatustra.de\/fotografie\/wp-content\/uploads\/Kleine_Kinder-226928.jpg","datePublished":"2017-08-28T10:20:13+00:00","dateModified":"2017-08-28T13:01:29+00:00","description":"Wir haben ein sch\u00f6nes Fotopaket f\u00fcr Kinderg\u00e4rten im Programm. Spa\u00df f\u00fcr die Kinder und eine perfekte L\u00f6sung f\u00fcr ErzieherInnen und Eltern.","breadcrumb":{"@id":"http:\/\/www.amatustra.de\/fotografie\/produkte\/kindergartenfotos\/#breadcrumb"},"inLanguage":"de","potentialAction":[{"@type":"ReadAction","target":["http:\/\/www.amatustra.de\/fotografie\/produkte\/kindergartenfotos\/"]}]},{"@type":"ImageObject","inLanguage":"de","@id":"http:\/\/www.amatustra.de\/fotografie\/produkte\/kindergartenfotos\/#primaryimage","url":"http:\/\/www.amatustra.de\/fotografie\/wp-content\/uploads\/Kleine_Kinder-226928.jpg","contentUrl":"http:\/\/www.amatustra.de\/fotografie\/wp-content\/uploads\/Kleine_Kinder-226928.jpg","width":1063,"height":707,"caption":"Kinder-Foto"},{"@type":"BreadcrumbList","@id":"http:\/\/www.amatustra.de\/fotografie\/produkte\/kindergartenfotos\/#breadcrumb","itemListElement":[{"@type":"ListItem","position":1,"name":"Startseite","item":"http:\/\/www.amatustra.de\/fotografie\/"},{"@type":"ListItem","position":2,"name":"Produkte","item":"http:\/\/www.amatustra.de\/fotografie\/produkte\/"},{"@type":"ListItem","position":3,"name":"KINDERGARTENFOTOS"}]},{"@type":"WebSite","@id":"http:\/\/www.amatustra.de\/fotografie\/#website","url":"http:\/\/www.amatustra.de\/fotografie\/","name":"amatustra fotografie |&nbsp;Hochzeitsfotografen &bull;&nbsp;Hochzeitsfilm &bull; Schwangerschaft-, Baby-, Kinder-, Familienfotos &bull;&nbsp;Event- und gewerbliche Fotografie","description":"","publisher":{"@id":"http:\/\/www.amatustra.de\/fotografie\/#organization"},"potentialAction":[{"@type":"SearchAction","target":{"@type":"EntryPoint","urlTemplate":"http:\/\/www.amatustra.de\/fotografie\/?s={search_term_string}"},"query-input":{"@type":"PropertyValueSpecification","valueRequired":true,"valueName":"search_term_string"}}],"inLanguage":"de"},{"@type":"Organization","@id":"http:\/\/www.amatustra.de\/fotografie\/#organization","name":"amatustra - strickroth & fiege fotografie","url":"http:\/\/www.amatustra.de\/fotografie\/","logo":{"@type":"ImageObject","inLanguage":"de","@id":"http:\/\/www.amatustra.de\/fotografie\/#\/schema\/logo\/image\/","url":"http:\/\/www.amatustra.de\/fotografie\/wp-content\/uploads\/amatustra_fotografie_Logo__black_1338x412px.png","contentUrl":"http:\/\/www.amatustra.de\/fotografie\/wp-content\/uploads\/amatustra_fotografie_Logo__black_1338x412px.png","width":1338,"height":412,"caption":"amatustra - strickroth & fiege fotografie"},"image":{"@id":"http:\/\/www.amatustra.de\/fotografie\/#\/schema\/logo\/image\/"},"sameAs":["https:\/\/www.facebook.com\/amatustra","https:\/\/de.pinterest.com\/amatustra\/","https:\/\/www.youtube.com\/user\/agency22"]}]}},"_links":{"self":[{"href":"http:\/\/www.amatustra.de\/fotografie\/wp-json\/wp\/v2\/pages\/5548","targetHints":{"allow":["GET"]}}],"collection":[{"href":"http:\/\/www.amatustra.de\/fotografie\/wp-json\/wp\/v2\/pages"}],"about":[{"href":"http:\/\/www.amatustra.de\/fotografie\/wp-json\/wp\/v2\/types\/page"}],"author":[{"embeddable":true,"href":"http:\/\/www.amatustra.de\/fotografie\/wp-json\/wp\/v2\/users\/1"}],"replies":[{"embeddable":true,"href":"http:\/\/www.amatustra.de\/fotografie\/wp-json\/wp\/v2\/comments?post=5548"}],"version-history":[{"count":4,"href":"http:\/\/www.amatustra.de\/fotografie\/wp-json\/wp\/v2\/pages\/5548\/revisions"}],"predecessor-version":[{"id":5569,"href":"http:\/\/www.amatustra.de\/fotografie\/wp-json\/wp\/v2\/pages\/5548\/revisions\/5569"}],"up":[{"embeddable":true,"href":"http:\/\/www.amatustra.de\/fotografie\/wp-json\/wp\/v2\/pages\/4143"}],"wp:featuredmedia":[{"embeddable":true,"href":"http:\/\/www.amatustra.de\/fotografie\/wp-json\/wp\/v2\/media\/5544"}],"wp:attachment":[{"href":"http:\/\/www.amatustra.de\/fotografie\/wp-json\/wp\/v2\/media?parent=5548"}],"curies":[{"name":"wp","href":"https:\/\/api.w.org\/{rel}","templated":true}]}}