{"id":5488,"date":"2017-08-21T15:29:55","date_gmt":"2017-08-21T13:29:55","guid":{"rendered":"http:\/\/www.amatustra.de\/fotografie\/?page_id=5488"},"modified":"2018-04-24T15:08:35","modified_gmt":"2018-04-24T13:08:35","slug":"cloud-info-seite","status":"publish","type":"page","link":"http:\/\/www.amatustra.de\/fotografie\/cloud-info-seite\/","title":{"rendered":"cloud"},"content":{"rendered":"<div class=\"wpb-content-wrapper\"><p>[vc_row equal_height=&#8220;yes&#8220; desctop_mb=&#8220;margin-lg-70b&#8220; tablets_mb=&#8220;margin-sm-45b&#8220; mobile_mb=&#8220;margin-xs-30b&#8220; tablets_pt=&#8220;padding-sm-30t&#8220; mobile_pt=&#8220;padding-xs-0t&#8220; css=&#8220;.vc_custom_1481408003645{padding-right: 0px !important;padding-bottom: 0px !important;padding-left: 0px !important;}&#8220; el_class=&#8220;about-details-section&#8220;][vc_column mobile_mb=&#8220;margin-xs-20b&#8220; offset=&#8220;vc_col-lg-5 vc_col-md-6 vc_col-xs-12&#8243; css=&#8220;.vc_custom_1477410452401{margin-bottom: 0px !important;padding-top: 0px !important;padding-right: 0px !important;padding-bottom: 0px !important;padding-left: 0px !important;}&#8220;][vc_single_image image=&#8220;5492&#8243; img_size=&#8220;full&#8220; alignment=&#8220;center&#8220; style=&#8220;vc_box_border_circle_2&#8243; onclick=&#8220;custom_link&#8220; img_link_target=&#8220;_blank&#8220; css=&#8220;.vc_custom_1503322437423{margin-top: 55px !important;margin-bottom: 0px !important;}&#8220; link=&#8220;http:\/\/www.amatustra.de\/fotografie\/cloud\/&#8220;][\/vc_column][vc_column offset=&#8220;vc_col-lg-7 vc_col-md-6 vc_col-xs-12&#8243; css=&#8220;.vc_custom_1477410464211{padding-top: 0px !important;padding-right: 0px !important;padding-bottom: 0px !important;padding-left: 0px !important;}&#8220;][napoli_custom_text_block title=&#8220;LIEFERSERVICE&#8220; subtitle=&#8220;WILLKOMMEN IN DER AMATUSTRA-CLOUD&#8220;]Via passwortgesch\u00fctztem Log-In auf unserer hauseigenen Cloud, stellen wir Euch Vorschaugalerien zur Ansicht und Eure fertigen Fotografien zum Download bereit.<br \/>\nEbenso kann die Cloud zum Datentransfer in beide Richtungen verwendet werden.<\/p>\n<p>Eure Log-In-Infos erhaltet Ihr von uns per eMail.<br \/>\nUnd beachtet bitte auch unsere <a href=\"http:\/\/www.amatustra.de\/fotografie\/datenschutzerklaerung\/\">Datenschutzerkl\u00e4rung<\/a>.<\/p>\n<blockquote><p>Kommt in unsere Wolke und holt Euch Eure Bilder.<\/p><\/blockquote>\n<p>&nbsp;<\/p>\n<h4><a href=\"http:\/\/www.amatustra.de\/fotografie\/cloud\" target=\"_blank\" rel=\"noopener\"><img loading=\"lazy\" decoding=\"async\" class=\"alignnone size-full wp-image-5490\" src=\"http:\/\/www.amatustra.de\/fotografie\/wp-content\/uploads\/Logo_Cloud-Icon.png\" alt=\"Cloud-Icon\" width=\"175\" height=\"96\" data-id=\"5490\" \/><\/a>\u00a0 <a href=\"http:\/\/www.amatustra.de\/fotografie\/cloud\" target=\"_blank\" rel=\"noopener\">cloud<\/a><\/h4>\n<p>[\/napoli_custom_text_block][\/vc_column][\/vc_row]<\/p>\n<\/div>","protected":false},"excerpt":{"rendered":"<p>[vc_row equal_height=&#8220;yes&#8220; desctop_mb=&#8220;margin-lg-70b&#8220; tablets_mb=&#8220;margin-sm-45b&#8220; mobile_mb=&#8220;margin-xs-30b&#8220; tablets_pt=&#8220;padding-sm-30t&#8220; mobile_pt=&#8220;padding-xs-0t&#8220; css=&#8220;.vc_custom_1481408003645{padding-right: 0px !important;padding-bottom: 0px !important;padding-left: 0px !important;}&#8220; el_class=&#8220;about-details-section&#8220;][vc_column mobile_mb=&#8220;margin-xs-20b&#8220; offset=&#8220;vc_col-lg-5 vc_col-md-6 vc_col-xs-12&#8243; css=&#8220;.vc_custom_1477410452401{margin-bottom: 0px !important;padding-top: 0px !important;padding-right: 0px !important;padding-bottom: 0px !important;padding-left: 0px !important;}&#8220;][vc_single_image image=&#8220;5492&#8243; img_size=&#8220;full&#8220; alignment=&#8220;center&#8220; style=&#8220;vc_box_border_circle_2&#8243; onclick=&#8220;custom_link&#8220; img_link_target=&#8220;_blank&#8220; css=&#8220;.vc_custom_1503322437423{margin-top: 55px !important;margin-bottom: 0px !important;}&#8220; link=&#8220;http:\/\/www.amatustra.de\/fotografie\/cloud\/&#8220;][\/vc_column][vc_column offset=&#8220;vc_col-lg-7 vc_col-md-6 vc_col-xs-12&#8243; css=&#8220;.vc_custom_1477410464211{padding-top: 0px !important;padding-right: 0px !important;padding-bottom: 0px !important;padding-left: 0px !important;}&#8220;][napoli_custom_text_block title=&#8220;LIEFERSERVICE&#8220; [&hellip;]<\/p>\n","protected":false},"author":1,"featured_media":0,"parent":0,"menu_order":0,"comment_status":"closed","ping_status":"closed","template":"","meta":{"footnotes":""},"class_list":["post-5488","page","type-page","status-publish","hentry"],"yoast_head":"<!-- This site is optimized with the Yoast SEO plugin v26.6 - https:\/\/yoast.com\/wordpress\/plugins\/seo\/ -->\n<title>cloud - amatustra fotografie |&nbsp;Hochzeitsfotografen &bull;&nbsp;Hochzeitsfilm &bull; Schwangerschaft-, Baby-, Kinder-, Familienfotos &bull;&nbsp;Event- und gewerbliche Fotografie<\/title>\n<meta name=\"description\" content=\"Die Log-In-Seite f\u00fcr unsere Kunden. \u00dcber unsere Cloud k\u00f6nnen Daten transferiert, Galerien sicher angeschaut und Fotografien heruntergel\u00f6aden werden.\" \/>\n<meta name=\"robots\" content=\"index, follow, max-snippet:-1, max-image-preview:large, max-video-preview:-1\" \/>\n<link rel=\"canonical\" href=\"http:\/\/www.amatustra.de\/fotografie\/cloud-info-seite\/\" \/>\n<meta property=\"og:locale\" content=\"de_DE\" \/>\n<meta property=\"og:type\" content=\"article\" \/>\n<meta property=\"og:title\" content=\"cloud - amatustra fotografie |&nbsp;Hochzeitsfotografen &bull;&nbsp;Hochzeitsfilm &bull; Schwangerschaft-, Baby-, Kinder-, Familienfotos &bull;&nbsp;Event- und gewerbliche Fotografie\" \/>\n<meta property=\"og:description\" content=\"Die Log-In-Seite f\u00fcr unsere Kunden. \u00dcber unsere Cloud k\u00f6nnen Daten transferiert, Galerien sicher angeschaut und Fotografien heruntergel\u00f6aden werden.\" \/>\n<meta property=\"og:url\" content=\"http:\/\/www.amatustra.de\/fotografie\/cloud-info-seite\/\" \/>\n<meta property=\"og:site_name\" content=\"amatustra fotografie |&nbsp;Hochzeitsfotografen &bull;&nbsp;Hochzeitsfilm &bull; Schwangerschaft-, Baby-, Kinder-, Familienfotos &bull;&nbsp;Event- und gewerbliche Fotografie\" \/>\n<meta property=\"article:publisher\" content=\"https:\/\/www.facebook.com\/amatustra\" \/>\n<meta property=\"article:modified_time\" content=\"2018-04-24T13:08:35+00:00\" \/>\n<meta property=\"og:image\" content=\"http:\/\/www.amatustra.de\/fotografie\/wp-content\/uploads\/Logo_Cloud-Icon.png\" \/>\n<meta name=\"twitter:card\" content=\"summary_large_image\" \/>\n<meta name=\"twitter:label1\" content=\"Gesch\u00e4tzte Lesezeit\" \/>\n\t<meta name=\"twitter:data1\" content=\"1\u00a0Minute\" \/>\n<script type=\"application\/ld+json\" class=\"yoast-schema-graph\">{\"@context\":\"https:\/\/schema.org\",\"@graph\":[{\"@type\":\"WebPage\",\"@id\":\"http:\/\/www.amatustra.de\/fotografie\/cloud-info-seite\/\",\"url\":\"http:\/\/www.amatustra.de\/fotografie\/cloud-info-seite\/\",\"name\":\"cloud - amatustra fotografie |&nbsp;Hochzeitsfotografen &bull;&nbsp;Hochzeitsfilm &bull; Schwangerschaft-, Baby-, Kinder-, Familienfotos &bull;&nbsp;Event- und gewerbliche Fotografie\",\"isPartOf\":{\"@id\":\"http:\/\/www.amatustra.de\/fotografie\/#website\"},\"primaryImageOfPage\":{\"@id\":\"http:\/\/www.amatustra.de\/fotografie\/cloud-info-seite\/#primaryimage\"},\"image\":{\"@id\":\"http:\/\/www.amatustra.de\/fotografie\/cloud-info-seite\/#primaryimage\"},\"thumbnailUrl\":\"http:\/\/www.amatustra.de\/fotografie\/wp-content\/uploads\/Logo_Cloud-Icon.png\",\"datePublished\":\"2017-08-21T13:29:55+00:00\",\"dateModified\":\"2018-04-24T13:08:35+00:00\",\"description\":\"Die Log-In-Seite f\u00fcr unsere Kunden. \u00dcber unsere Cloud k\u00f6nnen Daten transferiert, Galerien sicher angeschaut und Fotografien heruntergel\u00f6aden werden.\",\"breadcrumb\":{\"@id\":\"http:\/\/www.amatustra.de\/fotografie\/cloud-info-seite\/#breadcrumb\"},\"inLanguage\":\"de\",\"potentialAction\":[{\"@type\":\"ReadAction\",\"target\":[\"http:\/\/www.amatustra.de\/fotografie\/cloud-info-seite\/\"]}]},{\"@type\":\"ImageObject\",\"inLanguage\":\"de\",\"@id\":\"http:\/\/www.amatustra.de\/fotografie\/cloud-info-seite\/#primaryimage\",\"url\":\"http:\/\/www.amatustra.de\/fotografie\/wp-content\/uploads\/Logo_Cloud-Icon.png\",\"contentUrl\":\"http:\/\/www.amatustra.de\/fotografie\/wp-content\/uploads\/Logo_Cloud-Icon.png\",\"width\":175,\"height\":96,\"caption\":\"Cloud-Icon\"},{\"@type\":\"BreadcrumbList\",\"@id\":\"http:\/\/www.amatustra.de\/fotografie\/cloud-info-seite\/#breadcrumb\",\"itemListElement\":[{\"@type\":\"ListItem\",\"position\":1,\"name\":\"Startseite\",\"item\":\"http:\/\/www.amatustra.de\/fotografie\/\"},{\"@type\":\"ListItem\",\"position\":2,\"name\":\"cloud\"}]},{\"@type\":\"WebSite\",\"@id\":\"http:\/\/www.amatustra.de\/fotografie\/#website\",\"url\":\"http:\/\/www.amatustra.de\/fotografie\/\",\"name\":\"amatustra fotografie |&nbsp;Hochzeitsfotografen &bull;&nbsp;Hochzeitsfilm &bull; Schwangerschaft-, Baby-, Kinder-, Familienfotos &bull;&nbsp;Event- und gewerbliche Fotografie\",\"description\":\"\",\"publisher\":{\"@id\":\"http:\/\/www.amatustra.de\/fotografie\/#organization\"},\"potentialAction\":[{\"@type\":\"SearchAction\",\"target\":{\"@type\":\"EntryPoint\",\"urlTemplate\":\"http:\/\/www.amatustra.de\/fotografie\/?s={search_term_string}\"},\"query-input\":{\"@type\":\"PropertyValueSpecification\",\"valueRequired\":true,\"valueName\":\"search_term_string\"}}],\"inLanguage\":\"de\"},{\"@type\":\"Organization\",\"@id\":\"http:\/\/www.amatustra.de\/fotografie\/#organization\",\"name\":\"amatustra - strickroth & fiege fotografie\",\"url\":\"http:\/\/www.amatustra.de\/fotografie\/\",\"logo\":{\"@type\":\"ImageObject\",\"inLanguage\":\"de\",\"@id\":\"http:\/\/www.amatustra.de\/fotografie\/#\/schema\/logo\/image\/\",\"url\":\"http:\/\/www.amatustra.de\/fotografie\/wp-content\/uploads\/amatustra_fotografie_Logo__black_1338x412px.png\",\"contentUrl\":\"http:\/\/www.amatustra.de\/fotografie\/wp-content\/uploads\/amatustra_fotografie_Logo__black_1338x412px.png\",\"width\":1338,\"height\":412,\"caption\":\"amatustra - strickroth & fiege fotografie\"},\"image\":{\"@id\":\"http:\/\/www.amatustra.de\/fotografie\/#\/schema\/logo\/image\/\"},\"sameAs\":[\"https:\/\/www.facebook.com\/amatustra\",\"https:\/\/de.pinterest.com\/amatustra\/\",\"https:\/\/www.youtube.com\/user\/agency22\"]}]}<\/script>\n<!-- \/ Yoast SEO plugin. -->","yoast_head_json":{"title":"cloud - amatustra fotografie |&nbsp;Hochzeitsfotografen &bull;&nbsp;Hochzeitsfilm &bull; Schwangerschaft-, Baby-, Kinder-, Familienfotos &bull;&nbsp;Event- und gewerbliche Fotografie","description":"Die Log-In-Seite f\u00fcr unsere Kunden. \u00dcber unsere Cloud k\u00f6nnen Daten transferiert, Galerien sicher angeschaut und Fotografien heruntergel\u00f6aden werden.","robots":{"index":"index","follow":"follow","max-snippet":"max-snippet:-1","max-image-preview":"max-image-preview:large","max-video-preview":"max-video-preview:-1"},"canonical":"http:\/\/www.amatustra.de\/fotografie\/cloud-info-seite\/","og_locale":"de_DE","og_type":"article","og_title":"cloud - amatustra fotografie |&nbsp;Hochzeitsfotografen &bull;&nbsp;Hochzeitsfilm &bull; Schwangerschaft-, Baby-, Kinder-, Familienfotos &bull;&nbsp;Event- und gewerbliche Fotografie","og_description":"Die Log-In-Seite f\u00fcr unsere Kunden. \u00dcber unsere Cloud k\u00f6nnen Daten transferiert, Galerien sicher angeschaut und Fotografien heruntergel\u00f6aden werden.","og_url":"http:\/\/www.amatustra.de\/fotografie\/cloud-info-seite\/","og_site_name":"amatustra fotografie |&nbsp;Hochzeitsfotografen &bull;&nbsp;Hochzeitsfilm &bull; Schwangerschaft-, Baby-, Kinder-, Familienfotos &bull;&nbsp;Event- und gewerbliche Fotografie","article_publisher":"https:\/\/www.facebook.com\/amatustra","article_modified_time":"2018-04-24T13:08:35+00:00","og_image":[{"url":"http:\/\/www.amatustra.de\/fotografie\/wp-content\/uploads\/Logo_Cloud-Icon.png","type":"","width":"","height":""}],"twitter_card":"summary_large_image","twitter_misc":{"Gesch\u00e4tzte Lesezeit":"1\u00a0Minute"},"schema":{"@context":"https:\/\/schema.org","@graph":[{"@type":"WebPage","@id":"http:\/\/www.amatustra.de\/fotografie\/cloud-info-seite\/","url":"http:\/\/www.amatustra.de\/fotografie\/cloud-info-seite\/","name":"cloud - amatustra fotografie |&nbsp;Hochzeitsfotografen &bull;&nbsp;Hochzeitsfilm &bull; Schwangerschaft-, Baby-, Kinder-, Familienfotos &bull;&nbsp;Event- und gewerbliche Fotografie","isPartOf":{"@id":"http:\/\/www.amatustra.de\/fotografie\/#website"},"primaryImageOfPage":{"@id":"http:\/\/www.amatustra.de\/fotografie\/cloud-info-seite\/#primaryimage"},"image":{"@id":"http:\/\/www.amatustra.de\/fotografie\/cloud-info-seite\/#primaryimage"},"thumbnailUrl":"http:\/\/www.amatustra.de\/fotografie\/wp-content\/uploads\/Logo_Cloud-Icon.png","datePublished":"2017-08-21T13:29:55+00:00","dateModified":"2018-04-24T13:08:35+00:00","description":"Die Log-In-Seite f\u00fcr unsere Kunden. \u00dcber unsere Cloud k\u00f6nnen Daten transferiert, Galerien sicher angeschaut und Fotografien heruntergel\u00f6aden werden.","breadcrumb":{"@id":"http:\/\/www.amatustra.de\/fotografie\/cloud-info-seite\/#breadcrumb"},"inLanguage":"de","potentialAction":[{"@type":"ReadAction","target":["http:\/\/www.amatustra.de\/fotografie\/cloud-info-seite\/"]}]},{"@type":"ImageObject","inLanguage":"de","@id":"http:\/\/www.amatustra.de\/fotografie\/cloud-info-seite\/#primaryimage","url":"http:\/\/www.amatustra.de\/fotografie\/wp-content\/uploads\/Logo_Cloud-Icon.png","contentUrl":"http:\/\/www.amatustra.de\/fotografie\/wp-content\/uploads\/Logo_Cloud-Icon.png","width":175,"height":96,"caption":"Cloud-Icon"},{"@type":"BreadcrumbList","@id":"http:\/\/www.amatustra.de\/fotografie\/cloud-info-seite\/#breadcrumb","itemListElement":[{"@type":"ListItem","position":1,"name":"Startseite","item":"http:\/\/www.amatustra.de\/fotografie\/"},{"@type":"ListItem","position":2,"name":"cloud"}]},{"@type":"WebSite","@id":"http:\/\/www.amatustra.de\/fotografie\/#website","url":"http:\/\/www.amatustra.de\/fotografie\/","name":"amatustra fotografie |&nbsp;Hochzeitsfotografen &bull;&nbsp;Hochzeitsfilm &bull; Schwangerschaft-, Baby-, Kinder-, Familienfotos &bull;&nbsp;Event- und gewerbliche Fotografie","description":"","publisher":{"@id":"http:\/\/www.amatustra.de\/fotografie\/#organization"},"potentialAction":[{"@type":"SearchAction","target":{"@type":"EntryPoint","urlTemplate":"http:\/\/www.amatustra.de\/fotografie\/?s={search_term_string}"},"query-input":{"@type":"PropertyValueSpecification","valueRequired":true,"valueName":"search_term_string"}}],"inLanguage":"de"},{"@type":"Organization","@id":"http:\/\/www.amatustra.de\/fotografie\/#organization","name":"amatustra - strickroth & fiege fotografie","url":"http:\/\/www.amatustra.de\/fotografie\/","logo":{"@type":"ImageObject","inLanguage":"de","@id":"http:\/\/www.amatustra.de\/fotografie\/#\/schema\/logo\/image\/","url":"http:\/\/www.amatustra.de\/fotografie\/wp-content\/uploads\/amatustra_fotografie_Logo__black_1338x412px.png","contentUrl":"http:\/\/www.amatustra.de\/fotografie\/wp-content\/uploads\/amatustra_fotografie_Logo__black_1338x412px.png","width":1338,"height":412,"caption":"amatustra - strickroth & fiege fotografie"},"image":{"@id":"http:\/\/www.amatustra.de\/fotografie\/#\/schema\/logo\/image\/"},"sameAs":["https:\/\/www.facebook.com\/amatustra","https:\/\/de.pinterest.com\/amatustra\/","https:\/\/www.youtube.com\/user\/agency22"]}]}},"_links":{"self":[{"href":"http:\/\/www.amatustra.de\/fotografie\/wp-json\/wp\/v2\/pages\/5488","targetHints":{"allow":["GET"]}}],"collection":[{"href":"http:\/\/www.amatustra.de\/fotografie\/wp-json\/wp\/v2\/pages"}],"about":[{"href":"http:\/\/www.amatustra.de\/fotografie\/wp-json\/wp\/v2\/types\/page"}],"author":[{"embeddable":true,"href":"http:\/\/www.amatustra.de\/fotografie\/wp-json\/wp\/v2\/users\/1"}],"replies":[{"embeddable":true,"href":"http:\/\/www.amatustra.de\/fotografie\/wp-json\/wp\/v2\/comments?post=5488"}],"version-history":[{"count":17,"href":"http:\/\/www.amatustra.de\/fotografie\/wp-json\/wp\/v2\/pages\/5488\/revisions"}],"predecessor-version":[{"id":6126,"href":"http:\/\/www.amatustra.de\/fotografie\/wp-json\/wp\/v2\/pages\/5488\/revisions\/6126"}],"wp:attachment":[{"href":"http:\/\/www.amatustra.de\/fotografie\/wp-json\/wp\/v2\/media?parent=5488"}],"curies":[{"name":"wp","href":"https:\/\/api.w.org\/{rel}","templated":true}]}}