{"id":3916,"date":"2017-01-09T14:26:01","date_gmt":"2017-01-09T13:26:01","guid":{"rendered":"http:\/\/www.amatustra.de\/fotografie\/?page_id=3916"},"modified":"2025-01-21T11:14:53","modified_gmt":"2025-01-21T10:14:53","slug":"kontakt","status":"publish","type":"page","link":"http:\/\/www.amatustra.de\/fotografie\/kontakt\/","title":{"rendered":"Kontakt"},"content":{"rendered":"<div class=\"wpb-content-wrapper\"><p>[vc_row][vc_column][napoli_custom_text_block subtitle=&#8220;Wir freuen uns \u00fcber Nachrichten.&#8220;]Per e-Mail, Telefon oder via Kontaktformular \u2013 lernt uns kennen.<\/p>\n<blockquote><p>Anke Strickroth &amp; Stephan Fiege<br \/>\nHauptstrasse 22<br \/>\nD-61250 Usingen i. Ts.<br \/>\nTel.: 06081.44606-80<br \/>\nFax: 06081.44606-82<br \/>\nMobil: 01577.2563795 und 0178.4911135<br \/>\neMail: klick(at)amatustra.de<\/p><\/blockquote>\n<p>Bis gleich.[\/napoli_custom_text_block][\/vc_column][\/vc_row][vc_row][vc_column]\n<div class=\"wpcf7 no-js\" id=\"wpcf7-f3857-o1\" lang=\"en-US\" dir=\"ltr\" data-wpcf7-id=\"3857\">\n<div class=\"screen-reader-response\"><p role=\"status\" aria-live=\"polite\" aria-atomic=\"true\"><\/p> <ul><\/ul><\/div>\n<form action=\"\/fotografie\/wp-json\/wp\/v2\/pages\/3916#wpcf7-f3857-o1\" method=\"post\" class=\"wpcf7-form init\" aria-label=\"Contact form\" novalidate=\"novalidate\" data-status=\"init\">\n<fieldset class=\"hidden-fields-container\"><input type=\"hidden\" name=\"_wpcf7\" value=\"3857\" \/><input type=\"hidden\" name=\"_wpcf7_version\" value=\"6.1.4\" \/><input type=\"hidden\" name=\"_wpcf7_locale\" value=\"en_US\" \/><input type=\"hidden\" name=\"_wpcf7_unit_tag\" value=\"wpcf7-f3857-o1\" \/><input type=\"hidden\" name=\"_wpcf7_container_post\" value=\"0\" \/><input type=\"hidden\" name=\"_wpcf7_posted_data_hash\" value=\"\" \/>\n<\/fieldset>\n<div class=\"row\">\n\t<div class=\"contact-form container-fluid no-padd-md\">\n\t\t<div id=\"contact\">\n\t\t\t<div class=\"row\">\n\t\t\t\t<div class=\"col-xs-12\">\n\t\t\t\t\t<h2 class=\"title\">Kontaktformular:\n\t\t\t\t\t<\/h2><!-- generated success\/error message -->\n\t\t\t\t\t<div class=\"contact-message\">\n\t\t\t\t\t<\/div><!-- contact form -->\n\t\t\t\t<\/div>\n\t\t\t<\/div>\n\t\t\t<div class=\"row\">\n\t\t\t\t<div class=\"col-xs-12 col-md-4\">\n\t\t\t\t\t<p><span class=\"wpcf7-form-control-wrap\" data-name=\"text-371\"><input size=\"40\" maxlength=\"400\" class=\"wpcf7-form-control wpcf7-text wpcf7-validates-as-required input\" id=\"name\" aria-required=\"true\" aria-invalid=\"false\" placeholder=\"Name\" value=\"\" type=\"text\" name=\"text-371\" \/><\/span>\n\t\t\t\t\t<\/p>\n\t\t\t\t<\/div>\n\t\t\t\t<div class=\"col-xs-12 col-md-4\">\n\t\t\t\t\t<p><span class=\"wpcf7-form-control-wrap\" data-name=\"email\"><input size=\"40\" maxlength=\"400\" class=\"wpcf7-form-control wpcf7-email wpcf7-validates-as-required wpcf7-text wpcf7-validates-as-email input\" id=\"email\" aria-required=\"true\" aria-invalid=\"false\" placeholder=\"Email\" value=\"\" type=\"email\" name=\"email\" \/><\/span>\n\t\t\t\t\t<\/p>\n\t\t\t\t<\/div>\n\t\t\t\t<div class=\"col-xs-12 col-md-4\">\n\t\t\t\t\t<p><span class=\"wpcf7-form-control-wrap\" data-name=\"text-133\"><input size=\"40\" maxlength=\"400\" class=\"wpcf7-form-control wpcf7-text wpcf7-validates-as-required input\" id=\"subject\" aria-required=\"true\" aria-invalid=\"false\" placeholder=\"Betreff\" value=\"\" type=\"text\" name=\"text-133\" \/><\/span>\n\t\t\t\t\t<\/p>\n\t\t\t\t<\/div>\n\t\t\t<\/div>\n\t\t\t<div class=\"row\">\n\t\t\t\t<div class=\"col-xs-12\">\n\t\t\t\t\t<p><span class=\"wpcf7-form-control-wrap\" data-name=\"message\"><textarea cols=\"40\" rows=\"10\" maxlength=\"2000\" class=\"wpcf7-form-control wpcf7-textarea wpcf7-validates-as-required message\" id=\"message\" aria-required=\"true\" aria-invalid=\"false\" placeholder=\"Nachricht\" name=\"message\"><\/textarea><\/span>\n\t\t\t\t\t<\/p>\n\t\t\t\t<\/div>\n\t\t\t<\/div>\n\t\t\t<div class=\"row\">\n\t\t\t\t<font color=4d4d4d>\n\t\t\t\t\t<div class=\"col-xs-12\">\n\t\t\t\t\t\t<p><span class=\"wpcf7-form-control-wrap\" data-name=\"quiz-408\"><label><span class=\"wpcf7-quiz-label\">Noch eine Frage: Die Hauptstadt von Deutschland?<\/span> <input size=\"40\" class=\"wpcf7-form-control wpcf7-quiz\" autocomplete=\"off\" aria-required=\"true\" aria-invalid=\"false\" type=\"text\" name=\"quiz-408\" \/><\/label><input type=\"hidden\" name=\"_wpcf7_quiz_answer_quiz-408\" value=\"4d6034c11bd3f9122082a074dad288e2\" \/><\/span>\n\t\t\t\t\t\t<\/p>\n\t\t\t\t\t<\/div>\n\t\t\t\t<\/font>\n\t\t\t\t<div class=\"col-xs-12\">\n\t\t\t\t\t<p><input class=\"wpcf7-form-control wpcf7-submit has-spinner submit button\" id=\"submit\" type=\"submit\" value=\"senden\" \/>\n\t\t\t\t\t<\/p>\n\t\t\t\t<\/div>\n\t\t\t<\/div><!-- \/contact form -->\n\t\t<\/div>\n\t<\/div>\n<\/div><div class=\"wpcf7-response-output\" aria-hidden=\"true\"><\/div>\n<\/form>\n<\/div>\n[\/vc_column][\/vc_row][vc_row][vc_column][napoli_custom_text_block]Bitte beachtet bzgl. den Umgang mit euren Daten unsere <a href=\"https:\/\/www.agency22.de\/datenschutz\/\">Datenschutzerkl\u00e4rung<\/a>.[\/napoli_custom_text_block][\/vc_column][\/vc_row]<\/p>\n<\/div>","protected":false},"excerpt":{"rendered":"<p>[vc_row][vc_column][napoli_custom_text_block subtitle=&#8220;Wir freuen uns \u00fcber Nachrichten.&#8220;]Per e-Mail, Telefon oder via Kontaktformular \u2013 lernt uns kennen. Anke Strickroth &amp; Stephan Fiege Hauptstrasse 22 D-61250 Usingen i. Ts. Tel.: 06081.44606-80 Fax: 06081.44606-82 Mobil: 01577.2563795 und 0178.4911135 eMail: klick(at)amatustra.de Bis gleich.[\/napoli_custom_text_block][\/vc_column][\/vc_row][vc_row][vc_column][\/vc_column][\/vc_row][vc_row][vc_column][napoli_custom_text_block]Bitte beachtet bzgl. den Umgang mit euren Daten unsere Datenschutzerkl\u00e4rung.[\/napoli_custom_text_block][\/vc_column][\/vc_row]<\/p>\n","protected":false},"author":1,"featured_media":0,"parent":0,"menu_order":4,"comment_status":"closed","ping_status":"closed","template":"","meta":{"footnotes":""},"class_list":["post-3916","page","type-page","status-publish","hentry"],"yoast_head":"<!-- This site is optimized with the Yoast SEO plugin v26.6 - https:\/\/yoast.com\/wordpress\/plugins\/seo\/ -->\n<title>Kontakt - amatustra fotografie |&nbsp;Hochzeitsfotografen &bull;&nbsp;Hochzeitsfilm &bull; Schwangerschaft-, Baby-, Kinder-, Familienfotos &bull;&nbsp;Event- und gewerbliche Fotografie<\/title>\n<meta name=\"description\" content=\"Ihr habt noch Fragen, W\u00fcnsche oder m\u00f6chtet uns buchen? Hier findet Ihr alle Kontaktm\u00f6glichkeiten und einen Wegplan zu uns. Bis gleich!\" \/>\n<meta name=\"robots\" content=\"index, follow, max-snippet:-1, max-image-preview:large, max-video-preview:-1\" \/>\n<link rel=\"canonical\" href=\"http:\/\/www.amatustra.de\/fotografie\/kontakt\/\" \/>\n<meta property=\"og:locale\" content=\"de_DE\" \/>\n<meta property=\"og:type\" content=\"article\" \/>\n<meta property=\"og:title\" content=\"Kontakt - amatustra fotografie |&nbsp;Hochzeitsfotografen &bull;&nbsp;Hochzeitsfilm &bull; Schwangerschaft-, Baby-, Kinder-, Familienfotos &bull;&nbsp;Event- und gewerbliche Fotografie\" \/>\n<meta property=\"og:description\" content=\"Ihr habt noch Fragen, W\u00fcnsche oder m\u00f6chtet uns buchen? Hier findet Ihr alle Kontaktm\u00f6glichkeiten und einen Wegplan zu uns. Bis gleich!\" \/>\n<meta property=\"og:url\" content=\"http:\/\/www.amatustra.de\/fotografie\/kontakt\/\" \/>\n<meta property=\"og:site_name\" content=\"amatustra fotografie |&nbsp;Hochzeitsfotografen &bull;&nbsp;Hochzeitsfilm &bull; Schwangerschaft-, Baby-, Kinder-, Familienfotos &bull;&nbsp;Event- und gewerbliche Fotografie\" \/>\n<meta property=\"article:publisher\" content=\"https:\/\/www.facebook.com\/amatustra\" \/>\n<meta property=\"article:modified_time\" content=\"2025-01-21T10:14:53+00:00\" \/>\n<meta name=\"twitter:card\" content=\"summary_large_image\" \/>\n<meta name=\"twitter:label1\" content=\"Gesch\u00e4tzte Lesezeit\" \/>\n\t<meta name=\"twitter:data1\" content=\"1\u00a0Minute\" \/>\n<script type=\"application\/ld+json\" class=\"yoast-schema-graph\">{\"@context\":\"https:\/\/schema.org\",\"@graph\":[{\"@type\":\"WebPage\",\"@id\":\"http:\/\/www.amatustra.de\/fotografie\/kontakt\/\",\"url\":\"http:\/\/www.amatustra.de\/fotografie\/kontakt\/\",\"name\":\"Kontakt - amatustra fotografie |&nbsp;Hochzeitsfotografen &bull;&nbsp;Hochzeitsfilm &bull; Schwangerschaft-, Baby-, Kinder-, Familienfotos &bull;&nbsp;Event- und gewerbliche Fotografie\",\"isPartOf\":{\"@id\":\"http:\/\/www.amatustra.de\/fotografie\/#website\"},\"datePublished\":\"2017-01-09T13:26:01+00:00\",\"dateModified\":\"2025-01-21T10:14:53+00:00\",\"description\":\"Ihr habt noch Fragen, W\u00fcnsche oder m\u00f6chtet uns buchen? Hier findet Ihr alle Kontaktm\u00f6glichkeiten und einen Wegplan zu uns. Bis gleich!\",\"breadcrumb\":{\"@id\":\"http:\/\/www.amatustra.de\/fotografie\/kontakt\/#breadcrumb\"},\"inLanguage\":\"de\",\"potentialAction\":[{\"@type\":\"ReadAction\",\"target\":[\"http:\/\/www.amatustra.de\/fotografie\/kontakt\/\"]}]},{\"@type\":\"BreadcrumbList\",\"@id\":\"http:\/\/www.amatustra.de\/fotografie\/kontakt\/#breadcrumb\",\"itemListElement\":[{\"@type\":\"ListItem\",\"position\":1,\"name\":\"Startseite\",\"item\":\"http:\/\/www.amatustra.de\/fotografie\/\"},{\"@type\":\"ListItem\",\"position\":2,\"name\":\"Kontakt\"}]},{\"@type\":\"WebSite\",\"@id\":\"http:\/\/www.amatustra.de\/fotografie\/#website\",\"url\":\"http:\/\/www.amatustra.de\/fotografie\/\",\"name\":\"amatustra fotografie |&nbsp;Hochzeitsfotografen &bull;&nbsp;Hochzeitsfilm &bull; Schwangerschaft-, Baby-, Kinder-, Familienfotos &bull;&nbsp;Event- und gewerbliche Fotografie\",\"description\":\"\",\"publisher\":{\"@id\":\"http:\/\/www.amatustra.de\/fotografie\/#organization\"},\"potentialAction\":[{\"@type\":\"SearchAction\",\"target\":{\"@type\":\"EntryPoint\",\"urlTemplate\":\"http:\/\/www.amatustra.de\/fotografie\/?s={search_term_string}\"},\"query-input\":{\"@type\":\"PropertyValueSpecification\",\"valueRequired\":true,\"valueName\":\"search_term_string\"}}],\"inLanguage\":\"de\"},{\"@type\":\"Organization\",\"@id\":\"http:\/\/www.amatustra.de\/fotografie\/#organization\",\"name\":\"amatustra - strickroth & fiege fotografie\",\"url\":\"http:\/\/www.amatustra.de\/fotografie\/\",\"logo\":{\"@type\":\"ImageObject\",\"inLanguage\":\"de\",\"@id\":\"http:\/\/www.amatustra.de\/fotografie\/#\/schema\/logo\/image\/\",\"url\":\"http:\/\/www.amatustra.de\/fotografie\/wp-content\/uploads\/amatustra_fotografie_Logo__black_1338x412px.png\",\"contentUrl\":\"http:\/\/www.amatustra.de\/fotografie\/wp-content\/uploads\/amatustra_fotografie_Logo__black_1338x412px.png\",\"width\":1338,\"height\":412,\"caption\":\"amatustra - strickroth & fiege fotografie\"},\"image\":{\"@id\":\"http:\/\/www.amatustra.de\/fotografie\/#\/schema\/logo\/image\/\"},\"sameAs\":[\"https:\/\/www.facebook.com\/amatustra\",\"https:\/\/de.pinterest.com\/amatustra\/\",\"https:\/\/www.youtube.com\/user\/agency22\"]}]}<\/script>\n<!-- \/ Yoast SEO plugin. -->","yoast_head_json":{"title":"Kontakt - amatustra fotografie |&nbsp;Hochzeitsfotografen &bull;&nbsp;Hochzeitsfilm &bull; Schwangerschaft-, Baby-, Kinder-, Familienfotos &bull;&nbsp;Event- und gewerbliche Fotografie","description":"Ihr habt noch Fragen, W\u00fcnsche oder m\u00f6chtet uns buchen? Hier findet Ihr alle Kontaktm\u00f6glichkeiten und einen Wegplan zu uns. Bis gleich!","robots":{"index":"index","follow":"follow","max-snippet":"max-snippet:-1","max-image-preview":"max-image-preview:large","max-video-preview":"max-video-preview:-1"},"canonical":"http:\/\/www.amatustra.de\/fotografie\/kontakt\/","og_locale":"de_DE","og_type":"article","og_title":"Kontakt - amatustra fotografie |&nbsp;Hochzeitsfotografen &bull;&nbsp;Hochzeitsfilm &bull; Schwangerschaft-, Baby-, Kinder-, Familienfotos &bull;&nbsp;Event- und gewerbliche Fotografie","og_description":"Ihr habt noch Fragen, W\u00fcnsche oder m\u00f6chtet uns buchen? Hier findet Ihr alle Kontaktm\u00f6glichkeiten und einen Wegplan zu uns. Bis gleich!","og_url":"http:\/\/www.amatustra.de\/fotografie\/kontakt\/","og_site_name":"amatustra fotografie |&nbsp;Hochzeitsfotografen &bull;&nbsp;Hochzeitsfilm &bull; Schwangerschaft-, Baby-, Kinder-, Familienfotos &bull;&nbsp;Event- und gewerbliche Fotografie","article_publisher":"https:\/\/www.facebook.com\/amatustra","article_modified_time":"2025-01-21T10:14:53+00:00","twitter_card":"summary_large_image","twitter_misc":{"Gesch\u00e4tzte Lesezeit":"1\u00a0Minute"},"schema":{"@context":"https:\/\/schema.org","@graph":[{"@type":"WebPage","@id":"http:\/\/www.amatustra.de\/fotografie\/kontakt\/","url":"http:\/\/www.amatustra.de\/fotografie\/kontakt\/","name":"Kontakt - amatustra fotografie |&nbsp;Hochzeitsfotografen &bull;&nbsp;Hochzeitsfilm &bull; Schwangerschaft-, Baby-, Kinder-, Familienfotos &bull;&nbsp;Event- und gewerbliche Fotografie","isPartOf":{"@id":"http:\/\/www.amatustra.de\/fotografie\/#website"},"datePublished":"2017-01-09T13:26:01+00:00","dateModified":"2025-01-21T10:14:53+00:00","description":"Ihr habt noch Fragen, W\u00fcnsche oder m\u00f6chtet uns buchen? Hier findet Ihr alle Kontaktm\u00f6glichkeiten und einen Wegplan zu uns. Bis gleich!","breadcrumb":{"@id":"http:\/\/www.amatustra.de\/fotografie\/kontakt\/#breadcrumb"},"inLanguage":"de","potentialAction":[{"@type":"ReadAction","target":["http:\/\/www.amatustra.de\/fotografie\/kontakt\/"]}]},{"@type":"BreadcrumbList","@id":"http:\/\/www.amatustra.de\/fotografie\/kontakt\/#breadcrumb","itemListElement":[{"@type":"ListItem","position":1,"name":"Startseite","item":"http:\/\/www.amatustra.de\/fotografie\/"},{"@type":"ListItem","position":2,"name":"Kontakt"}]},{"@type":"WebSite","@id":"http:\/\/www.amatustra.de\/fotografie\/#website","url":"http:\/\/www.amatustra.de\/fotografie\/","name":"amatustra fotografie |&nbsp;Hochzeitsfotografen &bull;&nbsp;Hochzeitsfilm &bull; Schwangerschaft-, Baby-, Kinder-, Familienfotos &bull;&nbsp;Event- und gewerbliche Fotografie","description":"","publisher":{"@id":"http:\/\/www.amatustra.de\/fotografie\/#organization"},"potentialAction":[{"@type":"SearchAction","target":{"@type":"EntryPoint","urlTemplate":"http:\/\/www.amatustra.de\/fotografie\/?s={search_term_string}"},"query-input":{"@type":"PropertyValueSpecification","valueRequired":true,"valueName":"search_term_string"}}],"inLanguage":"de"},{"@type":"Organization","@id":"http:\/\/www.amatustra.de\/fotografie\/#organization","name":"amatustra - strickroth & fiege fotografie","url":"http:\/\/www.amatustra.de\/fotografie\/","logo":{"@type":"ImageObject","inLanguage":"de","@id":"http:\/\/www.amatustra.de\/fotografie\/#\/schema\/logo\/image\/","url":"http:\/\/www.amatustra.de\/fotografie\/wp-content\/uploads\/amatustra_fotografie_Logo__black_1338x412px.png","contentUrl":"http:\/\/www.amatustra.de\/fotografie\/wp-content\/uploads\/amatustra_fotografie_Logo__black_1338x412px.png","width":1338,"height":412,"caption":"amatustra - strickroth & fiege fotografie"},"image":{"@id":"http:\/\/www.amatustra.de\/fotografie\/#\/schema\/logo\/image\/"},"sameAs":["https:\/\/www.facebook.com\/amatustra","https:\/\/de.pinterest.com\/amatustra\/","https:\/\/www.youtube.com\/user\/agency22"]}]}},"_links":{"self":[{"href":"http:\/\/www.amatustra.de\/fotografie\/wp-json\/wp\/v2\/pages\/3916","targetHints":{"allow":["GET"]}}],"collection":[{"href":"http:\/\/www.amatustra.de\/fotografie\/wp-json\/wp\/v2\/pages"}],"about":[{"href":"http:\/\/www.amatustra.de\/fotografie\/wp-json\/wp\/v2\/types\/page"}],"author":[{"embeddable":true,"href":"http:\/\/www.amatustra.de\/fotografie\/wp-json\/wp\/v2\/users\/1"}],"replies":[{"embeddable":true,"href":"http:\/\/www.amatustra.de\/fotografie\/wp-json\/wp\/v2\/comments?post=3916"}],"version-history":[{"count":16,"href":"http:\/\/www.amatustra.de\/fotografie\/wp-json\/wp\/v2\/pages\/3916\/revisions"}],"predecessor-version":[{"id":3919,"href":"http:\/\/www.amatustra.de\/fotografie\/wp-json\/wp\/v2\/pages\/3916\/revisions\/3919"}],"wp:attachment":[{"href":"http:\/\/www.amatustra.de\/fotografie\/wp-json\/wp\/v2\/media?parent=3916"}],"curies":[{"name":"wp","href":"https:\/\/api.w.org\/{rel}","templated":true}]}}