{"id":3104,"date":"2016-01-16T19:23:17","date_gmt":"2016-01-16T18:23:17","guid":{"rendered":"http:\/\/amatustra.de\/?page_id=3104"},"modified":"2017-02-28T14:46:15","modified_gmt":"2017-02-28T13:46:15","slug":"drucke-fotoabzuege-rahmen","status":"publish","type":"page","link":"http:\/\/www.amatustra.de\/fotografie\/produkte\/drucke-fotoabzuege-rahmen\/","title":{"rendered":"Drucke &#038; Rahmen"},"content":{"rendered":"<div class=\"wpb-content-wrapper\"><p>[vc_row][vc_column][napoli_custom_text_block title=&#8220;DRUCKE &amp; RAHMEN&#8220; subtitle=&#8220;DAS SCH\u00d6NE BRAUCHT EINEN GUTEN RAHMEN&#8220;]Bei uns erhaltet ihr Fotob\u00fccher sowie Abz\u00fcge, unterschiedliche Rahmen oder komplette Rahmungen Eurer Fotos, Fotoprints auf Leinwand oder exklusiven Materialien wie Edelstahl (AluDibond), Holz, Gold oder Kupfer.<\/p>\n<blockquote><p>Wir beraten euch gerne:<br \/>\nTel. 06081.4460680\u00a0 |\u00a0 mobil: 0157.72563795 &amp; 0178.4911135<br \/>\nemail: <a href=\"mailto:klick@amatustra.de\">klick@amatustra.de<\/a>\u00a0 |\u00a0 <a href=\"http:\/\/www.amatustra.de\/fotografie\/kontakt\/\">Kontaktformular<\/a><\/p><\/blockquote>\n<p>&nbsp;<\/p>\n<p><img loading=\"lazy\" decoding=\"async\" class=\"alignnone wp-image-3148\" style=\"border: 1px solid grey;\" src=\"http:\/\/amatustra.de\/fotografie\/wp-content\/uploads\/Produkt_Rahmungen-223905-898x576.jpg\" alt=\"Produkt_Rahmungen-223905\" width=\"720\" height=\"462\" data-id=\"3148\" srcset=\"http:\/\/www.amatustra.de\/fotografie\/wp-content\/uploads\/Produkt_Rahmungen-223905-898x576.jpg 898w, http:\/\/www.amatustra.de\/fotografie\/wp-content\/uploads\/Produkt_Rahmungen-223905-266x171.jpg 266w, http:\/\/www.amatustra.de\/fotografie\/wp-content\/uploads\/Produkt_Rahmungen-223905-768x493.jpg 768w, http:\/\/www.amatustra.de\/fotografie\/wp-content\/uploads\/Produkt_Rahmungen-223905.jpg 1200w\" sizes=\"auto, (max-width: 720px) 100vw, 720px\" \/><br \/>\n<sup>FineArt-Print auf handgesch\u00f6pften B\u00fcttenpapier; schwebende Montageim Objektrahmen auf farbigem Karton.<\/sup><\/p>\n<p><img loading=\"lazy\" decoding=\"async\" class=\"alignnone wp-image-3150\" style=\"border: 1px solid grey;\" src=\"http:\/\/amatustra.de\/fotografie\/wp-content\/uploads\/Produkt_Rahmungen-2000170-858x576.jpg\" alt=\"Produkt_Rahmungen-2000170\" width=\"720\" height=\"484\" data-id=\"3150\" srcset=\"http:\/\/www.amatustra.de\/fotografie\/wp-content\/uploads\/Produkt_Rahmungen-2000170-858x576.jpg 858w, http:\/\/www.amatustra.de\/fotografie\/wp-content\/uploads\/Produkt_Rahmungen-2000170-255x171.jpg 255w, http:\/\/www.amatustra.de\/fotografie\/wp-content\/uploads\/Produkt_Rahmungen-2000170-768x516.jpg 768w, http:\/\/www.amatustra.de\/fotografie\/wp-content\/uploads\/Produkt_Rahmungen-2000170-272x182.jpg 272w, http:\/\/www.amatustra.de\/fotografie\/wp-content\/uploads\/Produkt_Rahmungen-2000170.jpg 1200w\" sizes=\"auto, (max-width: 720px) 100vw, 720px\" \/><br \/>\n<sup>FineArt-Print auf handgesch\u00f6pften B\u00fcttenpapier; schwebende Montage im Objektrahmen auf farbigem Karton.<\/sup><\/p>\n<p><img loading=\"lazy\" decoding=\"async\" class=\"alignnone wp-image-3151\" style=\"border: 1px solid grey;\" src=\"http:\/\/amatustra.de\/fotografie\/wp-content\/uploads\/Produkt_Tuschezeichnung_Kunst-224668-865x576.jpg\" alt=\"Produkt_Tuschezeichnung_Kunst-224668\" width=\"720\" height=\"479\" data-id=\"3151\" srcset=\"http:\/\/www.amatustra.de\/fotografie\/wp-content\/uploads\/Produkt_Tuschezeichnung_Kunst-224668-865x576.jpg 865w, http:\/\/www.amatustra.de\/fotografie\/wp-content\/uploads\/Produkt_Tuschezeichnung_Kunst-224668-257x171.jpg 257w, http:\/\/www.amatustra.de\/fotografie\/wp-content\/uploads\/Produkt_Tuschezeichnung_Kunst-224668-768x511.jpg 768w, http:\/\/www.amatustra.de\/fotografie\/wp-content\/uploads\/Produkt_Tuschezeichnung_Kunst-224668-272x182.jpg 272w, http:\/\/www.amatustra.de\/fotografie\/wp-content\/uploads\/Produkt_Tuschezeichnung_Kunst-224668.jpg 1600w\" sizes=\"auto, (max-width: 720px) 100vw, 720px\" \/><br \/>\n<sup><a href=\"http:\/\/www.amatustra.de\/fotografie\/produkte\/papeterie\/\">Tuschezeichnung<\/a> schwebend montiert im Objektrahmen auf farbigem Karton.<\/sup><\/p>\n<p><img loading=\"lazy\" decoding=\"async\" class=\"alignnone wp-image-3107\" style=\"border: 1px solid grey;\" src=\"http:\/\/amatustra.de\/fotografie\/wp-content\/uploads\/Produkt_Foto-Abzug_NY_Mosaik_final-1013x576.jpg\" alt=\"Produkt_Foto-Abzug_NY_Mosaik_final\" width=\"720\" height=\"410\" data-id=\"3107\" srcset=\"http:\/\/www.amatustra.de\/fotografie\/wp-content\/uploads\/Produkt_Foto-Abzug_NY_Mosaik_final-1013x576.jpg 1013w, http:\/\/www.amatustra.de\/fotografie\/wp-content\/uploads\/Produkt_Foto-Abzug_NY_Mosaik_final-176x99.jpg 176w, http:\/\/www.amatustra.de\/fotografie\/wp-content\/uploads\/Produkt_Foto-Abzug_NY_Mosaik_final-301x171.jpg 301w, http:\/\/www.amatustra.de\/fotografie\/wp-content\/uploads\/Produkt_Foto-Abzug_NY_Mosaik_final-768x437.jpg 768w, http:\/\/www.amatustra.de\/fotografie\/wp-content\/uploads\/Produkt_Foto-Abzug_NY_Mosaik_final.jpg 1600w\" sizes=\"auto, (max-width: 720px) 100vw, 720px\" \/><br \/>\n<sup><a href=\"http:\/\/www.amatustra.de\/fotografie\/produkte\/mosaikbilder\/\">Mosaikbild<\/a> auf AluDibond.<\/sup>[\/napoli_custom_text_block][\/vc_column][\/vc_row]<\/p>\n<\/div>","protected":false},"excerpt":{"rendered":"<p>[vc_row][vc_column][napoli_custom_text_block title=&#8220;DRUCKE &amp; RAHMEN&#8220; subtitle=&#8220;DAS SCH\u00d6NE BRAUCHT EINEN GUTEN RAHMEN&#8220;]Bei uns erhaltet ihr Fotob\u00fccher sowie Abz\u00fcge, unterschiedliche Rahmen oder komplette Rahmungen Eurer Fotos, Fotoprints auf Leinwand oder exklusiven Materialien wie Edelstahl (AluDibond), Holz, Gold oder Kupfer. Wir beraten euch gerne: Tel. 06081.4460680\u00a0 |\u00a0 mobil: 0157.72563795 &amp; 0178.4911135 email: klick@amatustra.de\u00a0 |\u00a0 Kontaktformular &nbsp; FineArt-Print auf handgesch\u00f6pften [&hellip;]<\/p>\n","protected":false},"author":1,"featured_media":0,"parent":4143,"menu_order":0,"comment_status":"closed","ping_status":"closed","template":"","meta":{"footnotes":""},"class_list":["post-3104","page","type-page","status-publish","hentry"],"yoast_head":"<!-- This site is optimized with the Yoast SEO plugin v26.6 - https:\/\/yoast.com\/wordpress\/plugins\/seo\/ -->\n<title>Drucke &amp; Rahmen - amatustra fotografie |&nbsp;Hochzeitsfotografen &bull;&nbsp;Hochzeitsfilm &bull; Schwangerschaft-, Baby-, Kinder-, Familienfotos &bull;&nbsp;Event- und gewerbliche Fotografie<\/title>\n<meta name=\"description\" content=\"Bei uns erhaltet ihr Fotob\u00fccher, Abz\u00fcge, unterschiedliche Rahmen oder komplette Rahmungen Eurer Fotos, Fotoprints auf Leinwand oder exklusiven Materialien.\" \/>\n<meta name=\"robots\" content=\"index, follow, max-snippet:-1, max-image-preview:large, max-video-preview:-1\" \/>\n<link rel=\"canonical\" href=\"http:\/\/www.amatustra.de\/fotografie\/produkte\/drucke-fotoabzuege-rahmen\/\" \/>\n<meta property=\"og:locale\" content=\"de_DE\" \/>\n<meta property=\"og:type\" content=\"article\" \/>\n<meta property=\"og:title\" content=\"Drucke &amp; Rahmen - amatustra fotografie |&nbsp;Hochzeitsfotografen &bull;&nbsp;Hochzeitsfilm &bull; Schwangerschaft-, Baby-, Kinder-, Familienfotos &bull;&nbsp;Event- und gewerbliche Fotografie\" \/>\n<meta property=\"og:description\" content=\"Bei uns erhaltet ihr Fotob\u00fccher, Abz\u00fcge, unterschiedliche Rahmen oder komplette Rahmungen Eurer Fotos, Fotoprints auf Leinwand oder exklusiven Materialien.\" \/>\n<meta property=\"og:url\" content=\"http:\/\/www.amatustra.de\/fotografie\/produkte\/drucke-fotoabzuege-rahmen\/\" \/>\n<meta property=\"og:site_name\" content=\"amatustra fotografie |&nbsp;Hochzeitsfotografen &bull;&nbsp;Hochzeitsfilm &bull; Schwangerschaft-, Baby-, Kinder-, Familienfotos &bull;&nbsp;Event- und gewerbliche Fotografie\" \/>\n<meta property=\"article:publisher\" content=\"https:\/\/www.facebook.com\/amatustra\" \/>\n<meta property=\"article:modified_time\" content=\"2017-02-28T13:46:15+00:00\" \/>\n<meta property=\"og:image\" content=\"http:\/\/amatustra.de\/fotografie\/wp-content\/uploads\/Produkt_Rahmungen-223905-898x576.jpg\" \/>\n<meta name=\"twitter:card\" content=\"summary_large_image\" \/>\n<meta name=\"twitter:label1\" content=\"Gesch\u00e4tzte Lesezeit\" \/>\n\t<meta name=\"twitter:data1\" content=\"1\u00a0Minute\" \/>\n<script type=\"application\/ld+json\" class=\"yoast-schema-graph\">{\"@context\":\"https:\/\/schema.org\",\"@graph\":[{\"@type\":\"WebPage\",\"@id\":\"http:\/\/www.amatustra.de\/fotografie\/produkte\/drucke-fotoabzuege-rahmen\/\",\"url\":\"http:\/\/www.amatustra.de\/fotografie\/produkte\/drucke-fotoabzuege-rahmen\/\",\"name\":\"Drucke & Rahmen - amatustra fotografie |&nbsp;Hochzeitsfotografen &bull;&nbsp;Hochzeitsfilm &bull; Schwangerschaft-, Baby-, Kinder-, Familienfotos &bull;&nbsp;Event- und gewerbliche Fotografie\",\"isPartOf\":{\"@id\":\"http:\/\/www.amatustra.de\/fotografie\/#website\"},\"primaryImageOfPage\":{\"@id\":\"http:\/\/www.amatustra.de\/fotografie\/produkte\/drucke-fotoabzuege-rahmen\/#primaryimage\"},\"image\":{\"@id\":\"http:\/\/www.amatustra.de\/fotografie\/produkte\/drucke-fotoabzuege-rahmen\/#primaryimage\"},\"thumbnailUrl\":\"http:\/\/amatustra.de\/fotografie\/wp-content\/uploads\/Produkt_Rahmungen-223905-898x576.jpg\",\"datePublished\":\"2016-01-16T18:23:17+00:00\",\"dateModified\":\"2017-02-28T13:46:15+00:00\",\"description\":\"Bei uns erhaltet ihr Fotob\u00fccher, Abz\u00fcge, unterschiedliche Rahmen oder komplette Rahmungen Eurer Fotos, Fotoprints auf Leinwand oder exklusiven Materialien.\",\"breadcrumb\":{\"@id\":\"http:\/\/www.amatustra.de\/fotografie\/produkte\/drucke-fotoabzuege-rahmen\/#breadcrumb\"},\"inLanguage\":\"de\",\"potentialAction\":[{\"@type\":\"ReadAction\",\"target\":[\"http:\/\/www.amatustra.de\/fotografie\/produkte\/drucke-fotoabzuege-rahmen\/\"]}]},{\"@type\":\"ImageObject\",\"inLanguage\":\"de\",\"@id\":\"http:\/\/www.amatustra.de\/fotografie\/produkte\/drucke-fotoabzuege-rahmen\/#primaryimage\",\"url\":\"http:\/\/amatustra.de\/fotografie\/wp-content\/uploads\/Produkt_Rahmungen-223905-898x576.jpg\",\"contentUrl\":\"http:\/\/amatustra.de\/fotografie\/wp-content\/uploads\/Produkt_Rahmungen-223905-898x576.jpg\"},{\"@type\":\"BreadcrumbList\",\"@id\":\"http:\/\/www.amatustra.de\/fotografie\/produkte\/drucke-fotoabzuege-rahmen\/#breadcrumb\",\"itemListElement\":[{\"@type\":\"ListItem\",\"position\":1,\"name\":\"Startseite\",\"item\":\"http:\/\/www.amatustra.de\/fotografie\/\"},{\"@type\":\"ListItem\",\"position\":2,\"name\":\"Produkte\",\"item\":\"http:\/\/www.amatustra.de\/fotografie\/produkte\/\"},{\"@type\":\"ListItem\",\"position\":3,\"name\":\"Drucke &#038; Rahmen\"}]},{\"@type\":\"WebSite\",\"@id\":\"http:\/\/www.amatustra.de\/fotografie\/#website\",\"url\":\"http:\/\/www.amatustra.de\/fotografie\/\",\"name\":\"amatustra fotografie |&nbsp;Hochzeitsfotografen &bull;&nbsp;Hochzeitsfilm &bull; Schwangerschaft-, Baby-, Kinder-, Familienfotos &bull;&nbsp;Event- und gewerbliche Fotografie\",\"description\":\"\",\"publisher\":{\"@id\":\"http:\/\/www.amatustra.de\/fotografie\/#organization\"},\"potentialAction\":[{\"@type\":\"SearchAction\",\"target\":{\"@type\":\"EntryPoint\",\"urlTemplate\":\"http:\/\/www.amatustra.de\/fotografie\/?s={search_term_string}\"},\"query-input\":{\"@type\":\"PropertyValueSpecification\",\"valueRequired\":true,\"valueName\":\"search_term_string\"}}],\"inLanguage\":\"de\"},{\"@type\":\"Organization\",\"@id\":\"http:\/\/www.amatustra.de\/fotografie\/#organization\",\"name\":\"amatustra - strickroth & fiege fotografie\",\"url\":\"http:\/\/www.amatustra.de\/fotografie\/\",\"logo\":{\"@type\":\"ImageObject\",\"inLanguage\":\"de\",\"@id\":\"http:\/\/www.amatustra.de\/fotografie\/#\/schema\/logo\/image\/\",\"url\":\"http:\/\/www.amatustra.de\/fotografie\/wp-content\/uploads\/amatustra_fotografie_Logo__black_1338x412px.png\",\"contentUrl\":\"http:\/\/www.amatustra.de\/fotografie\/wp-content\/uploads\/amatustra_fotografie_Logo__black_1338x412px.png\",\"width\":1338,\"height\":412,\"caption\":\"amatustra - strickroth & fiege fotografie\"},\"image\":{\"@id\":\"http:\/\/www.amatustra.de\/fotografie\/#\/schema\/logo\/image\/\"},\"sameAs\":[\"https:\/\/www.facebook.com\/amatustra\",\"https:\/\/de.pinterest.com\/amatustra\/\",\"https:\/\/www.youtube.com\/user\/agency22\"]}]}<\/script>\n<!-- \/ Yoast SEO plugin. -->","yoast_head_json":{"title":"Drucke & Rahmen - amatustra fotografie |&nbsp;Hochzeitsfotografen &bull;&nbsp;Hochzeitsfilm &bull; Schwangerschaft-, Baby-, Kinder-, Familienfotos &bull;&nbsp;Event- und gewerbliche Fotografie","description":"Bei uns erhaltet ihr Fotob\u00fccher, Abz\u00fcge, unterschiedliche Rahmen oder komplette Rahmungen Eurer Fotos, Fotoprints auf Leinwand oder exklusiven Materialien.","robots":{"index":"index","follow":"follow","max-snippet":"max-snippet:-1","max-image-preview":"max-image-preview:large","max-video-preview":"max-video-preview:-1"},"canonical":"http:\/\/www.amatustra.de\/fotografie\/produkte\/drucke-fotoabzuege-rahmen\/","og_locale":"de_DE","og_type":"article","og_title":"Drucke & Rahmen - amatustra fotografie |&nbsp;Hochzeitsfotografen &bull;&nbsp;Hochzeitsfilm &bull; Schwangerschaft-, Baby-, Kinder-, Familienfotos &bull;&nbsp;Event- und gewerbliche Fotografie","og_description":"Bei uns erhaltet ihr Fotob\u00fccher, Abz\u00fcge, unterschiedliche Rahmen oder komplette Rahmungen Eurer Fotos, Fotoprints auf Leinwand oder exklusiven Materialien.","og_url":"http:\/\/www.amatustra.de\/fotografie\/produkte\/drucke-fotoabzuege-rahmen\/","og_site_name":"amatustra fotografie |&nbsp;Hochzeitsfotografen &bull;&nbsp;Hochzeitsfilm &bull; Schwangerschaft-, Baby-, Kinder-, Familienfotos &bull;&nbsp;Event- und gewerbliche Fotografie","article_publisher":"https:\/\/www.facebook.com\/amatustra","article_modified_time":"2017-02-28T13:46:15+00:00","og_image":[{"url":"http:\/\/amatustra.de\/fotografie\/wp-content\/uploads\/Produkt_Rahmungen-223905-898x576.jpg","type":"","width":"","height":""}],"twitter_card":"summary_large_image","twitter_misc":{"Gesch\u00e4tzte Lesezeit":"1\u00a0Minute"},"schema":{"@context":"https:\/\/schema.org","@graph":[{"@type":"WebPage","@id":"http:\/\/www.amatustra.de\/fotografie\/produkte\/drucke-fotoabzuege-rahmen\/","url":"http:\/\/www.amatustra.de\/fotografie\/produkte\/drucke-fotoabzuege-rahmen\/","name":"Drucke & Rahmen - amatustra fotografie |&nbsp;Hochzeitsfotografen &bull;&nbsp;Hochzeitsfilm &bull; Schwangerschaft-, Baby-, Kinder-, Familienfotos &bull;&nbsp;Event- und gewerbliche Fotografie","isPartOf":{"@id":"http:\/\/www.amatustra.de\/fotografie\/#website"},"primaryImageOfPage":{"@id":"http:\/\/www.amatustra.de\/fotografie\/produkte\/drucke-fotoabzuege-rahmen\/#primaryimage"},"image":{"@id":"http:\/\/www.amatustra.de\/fotografie\/produkte\/drucke-fotoabzuege-rahmen\/#primaryimage"},"thumbnailUrl":"http:\/\/amatustra.de\/fotografie\/wp-content\/uploads\/Produkt_Rahmungen-223905-898x576.jpg","datePublished":"2016-01-16T18:23:17+00:00","dateModified":"2017-02-28T13:46:15+00:00","description":"Bei uns erhaltet ihr Fotob\u00fccher, Abz\u00fcge, unterschiedliche Rahmen oder komplette Rahmungen Eurer Fotos, Fotoprints auf Leinwand oder exklusiven Materialien.","breadcrumb":{"@id":"http:\/\/www.amatustra.de\/fotografie\/produkte\/drucke-fotoabzuege-rahmen\/#breadcrumb"},"inLanguage":"de","potentialAction":[{"@type":"ReadAction","target":["http:\/\/www.amatustra.de\/fotografie\/produkte\/drucke-fotoabzuege-rahmen\/"]}]},{"@type":"ImageObject","inLanguage":"de","@id":"http:\/\/www.amatustra.de\/fotografie\/produkte\/drucke-fotoabzuege-rahmen\/#primaryimage","url":"http:\/\/amatustra.de\/fotografie\/wp-content\/uploads\/Produkt_Rahmungen-223905-898x576.jpg","contentUrl":"http:\/\/amatustra.de\/fotografie\/wp-content\/uploads\/Produkt_Rahmungen-223905-898x576.jpg"},{"@type":"BreadcrumbList","@id":"http:\/\/www.amatustra.de\/fotografie\/produkte\/drucke-fotoabzuege-rahmen\/#breadcrumb","itemListElement":[{"@type":"ListItem","position":1,"name":"Startseite","item":"http:\/\/www.amatustra.de\/fotografie\/"},{"@type":"ListItem","position":2,"name":"Produkte","item":"http:\/\/www.amatustra.de\/fotografie\/produkte\/"},{"@type":"ListItem","position":3,"name":"Drucke &#038; Rahmen"}]},{"@type":"WebSite","@id":"http:\/\/www.amatustra.de\/fotografie\/#website","url":"http:\/\/www.amatustra.de\/fotografie\/","name":"amatustra fotografie |&nbsp;Hochzeitsfotografen &bull;&nbsp;Hochzeitsfilm &bull; Schwangerschaft-, Baby-, Kinder-, Familienfotos &bull;&nbsp;Event- und gewerbliche Fotografie","description":"","publisher":{"@id":"http:\/\/www.amatustra.de\/fotografie\/#organization"},"potentialAction":[{"@type":"SearchAction","target":{"@type":"EntryPoint","urlTemplate":"http:\/\/www.amatustra.de\/fotografie\/?s={search_term_string}"},"query-input":{"@type":"PropertyValueSpecification","valueRequired":true,"valueName":"search_term_string"}}],"inLanguage":"de"},{"@type":"Organization","@id":"http:\/\/www.amatustra.de\/fotografie\/#organization","name":"amatustra - strickroth & fiege fotografie","url":"http:\/\/www.amatustra.de\/fotografie\/","logo":{"@type":"ImageObject","inLanguage":"de","@id":"http:\/\/www.amatustra.de\/fotografie\/#\/schema\/logo\/image\/","url":"http:\/\/www.amatustra.de\/fotografie\/wp-content\/uploads\/amatustra_fotografie_Logo__black_1338x412px.png","contentUrl":"http:\/\/www.amatustra.de\/fotografie\/wp-content\/uploads\/amatustra_fotografie_Logo__black_1338x412px.png","width":1338,"height":412,"caption":"amatustra - strickroth & fiege fotografie"},"image":{"@id":"http:\/\/www.amatustra.de\/fotografie\/#\/schema\/logo\/image\/"},"sameAs":["https:\/\/www.facebook.com\/amatustra","https:\/\/de.pinterest.com\/amatustra\/","https:\/\/www.youtube.com\/user\/agency22"]}]}},"_links":{"self":[{"href":"http:\/\/www.amatustra.de\/fotografie\/wp-json\/wp\/v2\/pages\/3104","targetHints":{"allow":["GET"]}}],"collection":[{"href":"http:\/\/www.amatustra.de\/fotografie\/wp-json\/wp\/v2\/pages"}],"about":[{"href":"http:\/\/www.amatustra.de\/fotografie\/wp-json\/wp\/v2\/types\/page"}],"author":[{"embeddable":true,"href":"http:\/\/www.amatustra.de\/fotografie\/wp-json\/wp\/v2\/users\/1"}],"replies":[{"embeddable":true,"href":"http:\/\/www.amatustra.de\/fotografie\/wp-json\/wp\/v2\/comments?post=3104"}],"version-history":[{"count":16,"href":"http:\/\/www.amatustra.de\/fotografie\/wp-json\/wp\/v2\/pages\/3104\/revisions"}],"predecessor-version":[{"id":5097,"href":"http:\/\/www.amatustra.de\/fotografie\/wp-json\/wp\/v2\/pages\/3104\/revisions\/5097"}],"up":[{"embeddable":true,"href":"http:\/\/www.amatustra.de\/fotografie\/wp-json\/wp\/v2\/pages\/4143"}],"wp:attachment":[{"href":"http:\/\/www.amatustra.de\/fotografie\/wp-json\/wp\/v2\/media?parent=3104"}],"curies":[{"name":"wp","href":"https:\/\/api.w.org\/{rel}","templated":true}]}}