{"id":229,"date":"2013-09-26T15:32:01","date_gmt":"2013-09-26T15:32:01","guid":{"rendered":"http:\/\/amatustra.de\/fotografie\/?page_id=229"},"modified":"2018-01-30T16:55:28","modified_gmt":"2018-01-30T15:55:28","slug":"hochzeitsfilm_hochzeitsvideo","status":"publish","type":"page","link":"http:\/\/www.amatustra.de\/fotografie\/videografie\/hochzeitsfilm_hochzeitsvideo\/","title":{"rendered":"Hochzeitsfilm"},"content":{"rendered":"<div class=\"wpb-content-wrapper\"><p>[vc_row][vc_column][napoli_custom_text_block title=&#8220;EUER HOCHZEITSFILM&#8220; subtitle=&#8220;BEWEGENDE MOMENTE IN BEWEGTEN BILDERN&#8220;][\/napoli_custom_text_block][vc_column_text]<iframe loading=\"lazy\" src=\"https:\/\/www.youtube.com\/embed\/2WexqsVJhq8?rel=0&amp;controls=0&amp;showinfo=0\" width=\"640\" height=\"360\" frameborder=\"0\" allowfullscreen=\"allowfullscreen\"><\/iframe><\/p>\n<p><sup>Zusammenschnitt &#8222;Hochzeitsrolle&#8220;<\/sup>[\/vc_column_text][napoli_custom_text_block subtitle=&#8220;WIR PRODUZIEREN EUER PERS\u00d6NLICHES HOCHZEITSVIDEO KREATIV UND PROFESSIONELL&#8220;]Wir setzen bei den Aufnahmen hochwertiges Broadcast-Equipment ein, das keinerlei W\u00fcnsche offen l\u00e4sst, aber dennoch so handlich und \u201eklein\u201c ist, dass wir uns fast unmerklich innerhalb eurer G\u00e4ste und w\u00e4hrend der Aktivit\u00e4ten bewegen k\u00f6nnen.<\/p>\n<p>Nat\u00fcrlich d\u00fcrft ihr auch beim Film \u201ekreative Energie\u201c von uns erwarten.<\/p>\n<p>Unsere Filme sind redaktionelle Ergebnisse. Die Bild und Ton sind ordentlich gemischt, eure Musik begleitet euch wie ein roter Faden durch das Video, O-T\u00f6ne (Statements\/Interviews) sind eingebettet und gestalten den Film aussagekr\u00e4ftig und kurzweilig.<\/p>\n<p>Wir produzieren kurze Highlight-Movies (ca. 4 bis 8 Min. lang) bei denen Sprache und Musik werberische Bilder untermalen.<\/p>\n<p>Oder wir erstellen euch eine Dokumentation des Tages. Dazu ben\u00f6tigen wir knapp zehn Musikst\u00fccke von euch und erz\u00e4hlen den Tag in aufgebrochener Chronologie.<br \/>\nDabei wechseln Musikpassagen mit Textpassagen ab oder sie sind gemischt. Menschen kommen zu Wort und die wichtigsten Passagen des Tages sind (z.T. gek\u00fcrzt) enthalten (Zeremonie, Kuchen anschneiden, Brautstrau\u00df werfen, Hochzeitstanz, Reden uvam.).<br \/>\nDiese Art des Erz\u00e4hlens ist f\u00fcr uns sehr anspruchsvoll und zeitintensiv. Aber wir m\u00f6chten auch ad\u00e4quate und unterhaltsame Ergebnisse generieren.<br \/>\nDie Hochzeitsdokumentationen sind in der Regel <strong>zw. 25 und 60 Minuten<\/strong> lang (bei einer Begleitungszeit zw. 8 und 12 Stunden).<br \/>\nEin Hochzeitsfilmkonzept das besonders ist.<\/p>\n<p>In einem Vorgespr\u00e4ch kl\u00e4ren wir eure Vorstellungen und W\u00fcnsche. Wir beraten und empfehlen. Wir legen Inhalte fest.<br \/>\nNach dem Drehtag an eurer Hochzeit erfolgt die digitale Bildbearbeitung. Nach der Fertigstellung steht euch der Film kopierbar als SD-Video-DVD oder HD-Filmdatei auf einem USB-Stick zur Verf\u00fcgung.<\/p>\n<p>In beiden F\u00e4llen erhaltet Ihr einen Film, der euren Tag f\u00fcr immer bewegt bewahrt.<\/p>\n<p>Optional offerieren wir zudem Luftaufnahmen mit einer Drohne.<br \/>\nVoraussetzung f\u00fcr ihren Einsatz ist eine Aufstiegsgenehmigung an der Location.<br \/>\nZudem fliegen wir nicht \u00fcber Menschen(-ansammlungen).<\/p>\n<p>Um einen Hochzeitsfilmer einsch\u00e4tzen zu k\u00f6nnen, ben\u00f6tigt ihr aussagekr\u00e4ftige Beispiele.<br \/>\nDaher k\u00f6nnt ihr in einem passwortgesch\u00fctzten Bereich <a href=\"http:\/\/www.amatustra.de\/fotografie\/hochzeitsfilm-exempel\">Beispielsequenzen<\/a> ansehen. Bitte fragt uns nach dem Passwort (das Passwort darf nicht an Dritte weitergegeben werden).<\/p>\n<p>Fragen oder W\u00fcnsche? Ruft einfach an oder meldet Euch per eMail.<\/p>\n<blockquote><p>Tel. 06081.4460680\u00a0 |\u00a0 mobil: 0157.72563795 &amp; 0178.4911135<br \/>\nemail: <a href=\"mailto:klick@amatustra.de\">klick@amatustra.de<\/a>\u00a0 |\u00a0 <a title=\"Kontaktformular\" href=\"http:\/\/www.amatustra.de\/fotografie\/kontakt\/\">Kontaktformular<\/a><\/p><\/blockquote>\n<p>[\/napoli_custom_text_block][\/vc_column][\/vc_row]<\/p>\n<\/div>","protected":false},"excerpt":{"rendered":"<p>[vc_row][vc_column][napoli_custom_text_block title=&#8220;EUER HOCHZEITSFILM&#8220; subtitle=&#8220;BEWEGENDE MOMENTE IN BEWEGTEN BILDERN&#8220;][\/napoli_custom_text_block][vc_column_text] Zusammenschnitt &#8222;Hochzeitsrolle&#8220;[\/vc_column_text][napoli_custom_text_block subtitle=&#8220;WIR PRODUZIEREN EUER PERS\u00d6NLICHES HOCHZEITSVIDEO KREATIV UND PROFESSIONELL&#8220;]Wir setzen bei den Aufnahmen hochwertiges Broadcast-Equipment ein, das keinerlei W\u00fcnsche offen l\u00e4sst, aber dennoch so handlich und \u201eklein\u201c ist, dass wir uns fast unmerklich innerhalb eurer G\u00e4ste und w\u00e4hrend der Aktivit\u00e4ten bewegen k\u00f6nnen. Nat\u00fcrlich d\u00fcrft ihr auch [&hellip;]<\/p>\n","protected":false},"author":1,"featured_media":0,"parent":135,"menu_order":0,"comment_status":"closed","ping_status":"closed","template":"","meta":{"footnotes":""},"class_list":["post-229","page","type-page","status-publish","hentry"],"yoast_head":"<!-- This site is optimized with the Yoast SEO plugin v26.6 - https:\/\/yoast.com\/wordpress\/plugins\/seo\/ -->\n<title>Hochzeitsfilm - amatustra fotografie |&nbsp;Hochzeitsfotografen &bull;&nbsp;Hochzeitsfilm &bull; Schwangerschaft-, Baby-, Kinder-, Familienfotos &bull;&nbsp;Event- und gewerbliche Fotografie<\/title>\n<meta name=\"description\" content=\"Wir produzieren euren Hochzeitsfilm. Kurzweilig, kreativ und individuell. Wir kl\u00e4ren eure W\u00fcnsche und schaffen bewegte Erinnerungen f\u00fcr die Ewigkeit.\" \/>\n<meta name=\"robots\" content=\"index, follow, max-snippet:-1, max-image-preview:large, max-video-preview:-1\" \/>\n<link rel=\"canonical\" href=\"http:\/\/www.amatustra.de\/fotografie\/videografie\/hochzeitsfilm_hochzeitsvideo\/\" \/>\n<meta property=\"og:locale\" content=\"de_DE\" \/>\n<meta property=\"og:type\" content=\"article\" \/>\n<meta property=\"og:title\" content=\"Hochzeitsfilm - amatustra fotografie |&nbsp;Hochzeitsfotografen &bull;&nbsp;Hochzeitsfilm &bull; Schwangerschaft-, Baby-, Kinder-, Familienfotos &bull;&nbsp;Event- und gewerbliche Fotografie\" \/>\n<meta property=\"og:description\" content=\"Wir produzieren euren Hochzeitsfilm. Kurzweilig, kreativ und individuell. Wir kl\u00e4ren eure W\u00fcnsche und schaffen bewegte Erinnerungen f\u00fcr die Ewigkeit.\" \/>\n<meta property=\"og:url\" content=\"http:\/\/www.amatustra.de\/fotografie\/videografie\/hochzeitsfilm_hochzeitsvideo\/\" \/>\n<meta property=\"og:site_name\" content=\"amatustra fotografie |&nbsp;Hochzeitsfotografen &bull;&nbsp;Hochzeitsfilm &bull; Schwangerschaft-, Baby-, Kinder-, Familienfotos &bull;&nbsp;Event- und gewerbliche Fotografie\" \/>\n<meta property=\"article:publisher\" content=\"https:\/\/www.facebook.com\/amatustra\" \/>\n<meta property=\"article:modified_time\" content=\"2018-01-30T15:55:28+00:00\" \/>\n<meta name=\"twitter:card\" content=\"summary_large_image\" \/>\n<meta name=\"twitter:label1\" content=\"Gesch\u00e4tzte Lesezeit\" \/>\n\t<meta name=\"twitter:data1\" content=\"2\u00a0Minuten\" \/>\n<script type=\"application\/ld+json\" class=\"yoast-schema-graph\">{\"@context\":\"https:\/\/schema.org\",\"@graph\":[{\"@type\":\"WebPage\",\"@id\":\"http:\/\/www.amatustra.de\/fotografie\/videografie\/hochzeitsfilm_hochzeitsvideo\/\",\"url\":\"http:\/\/www.amatustra.de\/fotografie\/videografie\/hochzeitsfilm_hochzeitsvideo\/\",\"name\":\"Hochzeitsfilm - amatustra fotografie |&nbsp;Hochzeitsfotografen &bull;&nbsp;Hochzeitsfilm &bull; Schwangerschaft-, Baby-, Kinder-, Familienfotos &bull;&nbsp;Event- und gewerbliche Fotografie\",\"isPartOf\":{\"@id\":\"https:\/\/www.amatustra.de\/fotografie\/#website\"},\"datePublished\":\"2013-09-26T15:32:01+00:00\",\"dateModified\":\"2018-01-30T15:55:28+00:00\",\"description\":\"Wir produzieren euren Hochzeitsfilm. Kurzweilig, kreativ und individuell. Wir kl\u00e4ren eure W\u00fcnsche und schaffen bewegte Erinnerungen f\u00fcr die Ewigkeit.\",\"breadcrumb\":{\"@id\":\"http:\/\/www.amatustra.de\/fotografie\/videografie\/hochzeitsfilm_hochzeitsvideo\/#breadcrumb\"},\"inLanguage\":\"de\",\"potentialAction\":[{\"@type\":\"ReadAction\",\"target\":[\"http:\/\/www.amatustra.de\/fotografie\/videografie\/hochzeitsfilm_hochzeitsvideo\/\"]}]},{\"@type\":\"BreadcrumbList\",\"@id\":\"http:\/\/www.amatustra.de\/fotografie\/videografie\/hochzeitsfilm_hochzeitsvideo\/#breadcrumb\",\"itemListElement\":[{\"@type\":\"ListItem\",\"position\":1,\"name\":\"Startseite\",\"item\":\"https:\/\/www.amatustra.de\/fotografie\/\"},{\"@type\":\"ListItem\",\"position\":2,\"name\":\"Video\",\"item\":\"http:\/\/www.amatustra.de\/fotografie\/videografie\/\"},{\"@type\":\"ListItem\",\"position\":3,\"name\":\"Hochzeitsfilm\"}]},{\"@type\":\"WebSite\",\"@id\":\"https:\/\/www.amatustra.de\/fotografie\/#website\",\"url\":\"https:\/\/www.amatustra.de\/fotografie\/\",\"name\":\"amatustra fotografie |&nbsp;Hochzeitsfotografen &bull;&nbsp;Hochzeitsfilm &bull; Schwangerschaft-, Baby-, Kinder-, Familienfotos &bull;&nbsp;Event- und gewerbliche Fotografie\",\"description\":\"\",\"publisher\":{\"@id\":\"https:\/\/www.amatustra.de\/fotografie\/#organization\"},\"potentialAction\":[{\"@type\":\"SearchAction\",\"target\":{\"@type\":\"EntryPoint\",\"urlTemplate\":\"https:\/\/www.amatustra.de\/fotografie\/?s={search_term_string}\"},\"query-input\":{\"@type\":\"PropertyValueSpecification\",\"valueRequired\":true,\"valueName\":\"search_term_string\"}}],\"inLanguage\":\"de\"},{\"@type\":\"Organization\",\"@id\":\"https:\/\/www.amatustra.de\/fotografie\/#organization\",\"name\":\"amatustra - strickroth & fiege fotografie\",\"url\":\"https:\/\/www.amatustra.de\/fotografie\/\",\"logo\":{\"@type\":\"ImageObject\",\"inLanguage\":\"de\",\"@id\":\"https:\/\/www.amatustra.de\/fotografie\/#\/schema\/logo\/image\/\",\"url\":\"http:\/\/www.amatustra.de\/fotografie\/wp-content\/uploads\/amatustra_fotografie_Logo__black_1338x412px.png\",\"contentUrl\":\"http:\/\/www.amatustra.de\/fotografie\/wp-content\/uploads\/amatustra_fotografie_Logo__black_1338x412px.png\",\"width\":1338,\"height\":412,\"caption\":\"amatustra - strickroth & fiege fotografie\"},\"image\":{\"@id\":\"https:\/\/www.amatustra.de\/fotografie\/#\/schema\/logo\/image\/\"},\"sameAs\":[\"https:\/\/www.facebook.com\/amatustra\",\"https:\/\/de.pinterest.com\/amatustra\/\",\"https:\/\/www.youtube.com\/user\/agency22\"]}]}<\/script>\n<!-- \/ Yoast SEO plugin. -->","yoast_head_json":{"title":"Hochzeitsfilm - amatustra fotografie |&nbsp;Hochzeitsfotografen &bull;&nbsp;Hochzeitsfilm &bull; Schwangerschaft-, Baby-, Kinder-, Familienfotos &bull;&nbsp;Event- und gewerbliche Fotografie","description":"Wir produzieren euren Hochzeitsfilm. Kurzweilig, kreativ und individuell. Wir kl\u00e4ren eure W\u00fcnsche und schaffen bewegte Erinnerungen f\u00fcr die Ewigkeit.","robots":{"index":"index","follow":"follow","max-snippet":"max-snippet:-1","max-image-preview":"max-image-preview:large","max-video-preview":"max-video-preview:-1"},"canonical":"http:\/\/www.amatustra.de\/fotografie\/videografie\/hochzeitsfilm_hochzeitsvideo\/","og_locale":"de_DE","og_type":"article","og_title":"Hochzeitsfilm - amatustra fotografie |&nbsp;Hochzeitsfotografen &bull;&nbsp;Hochzeitsfilm &bull; Schwangerschaft-, Baby-, Kinder-, Familienfotos &bull;&nbsp;Event- und gewerbliche Fotografie","og_description":"Wir produzieren euren Hochzeitsfilm. Kurzweilig, kreativ und individuell. Wir kl\u00e4ren eure W\u00fcnsche und schaffen bewegte Erinnerungen f\u00fcr die Ewigkeit.","og_url":"http:\/\/www.amatustra.de\/fotografie\/videografie\/hochzeitsfilm_hochzeitsvideo\/","og_site_name":"amatustra fotografie |&nbsp;Hochzeitsfotografen &bull;&nbsp;Hochzeitsfilm &bull; Schwangerschaft-, Baby-, Kinder-, Familienfotos &bull;&nbsp;Event- und gewerbliche Fotografie","article_publisher":"https:\/\/www.facebook.com\/amatustra","article_modified_time":"2018-01-30T15:55:28+00:00","twitter_card":"summary_large_image","twitter_misc":{"Gesch\u00e4tzte Lesezeit":"2\u00a0Minuten"},"schema":{"@context":"https:\/\/schema.org","@graph":[{"@type":"WebPage","@id":"http:\/\/www.amatustra.de\/fotografie\/videografie\/hochzeitsfilm_hochzeitsvideo\/","url":"http:\/\/www.amatustra.de\/fotografie\/videografie\/hochzeitsfilm_hochzeitsvideo\/","name":"Hochzeitsfilm - amatustra fotografie |&nbsp;Hochzeitsfotografen &bull;&nbsp;Hochzeitsfilm &bull; Schwangerschaft-, Baby-, Kinder-, Familienfotos &bull;&nbsp;Event- und gewerbliche Fotografie","isPartOf":{"@id":"https:\/\/www.amatustra.de\/fotografie\/#website"},"datePublished":"2013-09-26T15:32:01+00:00","dateModified":"2018-01-30T15:55:28+00:00","description":"Wir produzieren euren Hochzeitsfilm. Kurzweilig, kreativ und individuell. Wir kl\u00e4ren eure W\u00fcnsche und schaffen bewegte Erinnerungen f\u00fcr die Ewigkeit.","breadcrumb":{"@id":"http:\/\/www.amatustra.de\/fotografie\/videografie\/hochzeitsfilm_hochzeitsvideo\/#breadcrumb"},"inLanguage":"de","potentialAction":[{"@type":"ReadAction","target":["http:\/\/www.amatustra.de\/fotografie\/videografie\/hochzeitsfilm_hochzeitsvideo\/"]}]},{"@type":"BreadcrumbList","@id":"http:\/\/www.amatustra.de\/fotografie\/videografie\/hochzeitsfilm_hochzeitsvideo\/#breadcrumb","itemListElement":[{"@type":"ListItem","position":1,"name":"Startseite","item":"https:\/\/www.amatustra.de\/fotografie\/"},{"@type":"ListItem","position":2,"name":"Video","item":"http:\/\/www.amatustra.de\/fotografie\/videografie\/"},{"@type":"ListItem","position":3,"name":"Hochzeitsfilm"}]},{"@type":"WebSite","@id":"https:\/\/www.amatustra.de\/fotografie\/#website","url":"https:\/\/www.amatustra.de\/fotografie\/","name":"amatustra fotografie |&nbsp;Hochzeitsfotografen &bull;&nbsp;Hochzeitsfilm &bull; Schwangerschaft-, Baby-, Kinder-, Familienfotos &bull;&nbsp;Event- und gewerbliche Fotografie","description":"","publisher":{"@id":"https:\/\/www.amatustra.de\/fotografie\/#organization"},"potentialAction":[{"@type":"SearchAction","target":{"@type":"EntryPoint","urlTemplate":"https:\/\/www.amatustra.de\/fotografie\/?s={search_term_string}"},"query-input":{"@type":"PropertyValueSpecification","valueRequired":true,"valueName":"search_term_string"}}],"inLanguage":"de"},{"@type":"Organization","@id":"https:\/\/www.amatustra.de\/fotografie\/#organization","name":"amatustra - strickroth & fiege fotografie","url":"https:\/\/www.amatustra.de\/fotografie\/","logo":{"@type":"ImageObject","inLanguage":"de","@id":"https:\/\/www.amatustra.de\/fotografie\/#\/schema\/logo\/image\/","url":"http:\/\/www.amatustra.de\/fotografie\/wp-content\/uploads\/amatustra_fotografie_Logo__black_1338x412px.png","contentUrl":"http:\/\/www.amatustra.de\/fotografie\/wp-content\/uploads\/amatustra_fotografie_Logo__black_1338x412px.png","width":1338,"height":412,"caption":"amatustra - strickroth & fiege fotografie"},"image":{"@id":"https:\/\/www.amatustra.de\/fotografie\/#\/schema\/logo\/image\/"},"sameAs":["https:\/\/www.facebook.com\/amatustra","https:\/\/de.pinterest.com\/amatustra\/","https:\/\/www.youtube.com\/user\/agency22"]}]}},"_links":{"self":[{"href":"http:\/\/www.amatustra.de\/fotografie\/wp-json\/wp\/v2\/pages\/229","targetHints":{"allow":["GET"]}}],"collection":[{"href":"http:\/\/www.amatustra.de\/fotografie\/wp-json\/wp\/v2\/pages"}],"about":[{"href":"http:\/\/www.amatustra.de\/fotografie\/wp-json\/wp\/v2\/types\/page"}],"author":[{"embeddable":true,"href":"http:\/\/www.amatustra.de\/fotografie\/wp-json\/wp\/v2\/users\/1"}],"replies":[{"embeddable":true,"href":"http:\/\/www.amatustra.de\/fotografie\/wp-json\/wp\/v2\/comments?post=229"}],"version-history":[{"count":52,"href":"http:\/\/www.amatustra.de\/fotografie\/wp-json\/wp\/v2\/pages\/229\/revisions"}],"predecessor-version":[{"id":6069,"href":"http:\/\/www.amatustra.de\/fotografie\/wp-json\/wp\/v2\/pages\/229\/revisions\/6069"}],"up":[{"embeddable":true,"href":"http:\/\/www.amatustra.de\/fotografie\/wp-json\/wp\/v2\/pages\/135"}],"wp:attachment":[{"href":"http:\/\/www.amatustra.de\/fotografie\/wp-json\/wp\/v2\/media?parent=229"}],"curies":[{"name":"wp","href":"https:\/\/api.w.org\/{rel}","templated":true}]}}