{"id":1536,"date":"2014-01-17T11:32:11","date_gmt":"2014-01-17T10:32:11","guid":{"rendered":"http:\/\/amatustra.de\/?page_id=1536"},"modified":"2017-02-28T15:07:29","modified_gmt":"2017-02-28T14:07:29","slug":"first-look_hochzeitsfilm_hochzeitsfeiervideo","status":"publish","type":"page","link":"http:\/\/www.amatustra.de\/fotografie\/videografie\/first-look_hochzeitsfilm_hochzeitsfeiervideo\/","title":{"rendered":"First Look"},"content":{"rendered":"<div class=\"wpb-content-wrapper\"><p>[vc_row][vc_column][napoli_custom_text_block title=&#8220;FIRST LOOK&#8220; subtitle=&#8220;DER LIEBESFILM ZUM HOCHZEITSTAG&#8220;]Das Video zur Feier.<br \/>\nOb Liebeserkl\u00e4rung oder &#8222;magische&#8220; Orte. Ob Gesang (Musikvideo) oder eingebette Sprache. Ihr produziert zu zweit oder alleine mit uns ein Video, das auf eurer Hochzeit die Braut oder den Br\u00e4utigam und die G\u00e4ste \u00fcberrascht und Einblicke in euer Kennenlernen, Orte eurer Begegnungen, eure Tr\u00e4ume, W\u00fcnsche, Vorlieben uvam. bietet.<\/p>\n<p>Seid kreativ! Wir unterst\u00fctzen euch dabei als erfahrener Regie-Kameramann und Art Directorin.<br \/>\nF\u00fcr die Hochzeit bekommt ihr den Film als HD-File f\u00fcr Euren PC oder als SD-Video-DVD.<br \/>\nFragt nach eurem individuellen Angebot.<\/p>\n<blockquote><p>Tel. 06081.4460680\u00a0 |\u00a0 mobil: 0157.72563795 &amp; 0178.4911135<br \/>\nemail: <a href=\"mailto:klick@amatustra.de\">klick@amatustra.de<\/a>\u00a0 |\u00a0 <a title=\"Kontaktformular\" href=\"http:\/\/www.amatustra.de\/fotografie\/kontakt\/\">Kontaktformular<\/a><\/p><\/blockquote>\n<p>&nbsp;<\/p>\n<p><img loading=\"lazy\" decoding=\"async\" class=\"alignnone wp-image-1182\" style=\"border: 1px solid white;\" src=\"http:\/\/amatustra.de\/fotografie\/wp-content\/uploads\/TB_Gleislauf_1_400.jpg\" alt=\"TB_Gleislauf_1_400\" width=\"600\" height=\"402\" data-id=\"1182\" srcset=\"http:\/\/www.amatustra.de\/fotografie\/wp-content\/uploads\/TB_Gleislauf_1_400.jpg 400w, http:\/\/www.amatustra.de\/fotografie\/wp-content\/uploads\/TB_Gleislauf_1_400-255x171.jpg 255w\" sizes=\"auto, (max-width: 600px) 100vw, 600px\" \/><br \/>\n[\/napoli_custom_text_block][\/vc_column][\/vc_row][vc_row][vc_column][vc_column_text]<\/p>\n<p><span style=\"border-radius: 2px; text-indent: 20px; width: auto; padding: 0px 4px 0px 0px; text-align: center; font: bold 11px\/20px 'Helvetica Neue',Helvetica,sans-serif; color: #ffffff; background: #bd081c no-repeat scroll 3px 50% \/ 14px 14px; position: absolute; opacity: 1; z-index: 8675309; display: none; cursor: pointer;\">Merken<\/span>[\/vc_column_text][\/vc_column][\/vc_row]<\/p>\n<\/div>","protected":false},"excerpt":{"rendered":"<p>[vc_row][vc_column][napoli_custom_text_block title=&#8220;FIRST LOOK&#8220; subtitle=&#8220;DER LIEBESFILM ZUM HOCHZEITSTAG&#8220;]Das Video zur Feier. Ob Liebeserkl\u00e4rung oder &#8222;magische&#8220; Orte. Ob Gesang (Musikvideo) oder eingebette Sprache. Ihr produziert zu zweit oder alleine mit uns ein Video, das auf eurer Hochzeit die Braut oder den Br\u00e4utigam und die G\u00e4ste \u00fcberrascht und Einblicke in euer Kennenlernen, Orte eurer Begegnungen, eure Tr\u00e4ume, W\u00fcnsche, [&hellip;]<\/p>\n","protected":false},"author":1,"featured_media":0,"parent":135,"menu_order":0,"comment_status":"closed","ping_status":"closed","template":"","meta":{"footnotes":""},"class_list":["post-1536","page","type-page","status-publish","hentry"],"yoast_head":"<!-- This site is optimized with the Yoast SEO plugin v26.6 - https:\/\/yoast.com\/wordpress\/plugins\/seo\/ -->\n<title>First Look - amatustra fotografie |&nbsp;Hochzeitsfotografen &bull;&nbsp;Hochzeitsfilm &bull; Schwangerschaft-, Baby-, Kinder-, Familienfotos &bull;&nbsp;Event- und gewerbliche Fotografie<\/title>\n<meta name=\"description\" content=\"Das Video zur Feier. Ob Liebeserkl\u00e4rung oder \u201emagische\u201c Orte. Ob Gesang (Musikvideo) oder eingebette Sprache. Ihr produziert mit uns ein Video zur Feier.\" \/>\n<meta name=\"robots\" content=\"index, follow, max-snippet:-1, max-image-preview:large, max-video-preview:-1\" \/>\n<link rel=\"canonical\" href=\"http:\/\/www.amatustra.de\/fotografie\/videografie\/first-look_hochzeitsfilm_hochzeitsfeiervideo\/\" \/>\n<meta property=\"og:locale\" content=\"de_DE\" \/>\n<meta property=\"og:type\" content=\"article\" \/>\n<meta property=\"og:title\" content=\"First Look - amatustra fotografie |&nbsp;Hochzeitsfotografen &bull;&nbsp;Hochzeitsfilm &bull; Schwangerschaft-, Baby-, Kinder-, Familienfotos &bull;&nbsp;Event- und gewerbliche Fotografie\" \/>\n<meta property=\"og:description\" content=\"Das Video zur Feier. Ob Liebeserkl\u00e4rung oder \u201emagische\u201c Orte. Ob Gesang (Musikvideo) oder eingebette Sprache. Ihr produziert mit uns ein Video zur Feier.\" \/>\n<meta property=\"og:url\" content=\"http:\/\/www.amatustra.de\/fotografie\/videografie\/first-look_hochzeitsfilm_hochzeitsfeiervideo\/\" \/>\n<meta property=\"og:site_name\" content=\"amatustra fotografie |&nbsp;Hochzeitsfotografen &bull;&nbsp;Hochzeitsfilm &bull; Schwangerschaft-, Baby-, Kinder-, Familienfotos &bull;&nbsp;Event- und gewerbliche Fotografie\" \/>\n<meta property=\"article:publisher\" content=\"https:\/\/www.facebook.com\/amatustra\" \/>\n<meta property=\"article:modified_time\" content=\"2017-02-28T14:07:29+00:00\" \/>\n<meta property=\"og:image\" content=\"http:\/\/amatustra.de\/fotografie\/wp-content\/uploads\/TB_Gleislauf_1_400.jpg\" \/>\n<meta name=\"twitter:card\" content=\"summary_large_image\" \/>\n<meta name=\"twitter:label1\" content=\"Gesch\u00e4tzte Lesezeit\" \/>\n\t<meta name=\"twitter:data1\" content=\"1\u00a0Minute\" \/>\n<script type=\"application\/ld+json\" class=\"yoast-schema-graph\">{\"@context\":\"https:\/\/schema.org\",\"@graph\":[{\"@type\":\"WebPage\",\"@id\":\"http:\/\/www.amatustra.de\/fotografie\/videografie\/first-look_hochzeitsfilm_hochzeitsfeiervideo\/\",\"url\":\"http:\/\/www.amatustra.de\/fotografie\/videografie\/first-look_hochzeitsfilm_hochzeitsfeiervideo\/\",\"name\":\"First Look - amatustra fotografie |&nbsp;Hochzeitsfotografen &bull;&nbsp;Hochzeitsfilm &bull; Schwangerschaft-, Baby-, Kinder-, Familienfotos &bull;&nbsp;Event- und gewerbliche Fotografie\",\"isPartOf\":{\"@id\":\"http:\/\/www.amatustra.de\/fotografie\/#website\"},\"primaryImageOfPage\":{\"@id\":\"http:\/\/www.amatustra.de\/fotografie\/videografie\/first-look_hochzeitsfilm_hochzeitsfeiervideo\/#primaryimage\"},\"image\":{\"@id\":\"http:\/\/www.amatustra.de\/fotografie\/videografie\/first-look_hochzeitsfilm_hochzeitsfeiervideo\/#primaryimage\"},\"thumbnailUrl\":\"http:\/\/amatustra.de\/fotografie\/wp-content\/uploads\/TB_Gleislauf_1_400.jpg\",\"datePublished\":\"2014-01-17T10:32:11+00:00\",\"dateModified\":\"2017-02-28T14:07:29+00:00\",\"description\":\"Das Video zur Feier. Ob Liebeserkl\u00e4rung oder \u201emagische\u201c Orte. Ob Gesang (Musikvideo) oder eingebette Sprache. Ihr produziert mit uns ein Video zur Feier.\",\"breadcrumb\":{\"@id\":\"http:\/\/www.amatustra.de\/fotografie\/videografie\/first-look_hochzeitsfilm_hochzeitsfeiervideo\/#breadcrumb\"},\"inLanguage\":\"de\",\"potentialAction\":[{\"@type\":\"ReadAction\",\"target\":[\"http:\/\/www.amatustra.de\/fotografie\/videografie\/first-look_hochzeitsfilm_hochzeitsfeiervideo\/\"]}]},{\"@type\":\"ImageObject\",\"inLanguage\":\"de\",\"@id\":\"http:\/\/www.amatustra.de\/fotografie\/videografie\/first-look_hochzeitsfilm_hochzeitsfeiervideo\/#primaryimage\",\"url\":\"http:\/\/amatustra.de\/fotografie\/wp-content\/uploads\/TB_Gleislauf_1_400.jpg\",\"contentUrl\":\"http:\/\/amatustra.de\/fotografie\/wp-content\/uploads\/TB_Gleislauf_1_400.jpg\"},{\"@type\":\"BreadcrumbList\",\"@id\":\"http:\/\/www.amatustra.de\/fotografie\/videografie\/first-look_hochzeitsfilm_hochzeitsfeiervideo\/#breadcrumb\",\"itemListElement\":[{\"@type\":\"ListItem\",\"position\":1,\"name\":\"Startseite\",\"item\":\"http:\/\/www.amatustra.de\/fotografie\/\"},{\"@type\":\"ListItem\",\"position\":2,\"name\":\"Video\",\"item\":\"http:\/\/www.amatustra.de\/fotografie\/videografie\/\"},{\"@type\":\"ListItem\",\"position\":3,\"name\":\"First Look\"}]},{\"@type\":\"WebSite\",\"@id\":\"http:\/\/www.amatustra.de\/fotografie\/#website\",\"url\":\"http:\/\/www.amatustra.de\/fotografie\/\",\"name\":\"amatustra fotografie |&nbsp;Hochzeitsfotografen &bull;&nbsp;Hochzeitsfilm &bull; Schwangerschaft-, Baby-, Kinder-, Familienfotos &bull;&nbsp;Event- und gewerbliche Fotografie\",\"description\":\"\",\"publisher\":{\"@id\":\"http:\/\/www.amatustra.de\/fotografie\/#organization\"},\"potentialAction\":[{\"@type\":\"SearchAction\",\"target\":{\"@type\":\"EntryPoint\",\"urlTemplate\":\"http:\/\/www.amatustra.de\/fotografie\/?s={search_term_string}\"},\"query-input\":{\"@type\":\"PropertyValueSpecification\",\"valueRequired\":true,\"valueName\":\"search_term_string\"}}],\"inLanguage\":\"de\"},{\"@type\":\"Organization\",\"@id\":\"http:\/\/www.amatustra.de\/fotografie\/#organization\",\"name\":\"amatustra - strickroth & fiege fotografie\",\"url\":\"http:\/\/www.amatustra.de\/fotografie\/\",\"logo\":{\"@type\":\"ImageObject\",\"inLanguage\":\"de\",\"@id\":\"http:\/\/www.amatustra.de\/fotografie\/#\/schema\/logo\/image\/\",\"url\":\"http:\/\/www.amatustra.de\/fotografie\/wp-content\/uploads\/amatustra_fotografie_Logo__black_1338x412px.png\",\"contentUrl\":\"http:\/\/www.amatustra.de\/fotografie\/wp-content\/uploads\/amatustra_fotografie_Logo__black_1338x412px.png\",\"width\":1338,\"height\":412,\"caption\":\"amatustra - strickroth & fiege fotografie\"},\"image\":{\"@id\":\"http:\/\/www.amatustra.de\/fotografie\/#\/schema\/logo\/image\/\"},\"sameAs\":[\"https:\/\/www.facebook.com\/amatustra\",\"https:\/\/de.pinterest.com\/amatustra\/\",\"https:\/\/www.youtube.com\/user\/agency22\"]}]}<\/script>\n<!-- \/ Yoast SEO plugin. -->","yoast_head_json":{"title":"First Look - amatustra fotografie |&nbsp;Hochzeitsfotografen &bull;&nbsp;Hochzeitsfilm &bull; Schwangerschaft-, Baby-, Kinder-, Familienfotos &bull;&nbsp;Event- und gewerbliche Fotografie","description":"Das Video zur Feier. Ob Liebeserkl\u00e4rung oder \u201emagische\u201c Orte. Ob Gesang (Musikvideo) oder eingebette Sprache. Ihr produziert mit uns ein Video zur Feier.","robots":{"index":"index","follow":"follow","max-snippet":"max-snippet:-1","max-image-preview":"max-image-preview:large","max-video-preview":"max-video-preview:-1"},"canonical":"http:\/\/www.amatustra.de\/fotografie\/videografie\/first-look_hochzeitsfilm_hochzeitsfeiervideo\/","og_locale":"de_DE","og_type":"article","og_title":"First Look - amatustra fotografie |&nbsp;Hochzeitsfotografen &bull;&nbsp;Hochzeitsfilm &bull; Schwangerschaft-, Baby-, Kinder-, Familienfotos &bull;&nbsp;Event- und gewerbliche Fotografie","og_description":"Das Video zur Feier. Ob Liebeserkl\u00e4rung oder \u201emagische\u201c Orte. Ob Gesang (Musikvideo) oder eingebette Sprache. Ihr produziert mit uns ein Video zur Feier.","og_url":"http:\/\/www.amatustra.de\/fotografie\/videografie\/first-look_hochzeitsfilm_hochzeitsfeiervideo\/","og_site_name":"amatustra fotografie |&nbsp;Hochzeitsfotografen &bull;&nbsp;Hochzeitsfilm &bull; Schwangerschaft-, Baby-, Kinder-, Familienfotos &bull;&nbsp;Event- und gewerbliche Fotografie","article_publisher":"https:\/\/www.facebook.com\/amatustra","article_modified_time":"2017-02-28T14:07:29+00:00","og_image":[{"url":"http:\/\/amatustra.de\/fotografie\/wp-content\/uploads\/TB_Gleislauf_1_400.jpg","type":"","width":"","height":""}],"twitter_card":"summary_large_image","twitter_misc":{"Gesch\u00e4tzte Lesezeit":"1\u00a0Minute"},"schema":{"@context":"https:\/\/schema.org","@graph":[{"@type":"WebPage","@id":"http:\/\/www.amatustra.de\/fotografie\/videografie\/first-look_hochzeitsfilm_hochzeitsfeiervideo\/","url":"http:\/\/www.amatustra.de\/fotografie\/videografie\/first-look_hochzeitsfilm_hochzeitsfeiervideo\/","name":"First Look - amatustra fotografie |&nbsp;Hochzeitsfotografen &bull;&nbsp;Hochzeitsfilm &bull; Schwangerschaft-, Baby-, Kinder-, Familienfotos &bull;&nbsp;Event- und gewerbliche Fotografie","isPartOf":{"@id":"http:\/\/www.amatustra.de\/fotografie\/#website"},"primaryImageOfPage":{"@id":"http:\/\/www.amatustra.de\/fotografie\/videografie\/first-look_hochzeitsfilm_hochzeitsfeiervideo\/#primaryimage"},"image":{"@id":"http:\/\/www.amatustra.de\/fotografie\/videografie\/first-look_hochzeitsfilm_hochzeitsfeiervideo\/#primaryimage"},"thumbnailUrl":"http:\/\/amatustra.de\/fotografie\/wp-content\/uploads\/TB_Gleislauf_1_400.jpg","datePublished":"2014-01-17T10:32:11+00:00","dateModified":"2017-02-28T14:07:29+00:00","description":"Das Video zur Feier. Ob Liebeserkl\u00e4rung oder \u201emagische\u201c Orte. Ob Gesang (Musikvideo) oder eingebette Sprache. Ihr produziert mit uns ein Video zur Feier.","breadcrumb":{"@id":"http:\/\/www.amatustra.de\/fotografie\/videografie\/first-look_hochzeitsfilm_hochzeitsfeiervideo\/#breadcrumb"},"inLanguage":"de","potentialAction":[{"@type":"ReadAction","target":["http:\/\/www.amatustra.de\/fotografie\/videografie\/first-look_hochzeitsfilm_hochzeitsfeiervideo\/"]}]},{"@type":"ImageObject","inLanguage":"de","@id":"http:\/\/www.amatustra.de\/fotografie\/videografie\/first-look_hochzeitsfilm_hochzeitsfeiervideo\/#primaryimage","url":"http:\/\/amatustra.de\/fotografie\/wp-content\/uploads\/TB_Gleislauf_1_400.jpg","contentUrl":"http:\/\/amatustra.de\/fotografie\/wp-content\/uploads\/TB_Gleislauf_1_400.jpg"},{"@type":"BreadcrumbList","@id":"http:\/\/www.amatustra.de\/fotografie\/videografie\/first-look_hochzeitsfilm_hochzeitsfeiervideo\/#breadcrumb","itemListElement":[{"@type":"ListItem","position":1,"name":"Startseite","item":"http:\/\/www.amatustra.de\/fotografie\/"},{"@type":"ListItem","position":2,"name":"Video","item":"http:\/\/www.amatustra.de\/fotografie\/videografie\/"},{"@type":"ListItem","position":3,"name":"First Look"}]},{"@type":"WebSite","@id":"http:\/\/www.amatustra.de\/fotografie\/#website","url":"http:\/\/www.amatustra.de\/fotografie\/","name":"amatustra fotografie |&nbsp;Hochzeitsfotografen &bull;&nbsp;Hochzeitsfilm &bull; Schwangerschaft-, Baby-, Kinder-, Familienfotos &bull;&nbsp;Event- und gewerbliche Fotografie","description":"","publisher":{"@id":"http:\/\/www.amatustra.de\/fotografie\/#organization"},"potentialAction":[{"@type":"SearchAction","target":{"@type":"EntryPoint","urlTemplate":"http:\/\/www.amatustra.de\/fotografie\/?s={search_term_string}"},"query-input":{"@type":"PropertyValueSpecification","valueRequired":true,"valueName":"search_term_string"}}],"inLanguage":"de"},{"@type":"Organization","@id":"http:\/\/www.amatustra.de\/fotografie\/#organization","name":"amatustra - strickroth & fiege fotografie","url":"http:\/\/www.amatustra.de\/fotografie\/","logo":{"@type":"ImageObject","inLanguage":"de","@id":"http:\/\/www.amatustra.de\/fotografie\/#\/schema\/logo\/image\/","url":"http:\/\/www.amatustra.de\/fotografie\/wp-content\/uploads\/amatustra_fotografie_Logo__black_1338x412px.png","contentUrl":"http:\/\/www.amatustra.de\/fotografie\/wp-content\/uploads\/amatustra_fotografie_Logo__black_1338x412px.png","width":1338,"height":412,"caption":"amatustra - strickroth & fiege fotografie"},"image":{"@id":"http:\/\/www.amatustra.de\/fotografie\/#\/schema\/logo\/image\/"},"sameAs":["https:\/\/www.facebook.com\/amatustra","https:\/\/de.pinterest.com\/amatustra\/","https:\/\/www.youtube.com\/user\/agency22"]}]}},"_links":{"self":[{"href":"http:\/\/www.amatustra.de\/fotografie\/wp-json\/wp\/v2\/pages\/1536","targetHints":{"allow":["GET"]}}],"collection":[{"href":"http:\/\/www.amatustra.de\/fotografie\/wp-json\/wp\/v2\/pages"}],"about":[{"href":"http:\/\/www.amatustra.de\/fotografie\/wp-json\/wp\/v2\/types\/page"}],"author":[{"embeddable":true,"href":"http:\/\/www.amatustra.de\/fotografie\/wp-json\/wp\/v2\/users\/1"}],"replies":[{"embeddable":true,"href":"http:\/\/www.amatustra.de\/fotografie\/wp-json\/wp\/v2\/comments?post=1536"}],"version-history":[{"count":24,"href":"http:\/\/www.amatustra.de\/fotografie\/wp-json\/wp\/v2\/pages\/1536\/revisions"}],"predecessor-version":[{"id":5187,"href":"http:\/\/www.amatustra.de\/fotografie\/wp-json\/wp\/v2\/pages\/1536\/revisions\/5187"}],"up":[{"embeddable":true,"href":"http:\/\/www.amatustra.de\/fotografie\/wp-json\/wp\/v2\/pages\/135"}],"wp:attachment":[{"href":"http:\/\/www.amatustra.de\/fotografie\/wp-json\/wp\/v2\/media?parent=1536"}],"curies":[{"name":"wp","href":"https:\/\/api.w.org\/{rel}","templated":true}]}}